{"id":2724,"date":"2022-02-17T14:41:15","date_gmt":"2022-02-17T14:41:15","guid":{"rendered":"http:\/\/nhmr.nl\/iveco-fpt\/"},"modified":"2025-11-13T14:31:30","modified_gmt":"2025-11-13T14:31:30","slug":"iveco-fpt","status":"publish","type":"page","link":"https:\/\/nhmr.nl\/de\/haendler\/iveco-fpt\/","title":{"rendered":"Iveco-FPT"},"content":{"rendered":"\t\t<div data-elementor-type=\"wp-page\" data-elementor-id=\"2724\" class=\"elementor elementor-2724 elementor-1565\" data-elementor-post-type=\"page\">\n\t\t\t\t\t\t<section class=\"elementor-section elementor-top-section elementor-element elementor-element-9422f26 tstk-bg-color-yes tstk-elementor-bg-color-white elementor-section-stretched tstk-col-stretched-none tstk-bg-color-over-image elementor-section-boxed elementor-section-height-default elementor-section-height-default\" data-id=\"9422f26\" data-element_type=\"section\" data-e-type=\"section\" data-settings=\"{&quot;stretch_section&quot;:&quot;section-stretched&quot;,&quot;background_background&quot;:&quot;classic&quot;}\">\n\t\t\t\t\t\t\t<div class=\"elementor-background-overlay\"><\/div>\n\t\t\t\t\t\t\t<div class=\"elementor-container elementor-column-gap-no\">\n\t\t\t\t\t<div class=\"elementor-column elementor-col-100 elementor-top-column elementor-element elementor-element-e3676bd tstk-bg-color-over-image\" data-id=\"e3676bd\" data-element_type=\"column\" data-e-type=\"column\" data-settings=\"{&quot;background_background&quot;:&quot;classic&quot;}\">\n\t\t\t<div class=\"elementor-widget-wrap elementor-element-populated\">\n\t\t\t\t\t\t<div class=\"elementor-element elementor-element-f4f1b50 tstk-align-left elementor-widget elementor-widget-tstk_heading\" data-id=\"f4f1b50\" data-element_type=\"widget\" data-e-type=\"widget\" data-widget_type=\"tstk_heading.default\">\n\t\t\t\t<div class=\"elementor-widget-container\">\n\t\t\t\t\t\t<div class=\"tstk-heading-subheading left-align tstk-reverse-heading-yes\"><h4 class=\"tstk-element-subtitle\">\r\n\t\t\t\r\n\t\t\t\tDealerschappen\r\n\t\t\t\r\n\t\t\t<\/h4>\r\n\t\t<h2 class=\"tstk-element-title\">\r\n\t\t\t\r\n\t\t\t\tIveco-FPT\r\n\t\t\t\r\n\t\t\t<\/h2>\r\n\t\t<\/div>\t\t\t\t<\/div>\n\t\t\t\t<\/div>\n\t\t\t\t<div class=\"elementor-element elementor-element-7cac20d elementor-widget elementor-widget-text-editor\" data-id=\"7cac20d\" data-element_type=\"widget\" data-e-type=\"widget\" data-widget_type=\"text-editor.default\">\n\t\t\t\t<div class=\"elementor-widget-container\">\n\t\t\t\t\t\t\t\t\t<p>Noordhollandse Motorenrevisie ist seit 1991 aktiver H\u00e4ndler von FPT-IVECO MOTORS.<br \/>Dieser fortschrittliche Motorenhersteller mit einem breiten Programm f\u00fcr Automobil-, Marine-, Industrie- und Stromaggregatanwendungen ist Teil der CNH-i-Gruppe (einschlie\u00dflich Fiat, Iveco, CNH, New Holland, Kobelco).<\/p>\n<p>FPT-IVECO hat eine Reihe von Motoren mit einem Hubraum von 3,2 Liter bis 16 Liter, die mit Abgaszertifikaten StageIIIA (Tier3), StageIIIB (Tier4i) oder StageIV (Tier4) erh\u00e4ltlich sind.<\/p>\n<p>NHMR verkauft Motoren sowohl f\u00fcr den Austausch als auch f\u00fcr den Neubau. Dank eines enormen Vorrats an neuen, \u00fcberholten (Austausch-)Motoren und Teilen garantieren wir eine schnelle Lieferung. Auf unserer Website finden Sie alle Informationen zu unseren Produkten und Ersatzteilen.<\/p>\n\t\t\t\t\t\t\t\t<\/div>\n\t\t\t\t<\/div>\n\t\t\t\t<div class=\"elementor-section elementor-inner-section elementor-element elementor-element-04bfcf1 tstk-col-stretched-none tstk-bg-color-over-image elementor-section-boxed elementor-section-height-default elementor-section-height-default\" data-id=\"04bfcf1\" data-element_type=\"section\" data-e-type=\"section\">\n\t\t\t\t\t\t<div class=\"elementor-container elementor-column-gap-no\">\n\t\t\t\t\t<div class=\"elementor-column elementor-col-33 elementor-inner-column elementor-element elementor-element-059fb0f tstk-bg-color-over-image\" data-id=\"059fb0f\" data-element_type=\"column\" data-e-type=\"column\" data-settings=\"{&quot;background_background&quot;:&quot;classic&quot;}\">\n\t\t\t<div class=\"elementor-widget-wrap elementor-element-populated\">\n\t\t\t\t\t\t<div class=\"elementor-element elementor-element-257ce84 elementor-widget elementor-widget-image\" data-id=\"257ce84\" data-element_type=\"widget\" data-e-type=\"widget\" data-widget_type=\"image.default\">\n\t\t\t\t<div class=\"elementor-widget-container\">\n\t\t\t\t\t\t\t\t\t\t\t\t\t\t\t<img decoding=\"async\" src=\"https:\/\/nhmr.nl\/wp-content\/uploads\/elementor\/thumbs\/F1A-q6k2ghayr3megwpz3psbg5ixfok8ls6rgxcz5f8ax0.jpeg\" title=\"F1A\" alt=\"FPT Motor\" loading=\"lazy\" \/>\t\t\t\t\t\t\t\t\t\t\t\t\t\t\t<\/div>\n\t\t\t\t<\/div>\n\t\t\t\t<div class=\"elementor-element elementor-element-a93a131 elementor-widget elementor-widget-heading\" data-id=\"a93a131\" data-element_type=\"widget\" data-e-type=\"widget\" data-widget_type=\"heading.default\">\n\t\t\t\t<div class=\"elementor-widget-container\">\n\t\t\t\t\t<h3 class=\"elementor-heading-title elementor-size-default\">unterwegs<\/h3>\t\t\t\t<\/div>\n\t\t\t\t<\/div>\n\t\t\t\t<div class=\"elementor-element elementor-element-26ec275 elementor-widget elementor-widget-text-editor\" data-id=\"26ec275\" data-element_type=\"widget\" data-e-type=\"widget\" data-widget_type=\"text-editor.default\">\n\t\t\t\t<div class=\"elementor-widget-container\">\n\t\t\t\t\t\t\t\t\t<p>Die \u201eOn Road\u201c-Motoren werden in <span style=\"text-decoration: underline;\"><a href=\"https:\/\/www.fptindustrial.com\/en\/engines\/Onroad\/Light-Commercial-Vehicles\">LCVs<\/a><\/span> , <span style=\"text-decoration: underline;\"><a href=\"https:\/\/www.fptindustrial.com\/global\/en\/engines\/on-road\/trucks\">Trucks<\/a><\/span> und <span style=\"text-decoration: underline;\"><a href=\"https:\/\/www.fptindustrial.com\/en\/engines\/Onroad\/Buses\">Busse<\/a><\/span> unterteilt.<\/p>\t\t\t\t\t\t\t\t<\/div>\n\t\t\t\t<\/div>\n\t\t\t\t<div class=\"elementor-element elementor-element-4bc9df8 tstk-btn-shape-round elementor-align-center tstk-btn-color-globalcolor tstk-btn-style-flat elementor-widget elementor-widget-button\" data-id=\"4bc9df8\" data-element_type=\"widget\" data-e-type=\"widget\" data-widget_type=\"button.default\">\n\t\t\t\t<div class=\"elementor-widget-container\">\n\t\t\t\t\t\t\t\t\t<div class=\"elementor-button-wrapper\">\n\t\t\t\t\t<a class=\"elementor-button elementor-button-link elementor-size-sm\" href=\"https:\/\/www.fptindustrial.com\/en\/Find-Your-Product\" target=\"_blank\">\n\t\t\t\t\t\t<span class=\"elementor-button-content-wrapper\">\n\t\t\t\t\t\t\t\t\t<span class=\"elementor-button-text\">Finden Sie Ihr Motor<\/span>\n\t\t\t\t\t<\/span>\n\t\t\t\t\t<\/a>\n\t\t\t\t<\/div>\n\t\t\t\t\t\t\t\t<\/div>\n\t\t\t\t<\/div>\n\t\t\t\t\t<\/div>\n\t\t<\/div>\n\t\t\t\t<div class=\"elementor-column elementor-col-33 elementor-inner-column elementor-element elementor-element-017554d tstk-bg-color-over-image\" data-id=\"017554d\" data-element_type=\"column\" data-e-type=\"column\" data-settings=\"{&quot;background_background&quot;:&quot;classic&quot;}\">\n\t\t\t<div class=\"elementor-widget-wrap elementor-element-populated\">\n\t\t\t\t\t\t<div class=\"elementor-element elementor-element-8639719 elementor-widget elementor-widget-image\" data-id=\"8639719\" data-element_type=\"widget\" data-e-type=\"widget\" data-widget_type=\"image.default\">\n\t\t\t\t<div class=\"elementor-widget-container\">\n\t\t\t\t\t\t\t\t\t\t\t\t\t\t\t<img decoding=\"async\" src=\"https:\/\/nhmr.nl\/wp-content\/uploads\/elementor\/thumbs\/AG_HUB_F34-q6k2gj6n4roz44n8sqlkl51umgaz16e856ny3z5ikk.jpeg\" title=\"AG_HUB_F34\" alt=\"FPT Motor\" loading=\"lazy\" \/>\t\t\t\t\t\t\t\t\t\t\t\t\t\t\t<\/div>\n\t\t\t\t<\/div>\n\t\t\t\t<div class=\"elementor-element elementor-element-b6017c6 elementor-widget elementor-widget-heading\" data-id=\"b6017c6\" data-element_type=\"widget\" data-e-type=\"widget\" data-widget_type=\"heading.default\">\n\t\t\t\t<div class=\"elementor-widget-container\">\n\t\t\t\t\t<h3 class=\"elementor-heading-title elementor-size-default\">abseits der Stra\u00dfe<\/h3>\t\t\t\t<\/div>\n\t\t\t\t<\/div>\n\t\t\t\t<div class=\"elementor-element elementor-element-c9f30df elementor-widget elementor-widget-text-editor\" data-id=\"c9f30df\" data-element_type=\"widget\" data-e-type=\"widget\" data-widget_type=\"text-editor.default\">\n\t\t\t\t<div class=\"elementor-widget-container\">\n\t\t\t\t\t\t\t\t\t<p>Die &#8218;Offroad&#8216;-Motoren sind in <span style=\"text-decoration: underline;\"><a href=\"https:\/\/www.fptindustrial.com\/en\/engines\/Off-Road\/Agricultural\">Landwirtschafts-<\/a><\/span> , <span style=\"text-decoration: underline;\"><a href=\"https:\/\/www.fptindustrial.com\/en\/engines\/Off-Road\/Construction\">Bau-<\/a><\/span> und <span style=\"text-decoration: underline;\"><a href=\"https:\/\/www.fptindustrial.com\/en\/engines\/Off-Road\/IPU\">Stromquellen<\/a><\/span> unterteilt.<\/p>\t\t\t\t\t\t\t\t<\/div>\n\t\t\t\t<\/div>\n\t\t\t\t<div class=\"elementor-element elementor-element-acca62d tstk-btn-shape-round elementor-align-center tstk-btn-color-globalcolor tstk-btn-style-flat elementor-widget elementor-widget-button\" data-id=\"acca62d\" data-element_type=\"widget\" data-e-type=\"widget\" data-widget_type=\"button.default\">\n\t\t\t\t<div class=\"elementor-widget-container\">\n\t\t\t\t\t\t\t\t\t<div class=\"elementor-button-wrapper\">\n\t\t\t\t\t<a class=\"elementor-button elementor-button-link elementor-size-sm\" href=\"https:\/\/www.fptindustrial.com\/en\/Find-Your-Product\" target=\"_blank\">\n\t\t\t\t\t\t<span class=\"elementor-button-content-wrapper\">\n\t\t\t\t\t\t\t\t\t<span class=\"elementor-button-text\">Finden Sie Ihr Motor<\/span>\n\t\t\t\t\t<\/span>\n\t\t\t\t\t<\/a>\n\t\t\t\t<\/div>\n\t\t\t\t\t\t\t\t<\/div>\n\t\t\t\t<\/div>\n\t\t\t\t\t<\/div>\n\t\t<\/div>\n\t\t\t\t<div class=\"elementor-column elementor-col-33 elementor-inner-column elementor-element elementor-element-74a7466 tstk-bg-color-over-image\" data-id=\"74a7466\" data-element_type=\"column\" data-e-type=\"column\" data-settings=\"{&quot;background_background&quot;:&quot;classic&quot;}\">\n\t\t\t<div class=\"elementor-widget-wrap elementor-element-populated\">\n\t\t\t\t\t\t<div class=\"elementor-element elementor-element-530d8f5 elementor-widget elementor-widget-image\" data-id=\"530d8f5\" data-element_type=\"widget\" data-e-type=\"widget\" data-widget_type=\"image.default\">\n\t\t\t\t<div class=\"elementor-widget-container\">\n\t\t\t\t\t\t\t\t\t\t\t\t\t\t\t<img decoding=\"async\" src=\"https:\/\/nhmr.nl\/wp-content\/uploads\/elementor\/thumbs\/F1_S30_230-q6k2gl2bifrjrckihretq4krt81pgklotfyx2j2q84.jpeg\" title=\"F1_S30_230\" alt=\"FPT Motor\" loading=\"lazy\" \/>\t\t\t\t\t\t\t\t\t\t\t\t\t\t\t<\/div>\n\t\t\t\t<\/div>\n\t\t\t\t<div class=\"elementor-element elementor-element-3f6f8a3 elementor-widget elementor-widget-heading\" data-id=\"3f6f8a3\" data-element_type=\"widget\" data-e-type=\"widget\" data-widget_type=\"heading.default\">\n\t\t\t\t<div class=\"elementor-widget-container\">\n\t\t\t\t\t<h3 class=\"elementor-heading-title elementor-size-default\">Marine<\/h3>\t\t\t\t<\/div>\n\t\t\t\t<\/div>\n\t\t\t\t<div class=\"elementor-element elementor-element-4c7e0a4 elementor-widget elementor-widget-text-editor\" data-id=\"4c7e0a4\" data-element_type=\"widget\" data-e-type=\"widget\" data-widget_type=\"text-editor.default\">\n\t\t\t\t<div class=\"elementor-widget-container\">\n\t\t\t\t\t\t\t\t\t<p>Die \u201eMarine\u201c-Motoren werden in <span style=\"text-decoration: underline;\"><a href=\"https:\/\/www.fptindustrial.com\/en\/engines\/Marine\/Commercial\">Handels-<\/a><\/span> und <span style=\"text-decoration: underline;\"><a href=\"https:\/\/www.fptindustrial.com\/en\/engines\/Marine\/Pleasure\">Sportboote<\/a><\/span> unterteilt.<\/p>\t\t\t\t\t\t\t\t<\/div>\n\t\t\t\t<\/div>\n\t\t\t\t<div class=\"elementor-element elementor-element-f1f3fdd tstk-btn-shape-round elementor-align-center tstk-btn-color-globalcolor tstk-btn-style-flat elementor-widget elementor-widget-button\" data-id=\"f1f3fdd\" data-element_type=\"widget\" data-e-type=\"widget\" data-widget_type=\"button.default\">\n\t\t\t\t<div class=\"elementor-widget-container\">\n\t\t\t\t\t\t\t\t\t<div class=\"elementor-button-wrapper\">\n\t\t\t\t\t<a class=\"elementor-button elementor-button-link elementor-size-sm\" href=\"https:\/\/www.fptindustrial.com\/en\/Find-Your-Product\" target=\"_blank\">\n\t\t\t\t\t\t<span class=\"elementor-button-content-wrapper\">\n\t\t\t\t\t\t\t\t\t<span class=\"elementor-button-text\">Finden Sie Ihr Motor<\/span>\n\t\t\t\t\t<\/span>\n\t\t\t\t\t<\/a>\n\t\t\t\t<\/div>\n\t\t\t\t\t\t\t\t<\/div>\n\t\t\t\t<\/div>\n\t\t\t\t\t<\/div>\n\t\t<\/div>\n\t\t\t\t\t<\/div>\n\t\t<\/div>\n\t\t\t\t\t<\/div>\n\t\t<\/div>\n\t\t\t\t\t<\/div>\n\t\t<\/section>\n\t\t\t\t<\/div>\n\t\t","protected":false},"excerpt":{"rendered":"<p>Dealerschappen Iveco-FPT Noordhollandse Motorenrevisie ist seit 1991 aktiver H\u00e4ndler von FPT-IVECO MOTORS.Dieser fortschrittliche Motorenhersteller mit einem breiten Programm f\u00fcr Automobil-, Marine-, Industrie- und Stromaggregatanwendungen ist Teil der CNH-i-Gruppe (einschlie\u00dflich Fiat, Iveco, CNH, New Holland, Kobelco). FPT-IVECO hat eine Reihe von Motoren mit einem Hubraum von 3,2 Liter bis 16 Liter, die mit Abgaszertifikaten StageIIIA (Tier3), StageIIIB (Tier4i) oder StageIV (Tier4) erh\u00e4ltlich sind. NHMR verkauft Motoren sowohl f\u00fcr den Austausch als[&hellip;]<\/p>\n","protected":false},"author":1,"featured_media":0,"parent":2792,"menu_order":0,"comment_status":"closed","ping_status":"closed","template":"elementor_header_footer","meta":{"_acf_changed":false,"footnotes":""},"class_list":["post-2724","page","type-page","status-publish","hentry"],"acf":[],"yoast_head":"<!-- This site is optimized with the Yoast SEO plugin v27.4 - https:\/\/yoast.com\/product\/yoast-seo-wordpress\/ -->\n<title>Iveco-FPT - NHMR<\/title>\n<meta name=\"description\" content=\"Noordhollandse Motorenrevisie ist seit 1991 aktiver H\u00e4ndler von FPT-IVECO MOTORS. Hier finden Sie weitere Informationen zu den Produkten.\" \/>\n<meta name=\"robots\" content=\"index, follow, max-snippet:-1, max-image-preview:large, max-video-preview:-1\" \/>\n<link rel=\"canonical\" href=\"https:\/\/nhmr.nl\/dealerschappen\/fpt-motoren\/\" \/>\n<meta property=\"og:locale\" content=\"de_DE\" \/>\n<meta property=\"og:type\" content=\"article\" \/>\n<meta property=\"og:title\" content=\"Iveco-FPT - NHMR\" \/>\n<meta property=\"og:description\" content=\"Noordhollandse Motorenrevisie ist seit 1991 aktiver H\u00e4ndler von FPT-IVECO MOTORS. Hier finden Sie weitere Informationen zu den Produkten.\" \/>\n<meta property=\"og:url\" content=\"https:\/\/nhmr.nl\/dealerschappen\/fpt-motoren\/\" \/>\n<meta property=\"og:site_name\" content=\"NHMR\" \/>\n<meta property=\"article:modified_time\" content=\"2025-11-13T14:31:30+00:00\" \/>\n<meta property=\"og:image\" content=\"https:\/\/nhmr.nl\/wp-content\/uploads\/elementor\/thumbs\/F1A-q6k2ghayr3megwpz3psbg5ixfok8ls6rgxcz5f8ax0.jpeg\" \/>\n<meta name=\"twitter:card\" content=\"summary_large_image\" \/>\n<meta name=\"twitter:label1\" content=\"Gesch\u00e4tzte Lesezeit\" \/>\n\t<meta name=\"twitter:data1\" content=\"2\u00a0Minuten\" \/>\n<script type=\"application\/ld+json\" class=\"yoast-schema-graph\">{\"@context\":\"https:\\\/\\\/schema.org\",\"@graph\":[{\"@type\":\"WebPage\",\"@id\":\"https:\\\/\\\/nhmr.nl\\\/dealerschappen\\\/fpt-motoren\\\/\",\"url\":\"https:\\\/\\\/nhmr.nl\\\/dealerschappen\\\/fpt-motoren\\\/\",\"name\":\"Iveco-FPT - NHMR\",\"isPartOf\":{\"@id\":\"https:\\\/\\\/nhmr.nl\\\/#website\"},\"primaryImageOfPage\":{\"@id\":\"https:\\\/\\\/nhmr.nl\\\/dealerschappen\\\/fpt-motoren\\\/#primaryimage\"},\"image\":{\"@id\":\"https:\\\/\\\/nhmr.nl\\\/dealerschappen\\\/fpt-motoren\\\/#primaryimage\"},\"thumbnailUrl\":\"https:\\\/\\\/nhmr.nl\\\/wp-content\\\/uploads\\\/elementor\\\/thumbs\\\/F1A-q6k2ghayr3megwpz3psbg5ixfok8ls6rgxcz5f8ax0.jpeg\",\"datePublished\":\"2022-02-17T14:41:15+00:00\",\"dateModified\":\"2025-11-13T14:31:30+00:00\",\"description\":\"Noordhollandse Motorenrevisie ist seit 1991 aktiver H\u00e4ndler von FPT-IVECO MOTORS. Hier finden Sie weitere Informationen zu den Produkten.\",\"breadcrumb\":{\"@id\":\"https:\\\/\\\/nhmr.nl\\\/dealerschappen\\\/fpt-motoren\\\/#breadcrumb\"},\"inLanguage\":\"de\",\"potentialAction\":[{\"@type\":\"ReadAction\",\"target\":[\"https:\\\/\\\/nhmr.nl\\\/dealerschappen\\\/fpt-motoren\\\/\"]}]},{\"@type\":\"ImageObject\",\"inLanguage\":\"de\",\"@id\":\"https:\\\/\\\/nhmr.nl\\\/dealerschappen\\\/fpt-motoren\\\/#primaryimage\",\"url\":\"https:\\\/\\\/nhmr.nl\\\/wp-content\\\/uploads\\\/elementor\\\/thumbs\\\/F1A-q6k2ghayr3megwpz3psbg5ixfok8ls6rgxcz5f8ax0.jpeg\",\"contentUrl\":\"https:\\\/\\\/nhmr.nl\\\/wp-content\\\/uploads\\\/elementor\\\/thumbs\\\/F1A-q6k2ghayr3megwpz3psbg5ixfok8ls6rgxcz5f8ax0.jpeg\"},{\"@type\":\"BreadcrumbList\",\"@id\":\"https:\\\/\\\/nhmr.nl\\\/dealerschappen\\\/fpt-motoren\\\/#breadcrumb\",\"itemListElement\":[{\"@type\":\"ListItem\",\"position\":1,\"name\":\"Home\",\"item\":\"https:\\\/\\\/nhmr.nl\\\/de\\\/startseite\\\/\"},{\"@type\":\"ListItem\",\"position\":2,\"name\":\"H\u00e4ndler\",\"item\":\"https:\\\/\\\/nhmr.nl\\\/en\\\/dealerships\\\/\"},{\"@type\":\"ListItem\",\"position\":3,\"name\":\"Iveco-FPT\"}]},{\"@type\":\"WebSite\",\"@id\":\"https:\\\/\\\/nhmr.nl\\\/#website\",\"url\":\"https:\\\/\\\/nhmr.nl\\\/\",\"name\":\"NHMR\",\"description\":\"Noord Hollandse Motoren Revisie\",\"potentialAction\":[{\"@type\":\"SearchAction\",\"target\":{\"@type\":\"EntryPoint\",\"urlTemplate\":\"https:\\\/\\\/nhmr.nl\\\/?s={search_term_string}\"},\"query-input\":{\"@type\":\"PropertyValueSpecification\",\"valueRequired\":true,\"valueName\":\"search_term_string\"}}],\"inLanguage\":\"de\"}]}<\/script>\n<!-- \/ Yoast SEO plugin. -->","yoast_head_json":{"title":"Iveco-FPT - NHMR","description":"Noordhollandse Motorenrevisie ist seit 1991 aktiver H\u00e4ndler von FPT-IVECO MOTORS. Hier finden Sie weitere Informationen zu den Produkten.","robots":{"index":"index","follow":"follow","max-snippet":"max-snippet:-1","max-image-preview":"max-image-preview:large","max-video-preview":"max-video-preview:-1"},"canonical":"https:\/\/nhmr.nl\/dealerschappen\/fpt-motoren\/","og_locale":"de_DE","og_type":"article","og_title":"Iveco-FPT - NHMR","og_description":"Noordhollandse Motorenrevisie ist seit 1991 aktiver H\u00e4ndler von FPT-IVECO MOTORS. Hier finden Sie weitere Informationen zu den Produkten.","og_url":"https:\/\/nhmr.nl\/dealerschappen\/fpt-motoren\/","og_site_name":"NHMR","article_modified_time":"2025-11-13T14:31:30+00:00","og_image":[{"url":"https:\/\/nhmr.nl\/wp-content\/uploads\/elementor\/thumbs\/F1A-q6k2ghayr3megwpz3psbg5ixfok8ls6rgxcz5f8ax0.jpeg","type":"","width":"","height":""}],"twitter_card":"summary_large_image","twitter_misc":{"Gesch\u00e4tzte Lesezeit":"2\u00a0Minuten"},"schema":{"@context":"https:\/\/schema.org","@graph":[{"@type":"WebPage","@id":"https:\/\/nhmr.nl\/dealerschappen\/fpt-motoren\/","url":"https:\/\/nhmr.nl\/dealerschappen\/fpt-motoren\/","name":"Iveco-FPT - NHMR","isPartOf":{"@id":"https:\/\/nhmr.nl\/#website"},"primaryImageOfPage":{"@id":"https:\/\/nhmr.nl\/dealerschappen\/fpt-motoren\/#primaryimage"},"image":{"@id":"https:\/\/nhmr.nl\/dealerschappen\/fpt-motoren\/#primaryimage"},"thumbnailUrl":"https:\/\/nhmr.nl\/wp-content\/uploads\/elementor\/thumbs\/F1A-q6k2ghayr3megwpz3psbg5ixfok8ls6rgxcz5f8ax0.jpeg","datePublished":"2022-02-17T14:41:15+00:00","dateModified":"2025-11-13T14:31:30+00:00","description":"Noordhollandse Motorenrevisie ist seit 1991 aktiver H\u00e4ndler von FPT-IVECO MOTORS. Hier finden Sie weitere Informationen zu den Produkten.","breadcrumb":{"@id":"https:\/\/nhmr.nl\/dealerschappen\/fpt-motoren\/#breadcrumb"},"inLanguage":"de","potentialAction":[{"@type":"ReadAction","target":["https:\/\/nhmr.nl\/dealerschappen\/fpt-motoren\/"]}]},{"@type":"ImageObject","inLanguage":"de","@id":"https:\/\/nhmr.nl\/dealerschappen\/fpt-motoren\/#primaryimage","url":"https:\/\/nhmr.nl\/wp-content\/uploads\/elementor\/thumbs\/F1A-q6k2ghayr3megwpz3psbg5ixfok8ls6rgxcz5f8ax0.jpeg","contentUrl":"https:\/\/nhmr.nl\/wp-content\/uploads\/elementor\/thumbs\/F1A-q6k2ghayr3megwpz3psbg5ixfok8ls6rgxcz5f8ax0.jpeg"},{"@type":"BreadcrumbList","@id":"https:\/\/nhmr.nl\/dealerschappen\/fpt-motoren\/#breadcrumb","itemListElement":[{"@type":"ListItem","position":1,"name":"Home","item":"https:\/\/nhmr.nl\/de\/startseite\/"},{"@type":"ListItem","position":2,"name":"H\u00e4ndler","item":"https:\/\/nhmr.nl\/en\/dealerships\/"},{"@type":"ListItem","position":3,"name":"Iveco-FPT"}]},{"@type":"WebSite","@id":"https:\/\/nhmr.nl\/#website","url":"https:\/\/nhmr.nl\/","name":"NHMR","description":"Noord Hollandse Motoren Revisie","potentialAction":[{"@type":"SearchAction","target":{"@type":"EntryPoint","urlTemplate":"https:\/\/nhmr.nl\/?s={search_term_string}"},"query-input":{"@type":"PropertyValueSpecification","valueRequired":true,"valueName":"search_term_string"}}],"inLanguage":"de"}]}},"_links":{"self":[{"href":"https:\/\/nhmr.nl\/de\/wp-json\/wp\/v2\/pages\/2724","targetHints":{"allow":["GET"]}}],"collection":[{"href":"https:\/\/nhmr.nl\/de\/wp-json\/wp\/v2\/pages"}],"about":[{"href":"https:\/\/nhmr.nl\/de\/wp-json\/wp\/v2\/types\/page"}],"author":[{"embeddable":true,"href":"https:\/\/nhmr.nl\/de\/wp-json\/wp\/v2\/users\/1"}],"replies":[{"embeddable":true,"href":"https:\/\/nhmr.nl\/de\/wp-json\/wp\/v2\/comments?post=2724"}],"version-history":[{"count":0,"href":"https:\/\/nhmr.nl\/de\/wp-json\/wp\/v2\/pages\/2724\/revisions"}],"up":[{"embeddable":true,"href":"https:\/\/nhmr.nl\/de\/wp-json\/wp\/v2\/pages\/2792"}],"wp:attachment":[{"href":"https:\/\/nhmr.nl\/de\/wp-json\/wp\/v2\/media?parent=2724"}],"curies":[{"name":"wp","href":"https:\/\/api.w.org\/{rel}","templated":true}]}}