{"id":2740,"date":"2022-02-17T14:41:19","date_gmt":"2022-02-17T14:41:19","guid":{"rendered":"http:\/\/nhmr.nl\/haeufig-gestellte-fragen\/"},"modified":"2022-02-24T16:40:00","modified_gmt":"2022-02-24T16:40:00","slug":"haeufig-gestellte-fragen","status":"publish","type":"page","link":"https:\/\/nhmr.nl\/de\/haeufig-gestellte-fragen\/","title":{"rendered":"H\u00e4ufig gestellte Fragen"},"content":{"rendered":"\t\t<div data-elementor-type=\"wp-page\" data-elementor-id=\"2740\" class=\"elementor elementor-2740 elementor-54\" data-elementor-post-type=\"page\">\n\t\t\t\t\t\t<section class=\"elementor-section elementor-top-section elementor-element elementor-element-cd10085 tstk-bg-color-yes tstk-elementor-bg-color-white tstk-col-stretched-none tstk-bg-color-over-image elementor-section-boxed elementor-section-height-default elementor-section-height-default\" data-id=\"cd10085\" data-element_type=\"section\" data-e-type=\"section\">\n\t\t\t\t\t\t<div class=\"elementor-container elementor-column-gap-no\">\n\t\t\t\t\t<div class=\"elementor-column elementor-col-100 elementor-top-column elementor-element elementor-element-e015cf6 tstk-bg-color-over-image\" data-id=\"e015cf6\" data-element_type=\"column\" data-e-type=\"column\">\n\t\t\t<div class=\"elementor-widget-wrap elementor-element-populated\">\n\t\t\t\t\t\t<div class=\"elementor-element elementor-element-3d43ba2 tstk-align-center elementor-widget elementor-widget-tstk_heading\" data-id=\"3d43ba2\" data-element_type=\"widget\" data-e-type=\"widget\" data-widget_type=\"tstk_heading.default\">\n\t\t\t\t<div class=\"elementor-widget-container\">\n\t\t\t\t\t\t<div class=\"tstk-heading-subheading center-align tstk-reverse-heading-yes\"><h4 class=\"tstk-element-subtitle\">\r\n\t\t\t\r\n\t\t\t\tFAQ\r\n\t\t\t\r\n\t\t\t<\/h4>\r\n\t\t<h2 class=\"tstk-element-title\">\r\n\t\t\t\r\n\t\t\t\tH\u00e4ufig gestellte Fragen\n\r\n\t\t\t\r\n\t\t\t<\/h2>\r\n\t\t<div class=\"tstk-heading-desc\">Hier finden Sie die Antworten auf die am h\u00e4ufigsten gestellten Fragen. Ist Ihre Frage nicht aufgef\u00fchrt? F\u00fcllen Sie das Kontaktformular aus.\n<\/div><\/div>\t\t\t\t<\/div>\n\t\t\t\t<\/div>\n\t\t\t\t<div class=\"elementor-section elementor-inner-section elementor-element elementor-element-39a6f1c tstk-col-stretched-none tstk-bg-color-over-image elementor-section-boxed elementor-section-height-default elementor-section-height-default\" data-id=\"39a6f1c\" data-element_type=\"section\" data-e-type=\"section\">\n\t\t\t\t\t\t<div class=\"elementor-container elementor-column-gap-no\">\n\t\t\t\t\t<div class=\"elementor-column elementor-col-50 elementor-inner-column elementor-element elementor-element-a391334 tstk-bg-color-over-image\" data-id=\"a391334\" data-element_type=\"column\" data-e-type=\"column\">\n\t\t\t<div class=\"elementor-widget-wrap elementor-element-populated\">\n\t\t\t\t\t\t<div class=\"elementor-element elementor-element-8eb9542 themestek-accordion-number tstk-accordion-style-1 elementor-widget elementor-widget-accordion\" data-id=\"8eb9542\" data-element_type=\"widget\" data-e-type=\"widget\" data-widget_type=\"accordion.default\">\n\t\t\t\t<div class=\"elementor-widget-container\">\n\t\t\t\t\t\t\t<div class=\"elementor-accordion\">\n\t\t\t\t\t\t\t<div class=\"elementor-accordion-item\">\n\t\t\t\t\t<div id=\"elementor-tab-title-1491\" class=\"elementor-tab-title\" data-tab=\"1\" role=\"button\" aria-controls=\"elementor-tab-content-1491\" aria-expanded=\"false\">\n\t\t\t\t\t\t\t\t\t\t\t\t<a class=\"elementor-accordion-title\" tabindex=\"0\">\u00dcberholen Sie auch 2-Takt-Motoren f\u00fcr Mopeds und Motorr\u00e4der?<\/a>\n\t\t\t\t\t<\/div>\n\t\t\t\t\t<div id=\"elementor-tab-content-1491\" class=\"elementor-tab-content elementor-clearfix\" data-tab=\"1\" role=\"region\" aria-labelledby=\"elementor-tab-title-1491\"><p>NHMR ist spezialisiert auf mittlere und gro\u00dfe Diesel- und Gasmotoren f\u00fcr Industrie- und Schiffsanwendungen. Mofa-Motoren haben oft eingepresste Pleuel mit Rollenlagern, f\u00fcr die wir Sie gerne an einen Fachmann verweisen.<\/p>\n<\/div>\n\t\t\t\t<\/div>\n\t\t\t\t\t\t\t<div class=\"elementor-accordion-item\">\n\t\t\t\t\t<div id=\"elementor-tab-title-1492\" class=\"elementor-tab-title\" data-tab=\"2\" role=\"button\" aria-controls=\"elementor-tab-content-1492\" aria-expanded=\"false\">\n\t\t\t\t\t\t\t\t\t\t\t\t<a class=\"elementor-accordion-title\" tabindex=\"0\">Wie lange dauert die \u00dcberholung eines Motors oder Teils?<\/a>\n\t\t\t\t\t<\/div>\n\t\t\t\t\t<div id=\"elementor-tab-content-1492\" class=\"elementor-tab-content elementor-clearfix\" data-tab=\"2\" role=\"region\" aria-labelledby=\"elementor-tab-title-1492\"><p class=\"p1\">Das h\u00e4ngt von Marke, Gr\u00f6\u00dfe und Komplexit\u00e4t der Arbeit ab. Zwischen \u201eFertig w\u00e4hrend des Wartens\u201c bis zum Abplattieren eines separaten Zylinderkopfs oder mehr als einem Jahr f\u00fcr die \u00dcberholung eines Spezialmotors, dessen Teile sehr schlecht verf\u00fcgbar sind oder sogar neu angefertigt werden m\u00fcssen.<\/p>\n<\/div>\n\t\t\t\t<\/div>\n\t\t\t\t\t\t\t<div class=\"elementor-accordion-item\">\n\t\t\t\t\t<div id=\"elementor-tab-title-1493\" class=\"elementor-tab-title\" data-tab=\"3\" role=\"button\" aria-controls=\"elementor-tab-content-1493\" aria-expanded=\"false\">\n\t\t\t\t\t\t\t\t\t\t\t\t<a class=\"elementor-accordion-title\" tabindex=\"0\">Ist es auch m\u00f6glich, eigene Teile f\u00fcr eine \u00dcberholung zu liefern?<\/a>\n\t\t\t\t\t<\/div>\n\t\t\t\t\t<div id=\"elementor-tab-content-1493\" class=\"elementor-tab-content elementor-clearfix\" data-tab=\"3\" role=\"region\" aria-labelledby=\"elementor-tab-title-1493\"><p class=\"p1\">Ja, obwohl wir gerne alle Motorteile selbst ausw\u00e4hlen und bestellen, ist das unter Umst\u00e4nden sogar unsere Pr\u00e4ferenz. Zum Beispiel bei sehr schwer erh\u00e4ltlichen Teilen antiker oder klassischer (Hobby-)Motorr\u00e4der. Leider k\u00f6nnen wir den Einbau von beigestellten Teilen nicht garantieren.<\/p>\n<\/div>\n\t\t\t\t<\/div>\n\t\t\t\t\t\t\t<div class=\"elementor-accordion-item\">\n\t\t\t\t\t<div id=\"elementor-tab-title-1494\" class=\"elementor-tab-title\" data-tab=\"4\" role=\"button\" aria-controls=\"elementor-tab-content-1494\" aria-expanded=\"false\">\n\t\t\t\t\t\t\t\t\t\t\t\t<a class=\"elementor-accordion-title\" tabindex=\"0\">Bieten Sie auch Service an Bord von Privatschiffen wie Schaluppen, Kreuzern oder Segelbooten an?<\/a>\n\t\t\t\t\t<\/div>\n\t\t\t\t\t<div id=\"elementor-tab-content-1494\" class=\"elementor-tab-content elementor-clearfix\" data-tab=\"4\" role=\"region\" aria-labelledby=\"elementor-tab-title-1494\"><p class=\"p1\">Wir raten in diesem Fall<span class=\"Apple-converted-space\">  <\/span>an eine Schiffs-\/Yachtwerft oder ein direkt am Wasser ans\u00e4ssiges Unternehmen.<span class=\"Apple-converted-space\"> <\/span>Oft f\u00fchren wir Teilrevisionen im Auftrag dieser Fachfirmen durch, die auch Aus- und Einbauten durchf\u00fchren.<span class=\"Apple-converted-space\"> <\/span>F\u00fcr Berufs- und Handelsschiffe bieten wir alle Dienstleistungen an (weltweiten) Standorten an. <span class=\"Apple-converted-space\"> <\/span><\/p>\n<\/div>\n\t\t\t\t<\/div>\n\t\t\t\t\t\t\t<div class=\"elementor-accordion-item\">\n\t\t\t\t\t<div id=\"elementor-tab-title-1495\" class=\"elementor-tab-title\" data-tab=\"5\" role=\"button\" aria-controls=\"elementor-tab-content-1495\" aria-expanded=\"false\">\n\t\t\t\t\t\t\t\t\t\t\t\t<a class=\"elementor-accordion-title\" tabindex=\"0\">Ist es besser oder billiger, Motorteile in einem Autoteilegesch\u00e4ft oder Webshop zu kaufen?<\/a>\n\t\t\t\t\t<\/div>\n\t\t\t\t\t<div id=\"elementor-tab-content-1495\" class=\"elementor-tab-content elementor-clearfix\" data-tab=\"5\" role=\"region\" aria-labelledby=\"elementor-tab-title-1495\"><p class=\"p1\">Das ist m\u00f6glich, aber das \u00dcberholungsunternehmen kann es oft zu einem ebenso g\u00fcnstigen oder sogar besseren Preis liefern. Auch unsere Spezialisten k\u00f6nnen Ihnen weiterhelfen<span class=\"Apple-converted-space\"> <\/span>technische Beratung und bieten manchmal Alternativen an.<span class=\"Apple-converted-space\"> <\/span>F\u00fcr echte Online-Liner haben wir auch unseren eigenen Webshop: <a href=\"http:\/\/www.dutchengineparts.nl\"><span class=\"s1\">www.dutchengineparts.nl<\/span><\/a><\/p>\n<\/div>\n\t\t\t\t<\/div>\n\t\t\t\t\t\t\t\t<\/div>\n\t\t\t\t\t\t<\/div>\n\t\t\t\t<\/div>\n\t\t\t\t\t<\/div>\n\t\t<\/div>\n\t\t\t\t<div class=\"elementor-column elementor-col-50 elementor-inner-column elementor-element elementor-element-28c84e0 tstk-bg-color-over-image\" data-id=\"28c84e0\" data-element_type=\"column\" data-e-type=\"column\">\n\t\t\t<div class=\"elementor-widget-wrap elementor-element-populated\">\n\t\t\t\t\t\t<div class=\"elementor-element elementor-element-e4c8e08 themestek-accordion-number tstk-accordion-style-1 elementor-widget elementor-widget-accordion\" data-id=\"e4c8e08\" data-element_type=\"widget\" data-e-type=\"widget\" data-widget_type=\"accordion.default\">\n\t\t\t\t<div class=\"elementor-widget-container\">\n\t\t\t\t\t\t\t<div class=\"elementor-accordion\">\n\t\t\t\t\t\t\t<div class=\"elementor-accordion-item\">\n\t\t\t\t\t<div id=\"elementor-tab-title-2391\" class=\"elementor-tab-title\" data-tab=\"1\" role=\"button\" aria-controls=\"elementor-tab-content-2391\" aria-expanded=\"false\">\n\t\t\t\t\t\t\t\t\t\t\t\t<a class=\"elementor-accordion-title\" tabindex=\"0\">\u00dcberholen Sie auch Elektromotoren?<\/a>\n\t\t\t\t\t<\/div>\n\t\t\t\t\t<div id=\"elementor-tab-content-2391\" class=\"elementor-tab-content elementor-clearfix\" data-tab=\"1\" role=\"region\" aria-labelledby=\"elementor-tab-title-2391\"><p class=\"p1\">Nein, nur 4-Takt-Benzin-, Diesel-, Gas- und Alternativkraftstoff- (Kolben-) Motoren.<span class=\"Apple-converted-space\"> <\/span><\/p>\n<\/div>\n\t\t\t\t<\/div>\n\t\t\t\t\t\t\t<div class=\"elementor-accordion-item\">\n\t\t\t\t\t<div id=\"elementor-tab-title-2392\" class=\"elementor-tab-title\" data-tab=\"2\" role=\"button\" aria-controls=\"elementor-tab-content-2392\" aria-expanded=\"false\">\n\t\t\t\t\t\t\t\t\t\t\t\t<a class=\"elementor-accordion-title\" tabindex=\"0\">Verleihen oder vermieten Sie Spezialwerkzeuge? <\/a>\n\t\t\t\t\t<\/div>\n\t\t\t\t\t<div id=\"elementor-tab-content-2392\" class=\"elementor-tab-content elementor-clearfix\" data-tab=\"2\" role=\"region\" aria-labelledby=\"elementor-tab-title-2392\"><p class=\"p1\">Wir beraten gerne beim Kauf von Spezialwerkzeugen, k\u00f6nnen diese aber leider nicht ausleihen.<span class=\"Apple-converted-space\"> <\/span><\/p>\n<\/div>\n\t\t\t\t<\/div>\n\t\t\t\t\t\t\t<div class=\"elementor-accordion-item\">\n\t\t\t\t\t<div id=\"elementor-tab-title-2393\" class=\"elementor-tab-title\" data-tab=\"3\" role=\"button\" aria-controls=\"elementor-tab-content-2393\" aria-expanded=\"false\">\n\t\t\t\t\t\t\t\t\t\t\t\t<a class=\"elementor-accordion-title\" tabindex=\"0\">Ist es billiger, ein gebrauchtes Motorrad zu kaufen?<\/a>\n\t\t\t\t\t<\/div>\n\t\t\t\t\t<div id=\"elementor-tab-content-2393\" class=\"elementor-tab-content elementor-clearfix\" data-tab=\"3\" role=\"region\" aria-labelledby=\"elementor-tab-title-2393\"><p class=\"p1\">Das ist in den meisten F\u00e4llen g\u00fcnstiger als eine komplette \u00dcberholung. Allerdings wei\u00df man nie, was man bekommt und in der Praxis muss man mit einem guten Exemplar des gleichen Typs Gl\u00fcck haben.<\/p>\n<p class=\"p1\">Alternativ liefert NHMR neben der \u00dcberholung nur dann neue Motoren und Teile, wenn der Motor aufgrund eines gr\u00f6\u00dferen Schadens nicht mehr repariert werden kann. Wir liefern auch neue Industrie- und Schiffsmotoren f\u00fcr die Erstmontage und beraten Maschinenbauer und Werften hierzu umfassend.<\/p>\n<\/div>\n\t\t\t\t<\/div>\n\t\t\t\t\t\t\t<div class=\"elementor-accordion-item\">\n\t\t\t\t\t<div id=\"elementor-tab-title-2394\" class=\"elementor-tab-title\" data-tab=\"4\" role=\"button\" aria-controls=\"elementor-tab-content-2394\" aria-expanded=\"false\">\n\t\t\t\t\t\t\t\t\t\t\t\t<a class=\"elementor-accordion-title\" tabindex=\"0\">Tunen Sie neben der \u00dcberholung auch Motoren, um eine h\u00f6here Leistung zu erzielen?<\/a>\n\t\t\t\t\t<\/div>\n\t\t\t\t\t<div id=\"elementor-tab-content-2394\" class=\"elementor-tab-content elementor-clearfix\" data-tab=\"4\" role=\"region\" aria-labelledby=\"elementor-tab-title-2394\"><p class=\"p1\">Nein, Tuning ist ein eigener Beruf. Hierf\u00fcr m\u00f6chten wir Sie an darauf spezialisierte Unternehmen verweisen.<\/p>\n<\/div>\n\t\t\t\t<\/div>\n\t\t\t\t\t\t\t<div class=\"elementor-accordion-item\">\n\t\t\t\t\t<div id=\"elementor-tab-title-2395\" class=\"elementor-tab-title\" data-tab=\"5\" role=\"button\" aria-controls=\"elementor-tab-content-2395\" aria-expanded=\"false\">\n\t\t\t\t\t\t\t\t\t\t\t\t<a class=\"elementor-accordion-title\" tabindex=\"0\">F\u00fchren Sie auch Teil\u00fcberholungen f\u00fcr Motoren durch, die im eigenen Haus gebaut werden, bei denen aber nicht alle mechanischen Arbeiten selbst durchgef\u00fchrt werden k\u00f6nnen?<\/a>\n\t\t\t\t\t<\/div>\n\t\t\t\t\t<div id=\"elementor-tab-content-2395\" class=\"elementor-tab-content elementor-clearfix\" data-tab=\"5\" role=\"region\" aria-labelledby=\"elementor-tab-title-2395\"><p class=\"p1\">Ja, gerne f\u00fchren wir spanende Bearbeitungen wie das Schleifen der Kurbelwelle oder das Bohren und Honen von Zylindern durch, aber auch Teilrevisionen wie Zylinderkopf- oder Kraftstoffpumpenrevision.<\/p>\n<\/div>\n\t\t\t\t<\/div>\n\t\t\t\t\t\t\t\t<\/div>\n\t\t\t\t\t\t<\/div>\n\t\t\t\t<\/div>\n\t\t\t\t\t<\/div>\n\t\t<\/div>\n\t\t\t\t\t<\/div>\n\t\t<\/div>\n\t\t\t\t\t<\/div>\n\t\t<\/div>\n\t\t\t\t\t<\/div>\n\t\t<\/section>\n\t\t\t\t<\/div>\n\t\t","protected":false},"excerpt":{"rendered":"<p>FAQ H\u00e4ufig gestellte Fragen Hier finden Sie die Antworten auf die am h\u00e4ufigsten gestellten Fragen. Ist Ihre Frage nicht aufgef\u00fchrt? F\u00fcllen Sie das Kontaktformular aus. \u00dcberholen Sie auch 2-Takt-Motoren f\u00fcr Mopeds und Motorr\u00e4der? NHMR ist spezialisiert auf mittlere und gro\u00dfe Diesel- und Gasmotoren f\u00fcr Industrie- und Schiffsanwendungen. Mofa-Motoren haben oft eingepresste Pleuel mit Rollenlagern, f\u00fcr die wir Sie gerne an einen Fachmann verweisen. Wie lange dauert die \u00dcberholung eines Motors[&hellip;]<\/p>\n","protected":false},"author":1,"featured_media":0,"parent":0,"menu_order":7,"comment_status":"closed","ping_status":"closed","template":"","meta":{"_acf_changed":false,"footnotes":""},"class_list":["post-2740","page","type-page","status-publish","hentry"],"acf":[],"yoast_head":"<!-- This site is optimized with the Yoast SEO plugin v27.0 - https:\/\/yoast.com\/product\/yoast-seo-wordpress\/ -->\n<title>H\u00e4ufig gestellte Fragen - NHMR<\/title>\n<meta name=\"description\" content=\"Hier finden Sie die Antworten auf die am h\u00e4ufigsten gestellten Fragen. Ist Ihre Frage nicht aufgef\u00fchrt? F\u00fcllen Sie das Kontaktformular aus.\" \/>\n<meta name=\"robots\" content=\"index, follow, max-snippet:-1, max-image-preview:large, max-video-preview:-1\" \/>\n<link rel=\"canonical\" href=\"https:\/\/nhmr.nl\/faq\/\" \/>\n<meta property=\"og:locale\" content=\"de_DE\" \/>\n<meta property=\"og:type\" content=\"article\" \/>\n<meta property=\"og:title\" content=\"H\u00e4ufig gestellte Fragen - NHMR\" \/>\n<meta property=\"og:description\" content=\"Hier finden Sie die Antworten auf die am h\u00e4ufigsten gestellten Fragen. Ist Ihre Frage nicht aufgef\u00fchrt? F\u00fcllen Sie das Kontaktformular aus.\" \/>\n<meta property=\"og:url\" content=\"https:\/\/nhmr.nl\/faq\/\" \/>\n<meta property=\"og:site_name\" content=\"NHMR\" \/>\n<meta property=\"article:modified_time\" content=\"2022-02-24T16:40:00+00:00\" \/>\n<meta name=\"twitter:card\" content=\"summary_large_image\" \/>\n<meta name=\"twitter:label1\" content=\"Gesch\u00e4tzte Lesezeit\" \/>\n\t<meta name=\"twitter:data1\" content=\"3\u00a0Minuten\" \/>\n<script type=\"application\/ld+json\" class=\"yoast-schema-graph\">{\"@context\":\"https:\/\/schema.org\",\"@graph\":[{\"@type\":\"WebPage\",\"@id\":\"https:\/\/nhmr.nl\/faq\/\",\"url\":\"https:\/\/nhmr.nl\/faq\/\",\"name\":\"H\u00e4ufig gestellte Fragen - NHMR\",\"isPartOf\":{\"@id\":\"https:\/\/nhmr.nl\/#website\"},\"datePublished\":\"2022-02-17T14:41:19+00:00\",\"dateModified\":\"2022-02-24T16:40:00+00:00\",\"description\":\"Hier finden Sie die Antworten auf die am h\u00e4ufigsten gestellten Fragen. Ist Ihre Frage nicht aufgef\u00fchrt? F\u00fcllen Sie das Kontaktformular aus.\",\"breadcrumb\":{\"@id\":\"https:\/\/nhmr.nl\/faq\/#breadcrumb\"},\"inLanguage\":\"de\",\"potentialAction\":[{\"@type\":\"ReadAction\",\"target\":[\"https:\/\/nhmr.nl\/faq\/\"]}]},{\"@type\":\"BreadcrumbList\",\"@id\":\"https:\/\/nhmr.nl\/faq\/#breadcrumb\",\"itemListElement\":[{\"@type\":\"ListItem\",\"position\":1,\"name\":\"Home\",\"item\":\"https:\/\/nhmr.nl\/de\/\"},{\"@type\":\"ListItem\",\"position\":2,\"name\":\"H\u00e4ufig gestellte Fragen\"}]},{\"@type\":\"WebSite\",\"@id\":\"https:\/\/nhmr.nl\/#website\",\"url\":\"https:\/\/nhmr.nl\/\",\"name\":\"NHMR\",\"description\":\"Noord Hollandse Motoren Revisie\",\"potentialAction\":[{\"@type\":\"SearchAction\",\"target\":{\"@type\":\"EntryPoint\",\"urlTemplate\":\"https:\/\/nhmr.nl\/?s={search_term_string}\"},\"query-input\":{\"@type\":\"PropertyValueSpecification\",\"valueRequired\":true,\"valueName\":\"search_term_string\"}}],\"inLanguage\":\"de\"}]}<\/script>\n<!-- \/ Yoast SEO plugin. -->","yoast_head_json":{"title":"H\u00e4ufig gestellte Fragen - NHMR","description":"Hier finden Sie die Antworten auf die am h\u00e4ufigsten gestellten Fragen. Ist Ihre Frage nicht aufgef\u00fchrt? F\u00fcllen Sie das Kontaktformular aus.","robots":{"index":"index","follow":"follow","max-snippet":"max-snippet:-1","max-image-preview":"max-image-preview:large","max-video-preview":"max-video-preview:-1"},"canonical":"https:\/\/nhmr.nl\/faq\/","og_locale":"de_DE","og_type":"article","og_title":"H\u00e4ufig gestellte Fragen - NHMR","og_description":"Hier finden Sie die Antworten auf die am h\u00e4ufigsten gestellten Fragen. Ist Ihre Frage nicht aufgef\u00fchrt? F\u00fcllen Sie das Kontaktformular aus.","og_url":"https:\/\/nhmr.nl\/faq\/","og_site_name":"NHMR","article_modified_time":"2022-02-24T16:40:00+00:00","twitter_card":"summary_large_image","twitter_misc":{"Gesch\u00e4tzte Lesezeit":"3\u00a0Minuten"},"schema":{"@context":"https:\/\/schema.org","@graph":[{"@type":"WebPage","@id":"https:\/\/nhmr.nl\/faq\/","url":"https:\/\/nhmr.nl\/faq\/","name":"H\u00e4ufig gestellte Fragen - NHMR","isPartOf":{"@id":"https:\/\/nhmr.nl\/#website"},"datePublished":"2022-02-17T14:41:19+00:00","dateModified":"2022-02-24T16:40:00+00:00","description":"Hier finden Sie die Antworten auf die am h\u00e4ufigsten gestellten Fragen. Ist Ihre Frage nicht aufgef\u00fchrt? F\u00fcllen Sie das Kontaktformular aus.","breadcrumb":{"@id":"https:\/\/nhmr.nl\/faq\/#breadcrumb"},"inLanguage":"de","potentialAction":[{"@type":"ReadAction","target":["https:\/\/nhmr.nl\/faq\/"]}]},{"@type":"BreadcrumbList","@id":"https:\/\/nhmr.nl\/faq\/#breadcrumb","itemListElement":[{"@type":"ListItem","position":1,"name":"Home","item":"https:\/\/nhmr.nl\/de\/"},{"@type":"ListItem","position":2,"name":"H\u00e4ufig gestellte Fragen"}]},{"@type":"WebSite","@id":"https:\/\/nhmr.nl\/#website","url":"https:\/\/nhmr.nl\/","name":"NHMR","description":"Noord Hollandse Motoren Revisie","potentialAction":[{"@type":"SearchAction","target":{"@type":"EntryPoint","urlTemplate":"https:\/\/nhmr.nl\/?s={search_term_string}"},"query-input":{"@type":"PropertyValueSpecification","valueRequired":true,"valueName":"search_term_string"}}],"inLanguage":"de"}]}},"_links":{"self":[{"href":"https:\/\/nhmr.nl\/de\/wp-json\/wp\/v2\/pages\/2740","targetHints":{"allow":["GET"]}}],"collection":[{"href":"https:\/\/nhmr.nl\/de\/wp-json\/wp\/v2\/pages"}],"about":[{"href":"https:\/\/nhmr.nl\/de\/wp-json\/wp\/v2\/types\/page"}],"author":[{"embeddable":true,"href":"https:\/\/nhmr.nl\/de\/wp-json\/wp\/v2\/users\/1"}],"replies":[{"embeddable":true,"href":"https:\/\/nhmr.nl\/de\/wp-json\/wp\/v2\/comments?post=2740"}],"version-history":[{"count":0,"href":"https:\/\/nhmr.nl\/de\/wp-json\/wp\/v2\/pages\/2740\/revisions"}],"wp:attachment":[{"href":"https:\/\/nhmr.nl\/de\/wp-json\/wp\/v2\/media?parent=2740"}],"curies":[{"name":"wp","href":"https:\/\/api.w.org\/{rel}","templated":true}]}}