{"id":2766,"date":"2022-02-17T14:41:27","date_gmt":"2022-02-17T14:41:27","guid":{"rendered":"http:\/\/nhmr.nl\/ueber-uns\/"},"modified":"2022-02-18T15:08:32","modified_gmt":"2022-02-18T15:08:32","slug":"ueber-uns","status":"publish","type":"page","link":"https:\/\/nhmr.nl\/de\/ueber-uns\/","title":{"rendered":"\u00dcber uns"},"content":{"rendered":"\t\t<div data-elementor-type=\"wp-page\" data-elementor-id=\"2766\" class=\"elementor elementor-2766 elementor-62\" data-elementor-post-type=\"page\">\n\t\t\t\t\t\t<section class=\"elementor-section elementor-top-section elementor-element elementor-element-a397afc tstk-col-stretched-right tstk-right-col-stretched-content-yes tstk-bg-color-yes tstk-elementor-bg-color-light elementor-section-stretched tstk-bg-image-over-color elementor-reverse-mobile elementor-section-boxed elementor-section-height-default elementor-section-height-default\" data-id=\"a397afc\" data-element_type=\"section\" data-e-type=\"section\" data-settings=\"{&quot;stretch_section&quot;:&quot;section-stretched&quot;,&quot;background_background&quot;:&quot;classic&quot;}\">\n\t\t\t\t\t\t\t<div class=\"elementor-background-overlay\"><\/div>\n\t\t\t\t\t\t\t<div class=\"elementor-container elementor-column-gap-no\">\n\t\t\t\t\t<div class=\"elementor-column elementor-col-50 elementor-top-column elementor-element elementor-element-5c279c9 tstk-bg-color-over-image\" data-id=\"5c279c9\" data-element_type=\"column\" data-e-type=\"column\">\n\t\t\t<div class=\"elementor-widget-wrap elementor-element-populated\">\n\t\t\t\t\t\t<div class=\"elementor-element elementor-element-2c25ca5 elementor-widget elementor-widget-image\" data-id=\"2c25ca5\" data-element_type=\"widget\" data-e-type=\"widget\" data-widget_type=\"image.default\">\n\t\t\t\t<div class=\"elementor-widget-container\">\n\t\t\t\t\t\t\t\t\t\t\t\t\t\t\t<img decoding=\"async\" src=\"https:\/\/nhmr.nl\/wp-content\/uploads\/elementor\/thumbs\/Motorenrevisie-109-q6jx1eusuomrm14h11voktml7mgmcsj0wrl6u7nlg8.jpg\" title=\"Motorenrevisie-109\" alt=\"Motorenrevisie-109\" loading=\"lazy\" \/>\t\t\t\t\t\t\t\t\t\t\t\t\t\t\t<\/div>\n\t\t\t\t<\/div>\n\t\t\t\t\t<\/div>\n\t\t<\/div>\n\t\t\t\t<div class=\"elementor-column elementor-col-50 elementor-top-column elementor-element elementor-element-839cb1a tstk-bg-color-over-image\" data-id=\"839cb1a\" data-element_type=\"column\" data-e-type=\"column\">\n\t\t\t<div class=\"elementor-widget-wrap elementor-element-populated\">\n\t\t\t\t\t\t<div class=\"elementor-element elementor-element-49ded4d tstk-align-left elementor-widget elementor-widget-tstk_heading\" data-id=\"49ded4d\" data-element_type=\"widget\" data-e-type=\"widget\" data-widget_type=\"tstk_heading.default\">\n\t\t\t\t<div class=\"elementor-widget-container\">\n\t\t\t\t\t\t<div class=\"tstk-heading-subheading left-align tstk-reverse-heading-yes\"><h4 class=\"tstk-element-subtitle\">\r\n\t\t\t\r\n\t\t\t\tUnsere Organisation\n\r\n\t\t\t\r\n\t\t\t<\/h4>\r\n\t\t<h2 class=\"tstk-element-title\">\r\n\t\t\t\r\n\t\t\t\tDie Kraft von noordhollandse motorenrevisie\n\r\n\t\t\t\r\n\t\t\t<\/h2>\r\n\t\t<\/div>\t\t\t\t<\/div>\n\t\t\t\t<\/div>\n\t\t\t\t<div class=\"elementor-element elementor-element-5fb37f2 elementor-widget elementor-widget-tstk_tabs_element\" data-id=\"5fb37f2\" data-element_type=\"widget\" data-e-type=\"widget\" data-widget_type=\"tstk_tabs_element.default\">\n\t\t\t\t<div class=\"elementor-widget-container\">\n\t\t\t\t\t\r\n\t\t<div class=\"tstk-tabs\">\r\n\t\t\t\t\t\t<ul class=\"tstk-tabs-heading\">\r\n\t\t\t\t\t\t\t\t\t\r\n\t\t\t\t\t\r\n\t\t\t\t<li class=\"tstk-tab-link tstk-tab-li-active\" data-tstk-tab=\"1\"><span>Breite Organisation<\/span><\/li>\r\n\t\t\t\t\t\t\t\t\t\r\n\t\t\t\t\t\r\n\t\t\t\t<li class=\"tstk-tab-link \" data-tstk-tab=\"2\"><span>Innovation und Nachhaltigkeit<\/span><\/li>\r\n\t\t\t\t\t\t\t\t\t\r\n\t\t\t\t\t\r\n\t\t\t\t<li class=\"tstk-tab-link \" data-tstk-tab=\"3\"><span>Ger\u00e4umige Werkstatt<\/span><\/li>\r\n\t\t\t\t\t\t\t<\/ul>\r\n\r\n\t\t\t<div class=\"tstk-tab-content-wrapper\">\r\n\t\t\t\t\t\t\t\t\t\t\t\t\t\t<div class=\"tstk-tab-content tstk-tab-content-1 tstk-tab-active\">\r\n\t\t\t\t\t\t\t\t\t\t\t\t<div class=\"tstk-tab-content-title\" data-tstk-tab=\"1\">Breite Organisation<\/div>\r\n\t\t\t\t\t\t<div class=\"tstk-tab-content-inner\">\r\n\t\t\t\t\t\t\t<div class=\"tstk-tabs-inner\">\n<div class=\"row\">\n<div class=\"col-md-6 tstk-tab-img-wrapper\"><img fetchpriority=\"high\" decoding=\"async\" class=\"alignnone wp-image-1403 size-medium\" src=\"http:\/\/nhmr.nl\/wp-content\/uploads\/2022\/01\/20120925-16_NHMR_intern-1-300x300.jpg\" alt=\"\" width=\"300\" height=\"300\" srcset=\"https:\/\/nhmr.nl\/wp-content\/uploads\/2022\/01\/20120925-16_NHMR_intern-1-300x300.jpg 300w, https:\/\/nhmr.nl\/wp-content\/uploads\/2022\/01\/20120925-16_NHMR_intern-1-150x150.jpg 150w, https:\/\/nhmr.nl\/wp-content\/uploads\/2022\/01\/20120925-16_NHMR_intern-1.jpg 500w\" sizes=\"(max-width: 300px) 100vw, 300px\" \/><\/div>\n<div class=\"col-md-6 tstk-tab-content-wrapper\">\n\nAufgrund seiner breiten Marktorientierung und \u00e4u\u00dferst flexiblen Vorgehensweise kann NHMR schnell auf Entwicklungen und Kundenbed\u00fcrfnisse reagieren. Wie sich inzwischen herausgestellt hat, sind wir ein zuverl\u00e4ssiger Partner f\u00fchrender niederl\u00e4ndischer und internationaler Unternehmen. Denk an:\n<ul class=\"tstk-tab-list-box\">\n \t<li>Offshore (\u00d6l und Gas)<\/li>\n \t<li> Maschinenbau <\/li>\n \t<li>Eisenbahn-, Stra\u00dfen- und Wasserbau<\/li>\n \t<li> Werften <\/li>\n \t<li>Versorgungsunternehmen und Regierungsinstitutionen<\/li>\n<\/ul>\n<\/div>\n<\/div>\n<\/div>\t\t\t\t\t\t<\/div>\r\n\t\t\t\t\t<\/div>\r\n\t\t\t\t\t\t\t\t\t\t\t\t\t\t<div class=\"tstk-tab-content tstk-tab-content-2 \">\r\n\t\t\t\t\t\t\t\t\t\t\t\t<div class=\"tstk-tab-content-title\" data-tstk-tab=\"2\">Innovation und Nachhaltigkeit<\/div>\r\n\t\t\t\t\t\t<div class=\"tstk-tab-content-inner\">\r\n\t\t\t\t\t\t\t<div class=\"tstk-tabs-inner\">\n<div class=\"row\">\n<div class=\"col-md-6 tstk-tab-img-wrapper\"><img decoding=\"async\" class=\"alignnone wp-image-1406 size-medium\" src=\"http:\/\/nhmr.nl\/wp-content\/uploads\/2022\/01\/Motorenrevisie-12-300x300.jpg\" alt=\"\" width=\"300\" height=\"300\" srcset=\"https:\/\/nhmr.nl\/wp-content\/uploads\/2022\/01\/Motorenrevisie-12-300x300.jpg 300w, https:\/\/nhmr.nl\/wp-content\/uploads\/2022\/01\/Motorenrevisie-12-150x150.jpg 150w, https:\/\/nhmr.nl\/wp-content\/uploads\/2022\/01\/Motorenrevisie-12.jpg 500w\" sizes=\"(max-width: 300px) 100vw, 300px\" \/><\/div>\n<div class=\"col-md-6 tstk-tab-content-wrapper\">\n\nIm Vorgriff auf die Zukunft setzen wir uns f\u00fcr Innovationen ein und gestalten unsere Dienstleistungen, Dienstleistungen und Produkte nachhaltiger, um sowohl gesellschaftlichen als auch wirtschaftlichen Nutzen bieten zu k\u00f6nnen.\n\nUmweltbewusst, sicher und nachhaltig, was regelm\u00e4\u00dfig gepr\u00fcft wird, f\u00fchren wir seit fast <strong>50 Jahren<\/strong> alle unsere Arbeiten f\u00fcr den Kunden so transparent wie m\u00f6glich aus.\n\n<\/div>\n<\/div>\n<\/div>\t\t\t\t\t\t<\/div>\r\n\t\t\t\t\t<\/div>\r\n\t\t\t\t\t\t\t\t\t\t\t\t\t\t<div class=\"tstk-tab-content tstk-tab-content-3 \">\r\n\t\t\t\t\t\t\t\t\t\t\t\t<div class=\"tstk-tab-content-title\" data-tstk-tab=\"3\">Ger\u00e4umige Werkstatt<\/div>\r\n\t\t\t\t\t\t<div class=\"tstk-tab-content-inner\">\r\n\t\t\t\t\t\t\t<div class=\"tstk-tabs-inner\">\n<div class=\"row\">\n<div class=\"col-md-6 tstk-tab-img-wrapper\"><img decoding=\"async\" class=\"alignnone wp-image-1409 size-medium\" src=\"http:\/\/nhmr.nl\/wp-content\/uploads\/2022\/01\/Motorenrevisie-107-300x300.jpg\" alt=\"\" width=\"300\" height=\"300\" srcset=\"https:\/\/nhmr.nl\/wp-content\/uploads\/2022\/01\/Motorenrevisie-107-300x300.jpg 300w, https:\/\/nhmr.nl\/wp-content\/uploads\/2022\/01\/Motorenrevisie-107-150x150.jpg 150w, https:\/\/nhmr.nl\/wp-content\/uploads\/2022\/01\/Motorenrevisie-107.jpg 500w\" sizes=\"(max-width: 300px) 100vw, 300px\" \/><\/div>\n<div class=\"col-md-6 tstk-tab-content-wrapper\">\n\nMehr als 150 komplette Motoren werden j\u00e4hrlich in unserer gro\u00dfz\u00fcgigen Werkstatt \u00fcberholt. Dank unserer eigenen Ausr\u00fcstung ist dieser komplette Prozess unter unserer eigenen Leitung.\n\nWir k\u00f6nnen auf ein gro\u00dfes Lager an Teilen zur\u00fcckgreifen, die f\u00fcr die \u00dcberholung sowie f\u00fcr Service- und Wartungsarbeiten ben\u00f6tigt werden.\n<\/div>\n<\/div>\n<\/div>\t\t\t\t\t\t<\/div>\r\n\t\t\t\t\t<\/div>\r\n\t\t\t\t\t\t\t<\/div>\r\n\r\n\t\t\t\t\t<\/div>\r\n\r\n\t\t\t\t\t\t<\/div>\n\t\t\t\t<\/div>\n\t\t\t\t\t<\/div>\n\t\t<\/div>\n\t\t\t\t\t<\/div>\n\t\t<\/section>\n\t\t\t\t<section class=\"elementor-section elementor-top-section elementor-element elementor-element-d0f95ef elementor-section-stretched tstk-col-stretched-none tstk-bg-color-over-image elementor-section-boxed elementor-section-height-default elementor-section-height-default\" data-id=\"d0f95ef\" data-element_type=\"section\" data-e-type=\"section\" data-settings=\"{&quot;stretch_section&quot;:&quot;section-stretched&quot;,&quot;background_background&quot;:&quot;classic&quot;}\">\n\t\t\t\t\t\t\t<div class=\"elementor-background-overlay\"><\/div>\n\t\t\t\t\t\t\t<div class=\"elementor-container elementor-column-gap-no\">\n\t\t\t\t\t<div class=\"elementor-column elementor-col-50 elementor-top-column elementor-element elementor-element-b220b8f tstk-bg-color-over-image\" data-id=\"b220b8f\" data-element_type=\"column\" data-e-type=\"column\">\n\t\t\t<div class=\"elementor-widget-wrap elementor-element-populated\">\n\t\t\t\t\t\t<div class=\"elementor-element elementor-element-a02ccb4 tstk-img-effect-01 elementor-widget elementor-widget-image\" data-id=\"a02ccb4\" data-element_type=\"widget\" data-e-type=\"widget\" data-widget_type=\"image.default\">\n\t\t\t\t<div class=\"elementor-widget-container\">\n\t\t\t\t\t\t\t\t\t\t\t\t\t\t\t<img loading=\"lazy\" decoding=\"async\" width=\"2000\" height=\"1333\" src=\"https:\/\/nhmr.nl\/wp-content\/uploads\/2022\/01\/Motorenrevisie-306.jpg\" class=\"attachment-full size-full wp-image-1391\" alt=\"\" srcset=\"https:\/\/nhmr.nl\/wp-content\/uploads\/2022\/01\/Motorenrevisie-306.jpg 2000w, https:\/\/nhmr.nl\/wp-content\/uploads\/2022\/01\/Motorenrevisie-306-300x200.jpg 300w, https:\/\/nhmr.nl\/wp-content\/uploads\/2022\/01\/Motorenrevisie-306-1024x682.jpg 1024w, https:\/\/nhmr.nl\/wp-content\/uploads\/2022\/01\/Motorenrevisie-306-768x512.jpg 768w, https:\/\/nhmr.nl\/wp-content\/uploads\/2022\/01\/Motorenrevisie-306-1536x1024.jpg 1536w, https:\/\/nhmr.nl\/wp-content\/uploads\/2022\/01\/Motorenrevisie-306-770x513.jpg 770w\" sizes=\"(max-width: 2000px) 100vw, 2000px\" \/>\t\t\t\t\t\t\t\t\t\t\t\t\t\t\t<\/div>\n\t\t\t\t<\/div>\n\t\t\t\t\t<\/div>\n\t\t<\/div>\n\t\t\t\t<div class=\"elementor-column elementor-col-50 elementor-top-column elementor-element elementor-element-7c6ff4a tstk-bg-color-over-image\" data-id=\"7c6ff4a\" data-element_type=\"column\" data-e-type=\"column\">\n\t\t\t<div class=\"elementor-widget-wrap elementor-element-populated\">\n\t\t\t\t\t\t<div class=\"elementor-section elementor-inner-section elementor-element elementor-element-adfcd80 tstk-col-stretched-none tstk-bg-color-over-image elementor-section-boxed elementor-section-height-default elementor-section-height-default\" data-id=\"adfcd80\" data-element_type=\"section\" data-e-type=\"section\">\n\t\t\t\t\t\t<div class=\"elementor-container elementor-column-gap-no\">\n\t\t\t\t\t<div class=\"elementor-column elementor-col-100 elementor-inner-column elementor-element elementor-element-c48e922 tstk-bg-color-over-image\" data-id=\"c48e922\" data-element_type=\"column\" data-e-type=\"column\">\n\t\t\t<div class=\"elementor-widget-wrap elementor-element-populated\">\n\t\t\t\t\t\t<div class=\"elementor-element elementor-element-356ef6b tstk-align-left elementor-widget elementor-widget-tstk_heading\" data-id=\"356ef6b\" data-element_type=\"widget\" data-e-type=\"widget\" data-widget_type=\"tstk_heading.default\">\n\t\t\t\t<div class=\"elementor-widget-container\">\n\t\t\t\t\t\t<div class=\"tstk-heading-subheading left-align tstk-reverse-heading-yes\"><h4 class=\"tstk-element-subtitle\">\r\n\t\t\t\r\n\t\t\t\tGeschiedenis\r\n\t\t\t\r\n\t\t\t<\/h4>\r\n\t\t<h2 class=\"tstk-element-title\">\r\n\t\t\t\r\n\t\t\t\tWaar het allemaal begon\r\n\t\t\t\r\n\t\t\t<\/h2>\r\n\t\t<\/div>\t\t\t\t<\/div>\n\t\t\t\t<\/div>\n\t\t\t\t<div class=\"elementor-element elementor-element-7a7f871 elementor-widget elementor-widget-text-editor\" data-id=\"7a7f871\" data-element_type=\"widget\" data-e-type=\"widget\" data-widget_type=\"text-editor.default\">\n\t\t\t\t<div class=\"elementor-widget-container\">\n\t\t\t\t\t\t\t\t\t<p class=\"p1\">Noordhollandse Motorenrevisie BV wurde 1975 gegr\u00fcndet und auf kleinem Raum in Nieuwe Niedorp von Motorradrennfahrer Pieter Blauwboer gegr\u00fcndet. Nach einem t\u00f6dlichen Unfall in der Tarzan-Kurve der Rennstrecke von Zandvoort im Jahr 1983 setzte Henk Harberts seine Aktivit\u00e4ten bis 1996 fort, danach \u00fcbernahm der derzeitige Direktor \/ Eigent\u00fcmer Quintus Meijer das Unternehmen und f\u00fchrt es bis heute. Aus den Anf\u00e4ngen einiger Mitarbeiter, die sich ausschlie\u00dflich mit der \u00dcberholung von Pkw-, Motorrad- und Lkw-Motoren besch\u00e4ftigten, ver\u00e4nderte sich der Markt im Laufe der Zeit immer mehr in Richtung Marine- und Industrieanwendungen.<\/p>\n<p class=\"p1\">Mittlerweile, nach dem Umzug nach Winkel im Jahr 2004, ist die Belegschaft auf 15 Mitarbeiter angewachsen, die sowohl vor Ort als auch in der Werkstatt unsere vielseitige und internationale Kundschaft betreuen. Seit einigen Jahren steht Kunden, die ihre Teile der Marken FPT-IVECO und YANMAR online zum besten Preisvorteil suchen und bestellen m\u00f6chten, auch ein eigener <span style=\"color: #fe2512;\"><a style=\"color: #fe2512; text-decoration: underline;\" href=\"https:\/\/www.dutchengineparts.nl\/home-nl\/\" target=\"_blank\" rel=\"noopener\">Webshop<\/a><\/span> zur Verf\u00fcgung.<\/p>\n\t\t\t\t\t\t\t\t<\/div>\n\t\t\t\t<\/div>\n\t\t\t\t\t<\/div>\n\t\t<\/div>\n\t\t\t\t\t<\/div>\n\t\t<\/div>\n\t\t\t\t\t<\/div>\n\t\t<\/div>\n\t\t\t\t\t<\/div>\n\t\t<\/section>\n\t\t\t\t<\/div>\n\t\t","protected":false},"excerpt":{"rendered":"<p>Unsere Organisation Die Kraft von noordhollandse motorenrevisie Breite Organisation Innovation und Nachhaltigkeit Ger\u00e4umige Werkstatt Breite Organisation Aufgrund seiner breiten Marktorientierung und \u00e4u\u00dferst flexiblen Vorgehensweise kann NHMR schnell auf Entwicklungen und Kundenbed\u00fcrfnisse reagieren. Wie sich inzwischen herausgestellt hat, sind wir ein zuverl\u00e4ssiger Partner f\u00fchrender niederl\u00e4ndischer und internationaler Unternehmen. Denk an: Offshore (\u00d6l und Gas) Maschinenbau Eisenbahn-, Stra\u00dfen- und Wasserbau Werften Versorgungsunternehmen und Regierungsinstitutionen Innovation und Nachhaltigkeit Im Vorgriff auf die Zukunft[&hellip;]<\/p>\n","protected":false},"author":1,"featured_media":0,"parent":0,"menu_order":3,"comment_status":"closed","ping_status":"closed","template":"elementor_header_footer","meta":{"_acf_changed":false,"footnotes":""},"class_list":["post-2766","page","type-page","status-publish","hentry"],"acf":[],"yoast_head":"<!-- This site is optimized with the Yoast SEO plugin v27.0 - https:\/\/yoast.com\/product\/yoast-seo-wordpress\/ -->\n<title>\u00dcber uns - NHMR<\/title>\n<meta name=\"description\" content=\"NHMR kann mit seiner breiten Organisation, seinem Blick auf Innovation und Nachhaltigkeit und einem ger\u00e4umigen Arbeitsplatz international agieren.\" \/>\n<meta name=\"robots\" content=\"index, follow, max-snippet:-1, max-image-preview:large, max-video-preview:-1\" \/>\n<link rel=\"canonical\" href=\"https:\/\/nhmr.nl\/over-ons\/\" \/>\n<meta property=\"og:locale\" content=\"de_DE\" \/>\n<meta property=\"og:type\" content=\"article\" \/>\n<meta property=\"og:title\" content=\"\u00dcber uns - NHMR\" \/>\n<meta property=\"og:description\" content=\"NHMR kann mit seiner breiten Organisation, seinem Blick auf Innovation und Nachhaltigkeit und einem ger\u00e4umigen Arbeitsplatz international agieren.\" \/>\n<meta property=\"og:url\" content=\"https:\/\/nhmr.nl\/over-ons\/\" \/>\n<meta property=\"og:site_name\" content=\"NHMR\" \/>\n<meta property=\"article:modified_time\" content=\"2022-02-18T15:08:32+00:00\" \/>\n<meta property=\"og:image\" content=\"http:\/\/nhmr.nl\/wp-content\/uploads\/elementor\/thumbs\/Motorenrevisie-109-pit89m3k5pyvxs0uple0wgah3lhf07dzal5os3lqag.jpg\" \/>\n<meta name=\"twitter:card\" content=\"summary_large_image\" \/>\n<meta name=\"twitter:label1\" content=\"Gesch\u00e4tzte Lesezeit\" \/>\n\t<meta name=\"twitter:data1\" content=\"3\u00a0Minuten\" \/>\n<script type=\"application\/ld+json\" class=\"yoast-schema-graph\">{\"@context\":\"https:\/\/schema.org\",\"@graph\":[{\"@type\":\"WebPage\",\"@id\":\"https:\/\/nhmr.nl\/over-ons\/\",\"url\":\"https:\/\/nhmr.nl\/over-ons\/\",\"name\":\"\u00dcber uns - NHMR\",\"isPartOf\":{\"@id\":\"https:\/\/nhmr.nl\/#website\"},\"primaryImageOfPage\":{\"@id\":\"https:\/\/nhmr.nl\/over-ons\/#primaryimage\"},\"image\":{\"@id\":\"https:\/\/nhmr.nl\/over-ons\/#primaryimage\"},\"thumbnailUrl\":\"http:\/\/nhmr.nl\/wp-content\/uploads\/elementor\/thumbs\/Motorenrevisie-109-pit89m3k5pyvxs0uple0wgah3lhf07dzal5os3lqag.jpg\",\"datePublished\":\"2022-02-17T14:41:27+00:00\",\"dateModified\":\"2022-02-18T15:08:32+00:00\",\"description\":\"NHMR kann mit seiner breiten Organisation, seinem Blick auf Innovation und Nachhaltigkeit und einem ger\u00e4umigen Arbeitsplatz international agieren.\",\"breadcrumb\":{\"@id\":\"https:\/\/nhmr.nl\/over-ons\/#breadcrumb\"},\"inLanguage\":\"de\",\"potentialAction\":[{\"@type\":\"ReadAction\",\"target\":[\"https:\/\/nhmr.nl\/over-ons\/\"]}]},{\"@type\":\"ImageObject\",\"inLanguage\":\"de\",\"@id\":\"https:\/\/nhmr.nl\/over-ons\/#primaryimage\",\"url\":\"http:\/\/nhmr.nl\/wp-content\/uploads\/elementor\/thumbs\/Motorenrevisie-109-pit89m3k5pyvxs0uple0wgah3lhf07dzal5os3lqag.jpg\",\"contentUrl\":\"http:\/\/nhmr.nl\/wp-content\/uploads\/elementor\/thumbs\/Motorenrevisie-109-pit89m3k5pyvxs0uple0wgah3lhf07dzal5os3lqag.jpg\"},{\"@type\":\"BreadcrumbList\",\"@id\":\"https:\/\/nhmr.nl\/over-ons\/#breadcrumb\",\"itemListElement\":[{\"@type\":\"ListItem\",\"position\":1,\"name\":\"Home\",\"item\":\"https:\/\/nhmr.nl\/de\/\"},{\"@type\":\"ListItem\",\"position\":2,\"name\":\"\u00dcber uns\"}]},{\"@type\":\"WebSite\",\"@id\":\"https:\/\/nhmr.nl\/#website\",\"url\":\"https:\/\/nhmr.nl\/\",\"name\":\"NHMR\",\"description\":\"Noord Hollandse Motoren Revisie\",\"potentialAction\":[{\"@type\":\"SearchAction\",\"target\":{\"@type\":\"EntryPoint\",\"urlTemplate\":\"https:\/\/nhmr.nl\/?s={search_term_string}\"},\"query-input\":{\"@type\":\"PropertyValueSpecification\",\"valueRequired\":true,\"valueName\":\"search_term_string\"}}],\"inLanguage\":\"de\"}]}<\/script>\n<!-- \/ Yoast SEO plugin. -->","yoast_head_json":{"title":"\u00dcber uns - NHMR","description":"NHMR kann mit seiner breiten Organisation, seinem Blick auf Innovation und Nachhaltigkeit und einem ger\u00e4umigen Arbeitsplatz international agieren.","robots":{"index":"index","follow":"follow","max-snippet":"max-snippet:-1","max-image-preview":"max-image-preview:large","max-video-preview":"max-video-preview:-1"},"canonical":"https:\/\/nhmr.nl\/over-ons\/","og_locale":"de_DE","og_type":"article","og_title":"\u00dcber uns - NHMR","og_description":"NHMR kann mit seiner breiten Organisation, seinem Blick auf Innovation und Nachhaltigkeit und einem ger\u00e4umigen Arbeitsplatz international agieren.","og_url":"https:\/\/nhmr.nl\/over-ons\/","og_site_name":"NHMR","article_modified_time":"2022-02-18T15:08:32+00:00","og_image":[{"url":"http:\/\/nhmr.nl\/wp-content\/uploads\/elementor\/thumbs\/Motorenrevisie-109-pit89m3k5pyvxs0uple0wgah3lhf07dzal5os3lqag.jpg","type":"","width":"","height":""}],"twitter_card":"summary_large_image","twitter_misc":{"Gesch\u00e4tzte Lesezeit":"3\u00a0Minuten"},"schema":{"@context":"https:\/\/schema.org","@graph":[{"@type":"WebPage","@id":"https:\/\/nhmr.nl\/over-ons\/","url":"https:\/\/nhmr.nl\/over-ons\/","name":"\u00dcber uns - NHMR","isPartOf":{"@id":"https:\/\/nhmr.nl\/#website"},"primaryImageOfPage":{"@id":"https:\/\/nhmr.nl\/over-ons\/#primaryimage"},"image":{"@id":"https:\/\/nhmr.nl\/over-ons\/#primaryimage"},"thumbnailUrl":"http:\/\/nhmr.nl\/wp-content\/uploads\/elementor\/thumbs\/Motorenrevisie-109-pit89m3k5pyvxs0uple0wgah3lhf07dzal5os3lqag.jpg","datePublished":"2022-02-17T14:41:27+00:00","dateModified":"2022-02-18T15:08:32+00:00","description":"NHMR kann mit seiner breiten Organisation, seinem Blick auf Innovation und Nachhaltigkeit und einem ger\u00e4umigen Arbeitsplatz international agieren.","breadcrumb":{"@id":"https:\/\/nhmr.nl\/over-ons\/#breadcrumb"},"inLanguage":"de","potentialAction":[{"@type":"ReadAction","target":["https:\/\/nhmr.nl\/over-ons\/"]}]},{"@type":"ImageObject","inLanguage":"de","@id":"https:\/\/nhmr.nl\/over-ons\/#primaryimage","url":"http:\/\/nhmr.nl\/wp-content\/uploads\/elementor\/thumbs\/Motorenrevisie-109-pit89m3k5pyvxs0uple0wgah3lhf07dzal5os3lqag.jpg","contentUrl":"http:\/\/nhmr.nl\/wp-content\/uploads\/elementor\/thumbs\/Motorenrevisie-109-pit89m3k5pyvxs0uple0wgah3lhf07dzal5os3lqag.jpg"},{"@type":"BreadcrumbList","@id":"https:\/\/nhmr.nl\/over-ons\/#breadcrumb","itemListElement":[{"@type":"ListItem","position":1,"name":"Home","item":"https:\/\/nhmr.nl\/de\/"},{"@type":"ListItem","position":2,"name":"\u00dcber uns"}]},{"@type":"WebSite","@id":"https:\/\/nhmr.nl\/#website","url":"https:\/\/nhmr.nl\/","name":"NHMR","description":"Noord Hollandse Motoren Revisie","potentialAction":[{"@type":"SearchAction","target":{"@type":"EntryPoint","urlTemplate":"https:\/\/nhmr.nl\/?s={search_term_string}"},"query-input":{"@type":"PropertyValueSpecification","valueRequired":true,"valueName":"search_term_string"}}],"inLanguage":"de"}]}},"_links":{"self":[{"href":"https:\/\/nhmr.nl\/de\/wp-json\/wp\/v2\/pages\/2766","targetHints":{"allow":["GET"]}}],"collection":[{"href":"https:\/\/nhmr.nl\/de\/wp-json\/wp\/v2\/pages"}],"about":[{"href":"https:\/\/nhmr.nl\/de\/wp-json\/wp\/v2\/types\/page"}],"author":[{"embeddable":true,"href":"https:\/\/nhmr.nl\/de\/wp-json\/wp\/v2\/users\/1"}],"replies":[{"embeddable":true,"href":"https:\/\/nhmr.nl\/de\/wp-json\/wp\/v2\/comments?post=2766"}],"version-history":[{"count":0,"href":"https:\/\/nhmr.nl\/de\/wp-json\/wp\/v2\/pages\/2766\/revisions"}],"wp:attachment":[{"href":"https:\/\/nhmr.nl\/de\/wp-json\/wp\/v2\/media?parent=2766"}],"curies":[{"name":"wp","href":"https:\/\/api.w.org\/{rel}","templated":true}]}}