{"id":2769,"date":"2022-02-17T14:41:28","date_gmt":"2022-02-17T14:41:28","guid":{"rendered":"http:\/\/nhmr.nl\/kontakt\/"},"modified":"2022-04-21T11:45:38","modified_gmt":"2022-04-21T11:45:38","slug":"kontakt","status":"publish","type":"page","link":"https:\/\/nhmr.nl\/de\/kontakt\/","title":{"rendered":"Kontakt"},"content":{"rendered":"\t\t<div data-elementor-type=\"wp-page\" data-elementor-id=\"2769\" class=\"elementor elementor-2769 elementor-57\" data-elementor-post-type=\"page\">\n\t\t\t\t\t\t<section class=\"elementor-section elementor-top-section elementor-element elementor-element-f07879f tstk-col-stretched-none tstk-bg-color-over-image elementor-section-boxed elementor-section-height-default elementor-section-height-default\" data-id=\"f07879f\" data-element_type=\"section\" data-e-type=\"section\">\n\t\t\t\t\t\t<div class=\"elementor-container elementor-column-gap-no\">\n\t\t\t\t\t<div class=\"elementor-column elementor-col-33 elementor-top-column elementor-element elementor-element-9fa0836 tstk-bg-color-over-image\" data-id=\"9fa0836\" data-element_type=\"column\" data-e-type=\"column\">\n\t\t\t<div class=\"elementor-widget-wrap elementor-element-populated\">\n\t\t\t\t\t\t<div class=\"elementor-element elementor-element-39bc241 tstk-align-left elementor-widget elementor-widget-tstk_heading\" data-id=\"39bc241\" data-element_type=\"widget\" data-e-type=\"widget\" data-widget_type=\"tstk_heading.default\">\n\t\t\t\t<div class=\"elementor-widget-container\">\n\t\t\t\t\t\t<div class=\"tstk-heading-subheading left-align \"><h2 class=\"tstk-element-title\">\r\n\t\t\t\r\n\t\t\t\tHast du eine Frage? Lass uns wissen!\n\r\n\t\t\t\r\n\t\t\t<\/h2>\r\n\t\t<\/div>\t\t\t\t<\/div>\n\t\t\t\t<\/div>\n\t\t\t\t\t<\/div>\n\t\t<\/div>\n\t\t\t\t<div class=\"elementor-column elementor-col-66 elementor-top-column elementor-element elementor-element-aad0478 tstk-bg-color-over-image\" data-id=\"aad0478\" data-element_type=\"column\" data-e-type=\"column\">\n\t\t\t<div class=\"elementor-widget-wrap elementor-element-populated\">\n\t\t\t\t\t\t<div class=\"elementor-element elementor-element-e39754e elementor-widget elementor-widget-text-editor\" data-id=\"e39754e\" data-element_type=\"widget\" data-e-type=\"widget\" data-widget_type=\"text-editor.default\">\n\t\t\t\t<div class=\"elementor-widget-container\">\n\t\t\t\t\t\t\t\t\t<div class=\"elementor-element elementor-element-2f6e39a elementor-widget elementor-widget-text-editor\" data-id=\"2f6e39a\" data-element_type=\"widget\" data-widget_type=\"text-editor.default\">\n<div class=\"elementor-widget-container\">\n<p>Haben Sie unsere <span style=\"text-decoration: underline;\"><a href=\"https:\/\/nhmr.nl\/de\/?page_id=2740\">am h\u00e4ufigsten gestellten Fragen<\/a><\/span> bereits gelesen und haben Sie noch eine Frage? Kontaktieren Sie uns einfach.<\/p>\n\t\t\t\t\t\t\t\t<\/div>\n\t\t\t\t<\/div>\n\t\t\t\t\t<\/div>\n\t\t<\/div>\n\t\t\t\t\t<\/div>\n\t\t<\/section>\n\t\t\t\t<section class=\"elementor-section elementor-top-section elementor-element elementor-element-880706a tstk-col-stretched-right elementor-section-stretched tstk-bg-color-over-image elementor-section-boxed elementor-section-height-default elementor-section-height-default\" data-id=\"880706a\" data-element_type=\"section\" data-e-type=\"section\" data-settings=\"{&quot;stretch_section&quot;:&quot;section-stretched&quot;}\">\n\t\t\t\t\t\t<div class=\"elementor-container elementor-column-gap-no\">\n\t\t\t\t\t<div class=\"elementor-column elementor-col-33 elementor-top-column elementor-element elementor-element-f82c092 tstk-bg-color-yes tstk-elementor-bg-color-blackish tstk-text-color-white tstk-bg-color-over-image\" data-id=\"f82c092\" data-element_type=\"column\" data-e-type=\"column\">\n\t\t\t<div class=\"elementor-widget-wrap elementor-element-populated\">\n\t\t\t\t\t\t<div class=\"elementor-element elementor-element-926aeb6 elementor-widget elementor-widget-tstk_icon_heading\" data-id=\"926aeb6\" data-element_type=\"widget\" data-e-type=\"widget\" data-widget_type=\"tstk_icon_heading.default\">\n\t\t\t\t<div class=\"elementor-widget-container\">\n\t\t\t\t\t<div class=\"tstk-ihbox tstk-ihbox-style-9\">\r\n<div class=\"tstk-ihbox-box d-flex align-items-center\">\r\n\t<div class=\"tstk-ihbox-icon\"><div class=\"tstk-ihbox-icon-wrapper\"><i class=\"tstk-industrey-icon tstk-industrey-icon-location\"><\/i><\/div><\/div>\t\r\n\t<div class=\"tstk-ihbox-contents\">\t\r\n\t\t<h2 class=\"tstk-element-title\">\r\n\t\t\t\t\t\r\n\t\t\t\t\t\tStandort\n\r\n\t\t\t\t\t\r\n\t\t\t\t\t<\/h2>\r\n\t\t\t\t\t\r\n\t\t\t\t<div class=\"tstk-heading-desc\">Zandzegge 16-20\n1731 LP Winkel (NH)\nNederland<\/div>\t\t\t<\/div><!-- .tstk-ihbox-contents -->\r\n<\/div><\/div>\t\t\t\t<\/div>\n\t\t\t\t<\/div>\n\t\t\t\t<div class=\"elementor-element elementor-element-9301b3b elementor-widget elementor-widget-tstk_icon_heading\" data-id=\"9301b3b\" data-element_type=\"widget\" data-e-type=\"widget\" data-widget_type=\"tstk_icon_heading.default\">\n\t\t\t\t<div class=\"elementor-widget-container\">\n\t\t\t\t\t<div class=\"tstk-ihbox tstk-ihbox-style-9\">\r\n<div class=\"tstk-ihbox-box d-flex align-items-center\">\r\n\t<div class=\"tstk-ihbox-icon\"><div class=\"tstk-ihbox-icon-wrapper\"><i class=\"tstk-industrey-icon tstk-industrey-icon-telephone\"><\/i><\/div><\/div>\t\r\n\t<div class=\"tstk-ihbox-contents\">\t\r\n\t\t<h2 class=\"tstk-element-title\">\r\n\t\t\t\t\t\r\n\t\t\t\t\t\tTelefonnummer\r\n\t\t\t\t\t\r\n\t\t\t\t\t<\/h2>\r\n\t\t\t\t\t\r\n\t\t\t\t<div class=\"tstk-heading-desc\">innerhalb der \u00d6ffnungszeiten\n: +31 224 544 155<br>\nau\u00dferhalb der \u00d6ffnungszeiten\n: +31(0) 650875623<br>\n+31(0) 653712137\n<\/div>\t\t\t<\/div><!-- .tstk-ihbox-contents -->\r\n<\/div><\/div>\t\t\t\t<\/div>\n\t\t\t\t<\/div>\n\t\t\t\t<div class=\"elementor-element elementor-element-9001bf5 elementor-widget elementor-widget-tstk_icon_heading\" data-id=\"9001bf5\" data-element_type=\"widget\" data-e-type=\"widget\" data-widget_type=\"tstk_icon_heading.default\">\n\t\t\t\t<div class=\"elementor-widget-container\">\n\t\t\t\t\t<div class=\"tstk-ihbox tstk-ihbox-style-9\">\r\n<div class=\"tstk-ihbox-box d-flex align-items-center\">\r\n\t<div class=\"tstk-ihbox-icon\"><div class=\"tstk-ihbox-icon-wrapper\"><i class=\"tstk-industrey-icon tstk-industrey-icon-email\"><\/i><\/div><\/div>\t\r\n\t<div class=\"tstk-ihbox-contents\">\t\r\n\t\t<h2 class=\"tstk-element-title\">\r\n\t\t\t\t\t\r\n\t\t\t\t\t\tE-Mail-Addresse\n\r\n\t\t\t\t\t\r\n\t\t\t\t\t<\/h2>\r\n\t\t\t\t\t\r\n\t\t\t\t<div class=\"tstk-heading-desc\">info@nhmr.nl<\/div>\t\t\t<\/div><!-- .tstk-ihbox-contents -->\r\n<\/div><\/div>\t\t\t\t<\/div>\n\t\t\t\t<\/div>\n\t\t\t\t<div class=\"elementor-element elementor-element-cadb643 elementor-widget elementor-widget-tstk_icon_heading\" data-id=\"cadb643\" data-element_type=\"widget\" data-e-type=\"widget\" data-widget_type=\"tstk_icon_heading.default\">\n\t\t\t\t<div class=\"elementor-widget-container\">\n\t\t\t\t\t<div class=\"tstk-ihbox tstk-ihbox-style-9\">\r\n<div class=\"tstk-ihbox-box d-flex align-items-center\">\r\n\t<div class=\"tstk-ihbox-icon\"><div class=\"tstk-ihbox-icon-wrapper\"><i class=\"tstk-industrey-icon tstk-industrey-icon-factory\"><\/i><\/div><\/div>\t\r\n\t<div class=\"tstk-ihbox-contents\">\t\r\n\t\t<h2 class=\"tstk-element-title\">\r\n\t\t\t\t\t\r\n\t\t\t\t\t\t\u00d6ffnungszeiten\r\n\t\t\t\t\t\r\n\t\t\t\t\t<\/h2>\r\n\t\t\t\t\t\r\n\t\t\t\t<div class=\"tstk-heading-desc\">Montag - Donnerstag: <br>\n08:00 - 17:00 <br>\n\nFreitag:<br>\n08:00 - 16:30<\/div>\t\t\t<\/div><!-- .tstk-ihbox-contents -->\r\n<\/div><\/div>\t\t\t\t<\/div>\n\t\t\t\t<\/div>\n\t\t\t\t\t<\/div>\n\t\t<\/div>\n\t\t\t\t<div class=\"elementor-column elementor-col-66 elementor-top-column elementor-element elementor-element-dcdf295 tstk-bg-color-yes tstk-elementor-bg-color-light tstk-bg-image-over-color\" data-id=\"dcdf295\" data-element_type=\"column\" data-e-type=\"column\" data-settings=\"{&quot;background_background&quot;:&quot;classic&quot;}\">\n\t\t\t<div class=\"elementor-widget-wrap elementor-element-populated\">\n\t\t\t\t\t\t<div class=\"elementor-element elementor-element-49e09cd elementor-button-align-stretch elementor-widget elementor-widget-form\" data-id=\"49e09cd\" data-element_type=\"widget\" data-e-type=\"widget\" data-settings=\"{&quot;button_width&quot;:&quot;60&quot;,&quot;step_type&quot;:&quot;number_text&quot;,&quot;step_icon_shape&quot;:&quot;circle&quot;}\" data-widget_type=\"form.default\">\n\t\t\t\t<div class=\"elementor-widget-container\">\n\t\t\t\t\t\t\t<form class=\"elementor-form\" method=\"post\" name=\"Nieuw Formulier\" aria-label=\"Nieuw Formulier\">\n\t\t\t<input type=\"hidden\" name=\"post_id\" value=\"2769\"\/>\n\t\t\t<input type=\"hidden\" name=\"form_id\" value=\"49e09cd\"\/>\n\t\t\t<input type=\"hidden\" name=\"referer_title\" value=\"Kontakt - NHMR\" \/>\n\n\t\t\t\t\t\t\t<input type=\"hidden\" name=\"queried_id\" value=\"2769\"\/>\n\t\t\t\n\t\t\t<div class=\"elementor-form-fields-wrapper elementor-labels-above\">\n\t\t\t\t\t\t\t\t<div class=\"elementor-field-type-text elementor-field-group elementor-column elementor-field-group-name elementor-col-50 elementor-field-required\">\n\t\t\t\t\t\t\t\t\t\t\t\t<label for=\"form-field-name\" class=\"elementor-field-label\">\n\t\t\t\t\t\t\t\tName\t\t\t\t\t\t\t<\/label>\n\t\t\t\t\t\t\t\t\t\t\t\t\t\t<input size=\"1\" type=\"text\" name=\"form_fields[name]\" id=\"form-field-name\" class=\"elementor-field elementor-size-sm  elementor-field-textual\" placeholder=\"Dein Name\" required=\"required\">\n\t\t\t\t\t\t\t\t\t\t\t<\/div>\n\t\t\t\t\t\t\t\t<div class=\"elementor-field-type-email elementor-field-group elementor-column elementor-field-group-email elementor-col-50 elementor-field-required\">\n\t\t\t\t\t\t\t\t\t\t\t\t<label for=\"form-field-email\" class=\"elementor-field-label\">\n\t\t\t\t\t\t\t\tE-Mail-Addresse\t\t\t\t\t\t\t<\/label>\n\t\t\t\t\t\t\t\t\t\t\t\t\t\t<input size=\"1\" type=\"email\" name=\"form_fields[email]\" id=\"form-field-email\" class=\"elementor-field elementor-size-sm  elementor-field-textual\" placeholder=\"Deine E-Mail-Addresse\" required=\"required\">\n\t\t\t\t\t\t\t\t\t\t\t<\/div>\n\t\t\t\t\t\t\t\t<div class=\"elementor-field-type-tel elementor-field-group elementor-column elementor-field-group-field_1c962ad elementor-col-50\">\n\t\t\t\t\t\t\t\t\t\t\t\t<label for=\"form-field-field_1c962ad\" class=\"elementor-field-label\">\n\t\t\t\t\t\t\t\tTelefonnummer\t\t\t\t\t\t\t<\/label>\n\t\t\t\t\t\t\t\t<input size=\"1\" type=\"tel\" name=\"form_fields[field_1c962ad]\" id=\"form-field-field_1c962ad\" class=\"elementor-field elementor-size-sm  elementor-field-textual\" placeholder=\"Deine Telefonnummer\" pattern=\"[0-9()#&amp;+*-=.]+\" title=\"Nur Nummern oder Telefon-Zeichen (#, -, *, etc) werden akzeptiert.\">\n\n\t\t\t\t\t\t<\/div>\n\t\t\t\t\t\t\t\t<div class=\"elementor-field-type-text elementor-field-group elementor-column elementor-field-group-field_24de2a4 elementor-col-50\">\n\t\t\t\t\t\t\t\t\t\t\t\t<label for=\"form-field-field_24de2a4\" class=\"elementor-field-label\">\n\t\t\t\t\t\t\t\tFach\t\t\t\t\t\t\t<\/label>\n\t\t\t\t\t\t\t\t\t\t\t\t\t\t<input size=\"1\" type=\"text\" name=\"form_fields[field_24de2a4]\" id=\"form-field-field_24de2a4\" class=\"elementor-field elementor-size-sm  elementor-field-textual\" placeholder=\"Fach\">\n\t\t\t\t\t\t\t\t\t\t\t<\/div>\n\t\t\t\t\t\t\t\t<div class=\"elementor-field-type-textarea elementor-field-group elementor-column elementor-field-group-message elementor-col-100\">\n\t\t\t\t\t\t\t\t\t\t\t\t<label for=\"form-field-message\" class=\"elementor-field-label\">\n\t\t\t\t\t\t\t\tNachricht\t\t\t\t\t\t\t<\/label>\n\t\t\t\t\t\t<textarea class=\"elementor-field-textual elementor-field  elementor-size-sm\" name=\"form_fields[message]\" id=\"form-field-message\" rows=\"4\" placeholder=\"Deine Nachricht\"><\/textarea>\t\t\t\t<\/div>\n\t\t\t\t\t\t\t\t<div class=\"elementor-field-type-recaptcha_v3 elementor-field-group elementor-column elementor-field-group-field_f647225 elementor-col-100 recaptcha_v3-bottomleft\">\n\t\t\t\t\t<div class=\"elementor-field\" id=\"form-field-field_f647225\"><div class=\"elementor-g-recaptcha\" data-sitekey=\"6LeuaJseAAAAALCHEMXS_ha3JzEMvyjnsvHNzz4l\" data-type=\"v3\" data-action=\"Form\" data-badge=\"bottomleft\" data-size=\"invisible\"><\/div><\/div>\t\t\t\t<\/div>\n\t\t\t\t\t\t\t\t<div class=\"elementor-field-group elementor-column elementor-field-type-submit elementor-col-60 e-form__buttons\">\n\t\t\t\t\t<button class=\"elementor-button elementor-size-sm\" type=\"submit\">\n\t\t\t\t\t\t<span class=\"elementor-button-content-wrapper\">\n\t\t\t\t\t\t\t\t\t\t\t\t\t\t\t<span class=\"elementor-button-icon\">\n\t\t\t\t\t\t\t\t\t<i aria-hidden=\"true\" class=\"tstk-industrey-icon tstk-industrey-icon-next\"><\/i>\t\t\t\t\t\t\t\t\t\t\t\t\t\t\t\t\t<\/span>\n\t\t\t\t\t\t\t\t\t\t\t\t\t\t\t\t\t\t\t\t\t\t<span class=\"elementor-button-text\">Nachricht senden<\/span>\n\t\t\t\t\t\t\t\t\t\t\t\t\t<\/span>\n\t\t\t\t\t<\/button>\n\t\t\t\t<\/div>\n\t\t\t<\/div>\n\t\t<\/form>\n\t\t\t\t\t\t<\/div>\n\t\t\t\t<\/div>\n\t\t\t\t\t<\/div>\n\t\t<\/div>\n\t\t\t\t\t<\/div>\n\t\t<\/section>\n\t\t\t\t<div class=\"elementor-section elementor-top-section elementor-element elementor-element-9b40617 tstk-col-stretched-none tstk-bg-color-over-image elementor-section-boxed elementor-section-height-default elementor-section-height-default\" data-id=\"9b40617\" data-element_type=\"section\" data-e-type=\"section\">\n\t\t\t\t\t\t<div class=\"elementor-container elementor-column-gap-default\">\n\t\t\t\t\t<div class=\"elementor-column elementor-col-50 elementor-top-column elementor-element elementor-element-e1e763a tstk-bg-color-over-image\" data-id=\"e1e763a\" data-element_type=\"column\" data-e-type=\"column\">\n\t\t\t<div class=\"elementor-widget-wrap\">\n\t\t\t\t\t\t\t<\/div>\n\t\t<\/div>\n\t\t\t\t<div class=\"elementor-column elementor-col-50 elementor-top-column elementor-element elementor-element-b5baeed tstk-bg-color-yes tstk-elementor-bg-color-globalcolor tstk-text-color-white tstk-bg-color-over-image\" data-id=\"b5baeed\" data-element_type=\"column\" data-e-type=\"column\">\n\t\t\t<div class=\"elementor-widget-wrap elementor-element-populated\">\n\t\t\t\t\t\t<div class=\"elementor-element elementor-element-f9b0ce9 elementor-widget elementor-widget-tstk_icon_heading\" data-id=\"f9b0ce9\" data-element_type=\"widget\" data-e-type=\"widget\" data-widget_type=\"tstk_icon_heading.default\">\n\t\t\t\t<div class=\"elementor-widget-container\">\n\t\t\t\t\t<div class=\"tstk-ihbox tstk-ihbox-style-2\"><div class=\"tstk-ihbox-box\">\r\n\t<div class=\"tstk-ihbox-headingicon\">\r\n\t\t\t\t\t\t<\/div>\r\n\t\t<div class=\"tstk-ihbox-contents\">\r\n\t\t\t\t\t\t<h2 class=\"tstk-element-title\">\r\n\t\t\t\t\t\r\n\t\t\t\t\t\tWir arbeiten gemeinsam mit unseren Partnern an einer guten und langfristigen Beziehung.\n\r\n\t\t\t\t\t\r\n\t\t\t\t\t<\/h2>\r\n\t\t\t\t\t\t\t\r\n\t\t\t\t\t\t\t\t<\/div><!-- .tstk-ihbox-contents -->\r\n<\/div>\r\n<\/div>\t\t\t\t<\/div>\n\t\t\t\t<\/div>\n\t\t\t\t\t<\/div>\n\t\t<\/div>\n\t\t\t\t\t<\/div>\n\t\t<\/div>\n\t\t\t\t<\/div>\n\t\t","protected":false},"excerpt":{"rendered":"<p>Hast du eine Frage? Lass uns wissen! Haben Sie unsere am h\u00e4ufigsten gestellten Fragen bereits gelesen und haben Sie noch eine Frage? Kontaktieren Sie uns einfach. Standort Zandzegge 16-20 1731 LP Winkel (NH) Nederland Telefonnummer innerhalb der \u00d6ffnungszeiten : +31 224 544 155 au\u00dferhalb der \u00d6ffnungszeiten : +31(0) 650875623 +31(0) 653712137 E-Mail-Addresse info@nhmr.nl \u00d6ffnungszeiten Montag &#8211; Donnerstag: 08:00 &#8211; 17:00 Freitag: 08:00 &#8211; 16:30 Wir arbeiten gemeinsam mit unseren Partnern[&hellip;]<\/p>\n","protected":false},"author":1,"featured_media":0,"parent":0,"menu_order":14,"comment_status":"closed","ping_status":"closed","template":"","meta":{"_acf_changed":false,"footnotes":""},"class_list":["post-2769","page","type-page","status-publish","hentry"],"acf":[],"yoast_head":"<!-- This site is optimized with the Yoast SEO plugin v27.4 - https:\/\/yoast.com\/product\/yoast-seo-wordpress\/ -->\n<title>Kontakt - NHMR<\/title>\n<meta name=\"description\" content=\"Haben Sie unsere am h\u00e4ufigsten gestellten Fragen bereits gelesen und haben Sie noch eine Frage? Kontaktieren Sie uns einfach.\" \/>\n<meta name=\"robots\" content=\"index, follow, max-snippet:-1, max-image-preview:large, max-video-preview:-1\" \/>\n<link rel=\"canonical\" href=\"https:\/\/nhmr.nl\/contact\/\" \/>\n<meta property=\"og:locale\" content=\"de_DE\" \/>\n<meta property=\"og:type\" content=\"article\" \/>\n<meta property=\"og:title\" content=\"Kontakt - NHMR\" \/>\n<meta property=\"og:description\" content=\"Haben Sie unsere am h\u00e4ufigsten gestellten Fragen bereits gelesen und haben Sie noch eine Frage? Kontaktieren Sie uns einfach.\" \/>\n<meta property=\"og:url\" content=\"https:\/\/nhmr.nl\/contact\/\" \/>\n<meta property=\"og:site_name\" content=\"NHMR\" \/>\n<meta property=\"article:modified_time\" content=\"2022-04-21T11:45:38+00:00\" \/>\n<meta name=\"twitter:card\" content=\"summary_large_image\" \/>\n<meta name=\"twitter:label1\" content=\"Gesch\u00e4tzte Lesezeit\" \/>\n\t<meta name=\"twitter:data1\" content=\"1\u00a0Minute\" \/>\n<script type=\"application\/ld+json\" class=\"yoast-schema-graph\">{\"@context\":\"https:\\\/\\\/schema.org\",\"@graph\":[{\"@type\":\"WebPage\",\"@id\":\"https:\\\/\\\/nhmr.nl\\\/contact\\\/\",\"url\":\"https:\\\/\\\/nhmr.nl\\\/contact\\\/\",\"name\":\"Kontakt - NHMR\",\"isPartOf\":{\"@id\":\"https:\\\/\\\/nhmr.nl\\\/#website\"},\"datePublished\":\"2022-02-17T14:41:28+00:00\",\"dateModified\":\"2022-04-21T11:45:38+00:00\",\"description\":\"Haben Sie unsere am h\u00e4ufigsten gestellten Fragen bereits gelesen und haben Sie noch eine Frage? Kontaktieren Sie uns einfach.\",\"breadcrumb\":{\"@id\":\"https:\\\/\\\/nhmr.nl\\\/contact\\\/#breadcrumb\"},\"inLanguage\":\"de\",\"potentialAction\":[{\"@type\":\"ReadAction\",\"target\":[\"https:\\\/\\\/nhmr.nl\\\/contact\\\/\"]}]},{\"@type\":\"BreadcrumbList\",\"@id\":\"https:\\\/\\\/nhmr.nl\\\/contact\\\/#breadcrumb\",\"itemListElement\":[{\"@type\":\"ListItem\",\"position\":1,\"name\":\"Home\",\"item\":\"https:\\\/\\\/nhmr.nl\\\/de\\\/startseite\\\/\"},{\"@type\":\"ListItem\",\"position\":2,\"name\":\"Kontakt\"}]},{\"@type\":\"WebSite\",\"@id\":\"https:\\\/\\\/nhmr.nl\\\/#website\",\"url\":\"https:\\\/\\\/nhmr.nl\\\/\",\"name\":\"NHMR\",\"description\":\"Noord Hollandse Motoren Revisie\",\"potentialAction\":[{\"@type\":\"SearchAction\",\"target\":{\"@type\":\"EntryPoint\",\"urlTemplate\":\"https:\\\/\\\/nhmr.nl\\\/?s={search_term_string}\"},\"query-input\":{\"@type\":\"PropertyValueSpecification\",\"valueRequired\":true,\"valueName\":\"search_term_string\"}}],\"inLanguage\":\"de\"}]}<\/script>\n<!-- \/ Yoast SEO plugin. -->","yoast_head_json":{"title":"Kontakt - NHMR","description":"Haben Sie unsere am h\u00e4ufigsten gestellten Fragen bereits gelesen und haben Sie noch eine Frage? Kontaktieren Sie uns einfach.","robots":{"index":"index","follow":"follow","max-snippet":"max-snippet:-1","max-image-preview":"max-image-preview:large","max-video-preview":"max-video-preview:-1"},"canonical":"https:\/\/nhmr.nl\/contact\/","og_locale":"de_DE","og_type":"article","og_title":"Kontakt - NHMR","og_description":"Haben Sie unsere am h\u00e4ufigsten gestellten Fragen bereits gelesen und haben Sie noch eine Frage? Kontaktieren Sie uns einfach.","og_url":"https:\/\/nhmr.nl\/contact\/","og_site_name":"NHMR","article_modified_time":"2022-04-21T11:45:38+00:00","twitter_card":"summary_large_image","twitter_misc":{"Gesch\u00e4tzte Lesezeit":"1\u00a0Minute"},"schema":{"@context":"https:\/\/schema.org","@graph":[{"@type":"WebPage","@id":"https:\/\/nhmr.nl\/contact\/","url":"https:\/\/nhmr.nl\/contact\/","name":"Kontakt - NHMR","isPartOf":{"@id":"https:\/\/nhmr.nl\/#website"},"datePublished":"2022-02-17T14:41:28+00:00","dateModified":"2022-04-21T11:45:38+00:00","description":"Haben Sie unsere am h\u00e4ufigsten gestellten Fragen bereits gelesen und haben Sie noch eine Frage? Kontaktieren Sie uns einfach.","breadcrumb":{"@id":"https:\/\/nhmr.nl\/contact\/#breadcrumb"},"inLanguage":"de","potentialAction":[{"@type":"ReadAction","target":["https:\/\/nhmr.nl\/contact\/"]}]},{"@type":"BreadcrumbList","@id":"https:\/\/nhmr.nl\/contact\/#breadcrumb","itemListElement":[{"@type":"ListItem","position":1,"name":"Home","item":"https:\/\/nhmr.nl\/de\/startseite\/"},{"@type":"ListItem","position":2,"name":"Kontakt"}]},{"@type":"WebSite","@id":"https:\/\/nhmr.nl\/#website","url":"https:\/\/nhmr.nl\/","name":"NHMR","description":"Noord Hollandse Motoren Revisie","potentialAction":[{"@type":"SearchAction","target":{"@type":"EntryPoint","urlTemplate":"https:\/\/nhmr.nl\/?s={search_term_string}"},"query-input":{"@type":"PropertyValueSpecification","valueRequired":true,"valueName":"search_term_string"}}],"inLanguage":"de"}]}},"_links":{"self":[{"href":"https:\/\/nhmr.nl\/de\/wp-json\/wp\/v2\/pages\/2769","targetHints":{"allow":["GET"]}}],"collection":[{"href":"https:\/\/nhmr.nl\/de\/wp-json\/wp\/v2\/pages"}],"about":[{"href":"https:\/\/nhmr.nl\/de\/wp-json\/wp\/v2\/types\/page"}],"author":[{"embeddable":true,"href":"https:\/\/nhmr.nl\/de\/wp-json\/wp\/v2\/users\/1"}],"replies":[{"embeddable":true,"href":"https:\/\/nhmr.nl\/de\/wp-json\/wp\/v2\/comments?post=2769"}],"version-history":[{"count":0,"href":"https:\/\/nhmr.nl\/de\/wp-json\/wp\/v2\/pages\/2769\/revisions"}],"wp:attachment":[{"href":"https:\/\/nhmr.nl\/de\/wp-json\/wp\/v2\/media?parent=2769"}],"curies":[{"name":"wp","href":"https:\/\/api.w.org\/{rel}","templated":true}]}}