{"id":2792,"date":"2022-02-17T14:41:34","date_gmt":"2022-02-17T14:41:34","guid":{"rendered":"http:\/\/nhmr.nl\/haendler\/"},"modified":"2025-11-13T13:31:27","modified_gmt":"2025-11-13T13:31:27","slug":"haendler","status":"publish","type":"page","link":"https:\/\/nhmr.nl\/de\/haendler\/","title":{"rendered":"H\u00e4ndler"},"content":{"rendered":"\t\t<div data-elementor-type=\"wp-page\" data-elementor-id=\"2792\" class=\"elementor elementor-2792 elementor-517\" data-elementor-post-type=\"page\">\n\t\t\t\t\t\t<section class=\"elementor-section elementor-top-section elementor-element elementor-element-acdf8ed tstk-col-stretched-right elementor-section-stretched tstk-bg-color-over-image elementor-section-boxed elementor-section-height-default elementor-section-height-default\" data-id=\"acdf8ed\" data-element_type=\"section\" data-e-type=\"section\" data-settings=\"{&quot;stretch_section&quot;:&quot;section-stretched&quot;,&quot;background_background&quot;:&quot;classic&quot;}\">\n\t\t\t\t\t\t<div class=\"elementor-container elementor-column-gap-no\">\n\t\t\t\t\t<div class=\"elementor-column elementor-col-50 elementor-top-column elementor-element elementor-element-33c0df7 tstk-bg-color-yes tstk-elementor-bg-color-light tstk-bg-color-over-image\" data-id=\"33c0df7\" data-element_type=\"column\" data-e-type=\"column\">\n\t\t\t<div class=\"elementor-widget-wrap elementor-element-populated\">\n\t\t\t\t\t\t<div class=\"elementor-element elementor-element-32cda6e tstk-align-left elementor-widget elementor-widget-tstk_heading\" data-id=\"32cda6e\" data-element_type=\"widget\" data-e-type=\"widget\" data-widget_type=\"tstk_heading.default\">\n\t\t\t\t<div class=\"elementor-widget-container\">\n\t\t\t\t\t\t<div class=\"tstk-heading-subheading left-align tstk-reverse-heading-yes\"><h4 class=\"tstk-element-subtitle\">\r\n\t\t\t\r\n\t\t\t\tSowohl Austausch als auch Neubau\n\r\n\t\t\t\r\n\t\t\t<\/h4>\r\n\t\t<h2 class=\"tstk-element-title\">\r\n\t\t\t\r\n\t\t\t\tH\u00e4ndler von NHMR\r\n\t\t\t\r\n\t\t\t<\/h2>\r\n\t\t<\/div>\t\t\t\t<\/div>\n\t\t\t\t<\/div>\n\t\t\t\t<div class=\"elementor-element elementor-element-e914a23 elementor-widget elementor-widget-text-editor\" data-id=\"e914a23\" data-element_type=\"widget\" data-e-type=\"widget\" data-widget_type=\"text-editor.default\">\n\t\t\t\t<div class=\"elementor-widget-container\">\n\t\t\t\t\t\t\t\t\t<p>Noordhollandse Motorenrevisie hat fast 50 Jahre Erfahrung mit Marken wie Caterpillar, Cummins, Deutz-MWM, DAF, Mercedes, Fiat, Iveco, Ford, Hatz, John Deere, Komatsu, Kubota, MAN, Mitsubishi, Perkins, Scania, Waukesha, Dorman , Jenbacher und Guascor.<\/p><p>Wir sind H\u00e4ndler f\u00fcr verschiedene Motorradhersteller. FPT, YANMAR und Ingersoll Rand sind Marken, die wir vertreten. Auf Wunsch k\u00f6nnen wir Anpassungen f\u00fcr verschiedene Anwendungen anbieten, sowohl f\u00fcr den Austausch als auch f\u00fcr den Neubau.<\/p>\t\t\t\t\t\t\t\t<\/div>\n\t\t\t\t<\/div>\n\t\t\t\t<div class=\"elementor-element elementor-element-acf374e elementor-position-left elementor-vertical-align-middle elementor-widget elementor-widget-image-box\" data-id=\"acf374e\" data-element_type=\"widget\" data-e-type=\"widget\" data-widget_type=\"image-box.default\">\n\t\t\t\t<div class=\"elementor-widget-container\">\n\t\t\t\t\t<div class=\"elementor-image-box-wrapper\"><figure class=\"elementor-image-box-img\"><a href=\"https:\/\/nhmr.nl\/de\/?page_id=2724\" tabindex=\"-1\"><img fetchpriority=\"high\" decoding=\"async\" width=\"480\" height=\"360\" src=\"https:\/\/nhmr.nl\/wp-content\/uploads\/2025\/11\/FPT-logo-nieuw.webp\" class=\"attachment-full size-full wp-image-6177\" alt=\"\" srcset=\"https:\/\/nhmr.nl\/wp-content\/uploads\/2025\/11\/FPT-logo-nieuw.webp 480w, https:\/\/nhmr.nl\/wp-content\/uploads\/2025\/11\/FPT-logo-nieuw-300x225.webp 300w\" sizes=\"(max-width: 480px) 100vw, 480px\" \/><\/a><\/figure><div class=\"elementor-image-box-content\"><p class=\"elementor-image-box-description\">Noordhollandse Motorenrevisie ist seit 1991 aktiver H\u00e4ndler von FPT.<\/p><\/div><\/div>\t\t\t\t<\/div>\n\t\t\t\t<\/div>\n\t\t\t\t<div class=\"elementor-element elementor-element-78d8768 elementor-position-left elementor-vertical-align-middle elementor-widget elementor-widget-image-box\" data-id=\"78d8768\" data-element_type=\"widget\" data-e-type=\"widget\" data-widget_type=\"image-box.default\">\n\t\t\t\t<div class=\"elementor-widget-container\">\n\t\t\t\t\t<div class=\"elementor-image-box-wrapper\"><figure class=\"elementor-image-box-img\"><a href=\"https:\/\/nhmr.nl\/de\/?page_id=2843\" tabindex=\"-1\"><img decoding=\"async\" width=\"480\" height=\"360\" src=\"https:\/\/nhmr.nl\/wp-content\/uploads\/2022\/01\/Ontwerp-zonder-titel-2.jpg\" class=\"attachment-full size-full wp-image-1545\" alt=\"Yanmar motoren\" srcset=\"https:\/\/nhmr.nl\/wp-content\/uploads\/2022\/01\/Ontwerp-zonder-titel-2.jpg 480w, https:\/\/nhmr.nl\/wp-content\/uploads\/2022\/01\/Ontwerp-zonder-titel-2-300x225.jpg 300w\" sizes=\"(max-width: 480px) 100vw, 480px\" \/><\/a><\/figure><div class=\"elementor-image-box-content\"><p class=\"elementor-image-box-description\">Noordhollandse Motorenrevisie ist seit 2003 aktiver H\u00e4ndler von YANMAR-Dieselmotoren.<\/p><\/div><\/div>\t\t\t\t<\/div>\n\t\t\t\t<\/div>\n\t\t\t\t<div class=\"elementor-element elementor-element-49a836b elementor-position-left elementor-vertical-align-middle elementor-widget elementor-widget-image-box\" data-id=\"49a836b\" data-element_type=\"widget\" data-e-type=\"widget\" data-widget_type=\"image-box.default\">\n\t\t\t\t<div class=\"elementor-widget-container\">\n\t\t\t\t\t<div class=\"elementor-image-box-wrapper\"><figure class=\"elementor-image-box-img\"><a href=\"https:\/\/nhmr.nl\/de\/?page_id=2828\" tabindex=\"-1\"><img decoding=\"async\" width=\"480\" height=\"360\" src=\"https:\/\/nhmr.nl\/wp-content\/uploads\/2022\/01\/Ontwerp-zonder-titel-3.jpg\" class=\"attachment-full size-full wp-image-1548\" alt=\"\" srcset=\"https:\/\/nhmr.nl\/wp-content\/uploads\/2022\/01\/Ontwerp-zonder-titel-3.jpg 480w, https:\/\/nhmr.nl\/wp-content\/uploads\/2022\/01\/Ontwerp-zonder-titel-3-300x225.jpg 300w\" sizes=\"(max-width: 480px) 100vw, 480px\" \/><\/a><\/figure><div class=\"elementor-image-box-content\"><p class=\"elementor-image-box-description\">Noordhollandse Motorenrevisie ist seit 2012 aktiver H\u00e4ndler von INGERSOLL RAND.<\/p><\/div><\/div>\t\t\t\t<\/div>\n\t\t\t\t<\/div>\n\t\t\t\t\t<\/div>\n\t\t<\/div>\n\t\t\t\t<div class=\"elementor-column elementor-col-50 elementor-top-column elementor-element elementor-element-abb611b tstk-bg-color-yes tstk-elementor-bg-color-globalcolor tstk-text-color-white tstk-bg-color-over-image\" data-id=\"abb611b\" data-element_type=\"column\" data-e-type=\"column\">\n\t\t\t<div class=\"elementor-widget-wrap elementor-element-populated\">\n\t\t\t\t\t\t<div class=\"elementor-element elementor-element-29964c5 tstk-align-left elementor-widget elementor-widget-tstk_heading\" data-id=\"29964c5\" data-element_type=\"widget\" data-e-type=\"widget\" data-widget_type=\"tstk_heading.default\">\n\t\t\t\t<div class=\"elementor-widget-container\">\n\t\t\t\t\t\t<div class=\"tstk-heading-subheading left-align tstk-reverse-heading-yes\"><h4 class=\"tstk-element-subtitle\">\r\n\t\t\t\r\n\t\t\t\tMotorteile bestellen\n\r\n\t\t\t\r\n\t\t\t<\/h4>\r\n\t\t<h2 class=\"tstk-element-title\">\r\n\t\t\t\r\n\t\t\t\tAuf der Suche nach einer anderen Marke?\n\r\n\t\t\t\r\n\t\t\t<\/h2>\r\n\t\t<\/div>\t\t\t\t<\/div>\n\t\t\t\t<\/div>\n\t\t\t\t<div class=\"elementor-element elementor-element-5a7551b elementor-widget elementor-widget-text-editor\" data-id=\"5a7551b\" data-element_type=\"widget\" data-e-type=\"widget\" data-widget_type=\"text-editor.default\">\n\t\t\t\t<div class=\"elementor-widget-container\">\n\t\t\t\t\t\t\t\t\t<p>Ben\u00f6tigen Sie ein Motorteil einer anderen Marke als Yanmar oder FPT\/Iveco? Im unten stehenden Formular k\u00f6nnen Sie uns die Marke, den Typ und eventuelle Fotos der Teile zusenden.<\/p>\n<p>Wir werden uns nach dem Ausf\u00fcllen des Formulars so schnell wie m\u00f6glich bei Ihnen melden.<\/p>\n\t\t\t\t\t\t\t\t<\/div>\n\t\t\t\t<\/div>\n\t\t\t\t<div class=\"elementor-element elementor-element-76521cc elementor-button-align-stretch elementor-widget elementor-widget-form\" data-id=\"76521cc\" data-element_type=\"widget\" data-e-type=\"widget\" data-settings=\"{&quot;button_width&quot;:&quot;50&quot;,&quot;step_type&quot;:&quot;number_text&quot;,&quot;step_icon_shape&quot;:&quot;circle&quot;}\" data-widget_type=\"form.default\">\n\t\t\t\t<div class=\"elementor-widget-container\">\n\t\t\t\t\t\t\t<form class=\"elementor-form\" method=\"post\" name=\"Nieuw Formulier\" aria-label=\"Nieuw Formulier\">\n\t\t\t<input type=\"hidden\" name=\"post_id\" value=\"2792\"\/>\n\t\t\t<input type=\"hidden\" name=\"form_id\" value=\"76521cc\"\/>\n\t\t\t<input type=\"hidden\" name=\"referer_title\" value=\"NHMR\" \/>\n\n\t\t\t\n\t\t\t<div class=\"elementor-form-fields-wrapper elementor-labels-above\">\n\t\t\t\t\t\t\t\t<div class=\"elementor-field-type-text elementor-field-group elementor-column elementor-field-group-name elementor-col-50 elementor-field-required\">\n\t\t\t\t\t\t\t\t\t\t\t\t\t<input size=\"1\" type=\"text\" name=\"form_fields[name]\" id=\"form-field-name\" class=\"elementor-field elementor-size-sm  elementor-field-textual\" placeholder=\"Deine Name\" required=\"required\">\n\t\t\t\t\t\t\t\t\t\t\t<\/div>\n\t\t\t\t\t\t\t\t<div class=\"elementor-field-type-email elementor-field-group elementor-column elementor-field-group-email elementor-col-50 elementor-field-required\">\n\t\t\t\t\t\t\t\t\t\t\t\t\t<input size=\"1\" type=\"email\" name=\"form_fields[email]\" id=\"form-field-email\" class=\"elementor-field elementor-size-sm  elementor-field-textual\" placeholder=\"E-Mail-Addresse\" required=\"required\">\n\t\t\t\t\t\t\t\t\t\t\t<\/div>\n\t\t\t\t\t\t\t\t<div class=\"elementor-field-type-text elementor-field-group elementor-column elementor-field-group-field_1c962ad elementor-col-50\">\n\t\t\t\t\t\t\t\t\t\t\t\t\t<input size=\"1\" type=\"text\" name=\"form_fields[field_1c962ad]\" id=\"form-field-field_1c962ad\" class=\"elementor-field elementor-size-sm  elementor-field-textual\" placeholder=\"Marke\">\n\t\t\t\t\t\t\t\t\t\t\t<\/div>\n\t\t\t\t\t\t\t\t<div class=\"elementor-field-type-text elementor-field-group elementor-column elementor-field-group-field_24de2a4 elementor-col-50\">\n\t\t\t\t\t\t\t\t\t\t\t\t\t<input size=\"1\" type=\"text\" name=\"form_fields[field_24de2a4]\" id=\"form-field-field_24de2a4\" class=\"elementor-field elementor-size-sm  elementor-field-textual\" placeholder=\"Art\">\n\t\t\t\t\t\t\t\t\t\t\t<\/div>\n\t\t\t\t\t\t\t\t<div class=\"elementor-field-type-upload elementor-field-group elementor-column elementor-field-group-field_22cbc4e elementor-col-100\">\n\t\t\t\t\t\t\t<input type=\"file\" name=\"form_fields[field_22cbc4e]\" id=\"form-field-field_22cbc4e\" class=\"elementor-field elementor-size-sm  elementor-upload-field\" data-maxsize=\"10\" data-maxsize-message=\"Diese Datei \u00fcbersteigt die maximale Dateigr\u00f6\u00dfe.\">\n\n\t\t\t\t\t\t<\/div>\n\t\t\t\t\t\t\t\t<div class=\"elementor-field-type-textarea elementor-field-group elementor-column elementor-field-group-message elementor-col-100\">\n\t\t\t\t\t<textarea class=\"elementor-field-textual elementor-field  elementor-size-sm\" name=\"form_fields[message]\" id=\"form-field-message\" rows=\"4\" placeholder=\"Ihre Nachricht\"><\/textarea>\t\t\t\t<\/div>\n\t\t\t\t\t\t\t\t<div class=\"elementor-field-type-recaptcha_v3 elementor-field-group elementor-column elementor-field-group-field_540e5ab elementor-col-100 recaptcha_v3-bottomleft\">\n\t\t\t\t\t<div class=\"elementor-field\" id=\"form-field-field_540e5ab\"><div class=\"elementor-g-recaptcha\" data-sitekey=\"6LeuaJseAAAAALCHEMXS_ha3JzEMvyjnsvHNzz4l\" data-type=\"v3\" data-action=\"Form\" data-badge=\"bottomleft\" data-size=\"invisible\"><\/div><\/div>\t\t\t\t<\/div>\n\t\t\t\t\t\t\t\t<div class=\"elementor-field-group elementor-column elementor-field-type-submit elementor-col-50 e-form__buttons\">\n\t\t\t\t\t<button class=\"elementor-button elementor-size-sm\" type=\"submit\">\n\t\t\t\t\t\t<span class=\"elementor-button-content-wrapper\">\n\t\t\t\t\t\t\t\t\t\t\t\t\t\t\t<span class=\"elementor-button-icon\">\n\t\t\t\t\t\t\t\t\t<i aria-hidden=\"true\" class=\"tstk-industrey-icon tstk-industrey-icon-next\"><\/i>\t\t\t\t\t\t\t\t\t\t\t\t\t\t\t\t\t<\/span>\n\t\t\t\t\t\t\t\t\t\t\t\t\t\t\t\t\t\t\t\t\t\t<span class=\"elementor-button-text\">Senden<\/span>\n\t\t\t\t\t\t\t\t\t\t\t\t\t<\/span>\n\t\t\t\t\t<\/button>\n\t\t\t\t<\/div>\n\t\t\t<\/div>\n\t\t<\/form>\n\t\t\t\t\t\t<\/div>\n\t\t\t\t<\/div>\n\t\t\t\t\t<\/div>\n\t\t<\/div>\n\t\t\t\t\t<\/div>\n\t\t<\/section>\n\t\t\t\t<\/div>\n\t\t","protected":false},"excerpt":{"rendered":"<p>Sowohl Austausch als auch Neubau H\u00e4ndler von NHMR Noordhollandse Motorenrevisie hat fast 50 Jahre Erfahrung mit Marken wie Caterpillar, Cummins, Deutz-MWM, DAF, Mercedes, Fiat, Iveco, Ford, Hatz, John Deere, Komatsu, Kubota, MAN, Mitsubishi, Perkins, Scania, Waukesha, Dorman , Jenbacher und Guascor. Wir sind H\u00e4ndler f\u00fcr verschiedene Motorradhersteller. FPT, YANMAR und Ingersoll Rand sind Marken, die wir vertreten. Auf Wunsch k\u00f6nnen wir Anpassungen f\u00fcr verschiedene Anwendungen anbieten, sowohl f\u00fcr den Austausch[&hellip;]<\/p>\n","protected":false},"author":1,"featured_media":0,"parent":0,"menu_order":0,"comment_status":"closed","ping_status":"closed","template":"elementor_header_footer","meta":{"_acf_changed":false,"footnotes":""},"class_list":["post-2792","page","type-page","status-publish","hentry"],"acf":[],"yoast_head":"<!-- This site is optimized with the Yoast SEO plugin v27.0 - https:\/\/yoast.com\/product\/yoast-seo-wordpress\/ -->\n<title>H\u00e4ndler - NHMR<\/title>\n<meta name=\"description\" content=\"Wir sind H\u00e4ndler f\u00fcr verschiedene Motorradhersteller. FPT-IVECO (CNH-i), YANMAR und Ingersoll Rand sind Marken, die wir vertreten.\" \/>\n<meta name=\"robots\" content=\"index, follow, max-snippet:-1, max-image-preview:large, max-video-preview:-1\" \/>\n<link rel=\"canonical\" href=\"https:\/\/nhmr.nl\/en\/dealerships\/\" \/>\n<meta property=\"og:locale\" content=\"de_DE\" \/>\n<meta property=\"og:type\" content=\"article\" \/>\n<meta property=\"og:title\" content=\"H\u00e4ndler - NHMR\" \/>\n<meta property=\"og:description\" content=\"Wir sind H\u00e4ndler f\u00fcr verschiedene Motorradhersteller. FPT-IVECO (CNH-i), YANMAR und Ingersoll Rand sind Marken, die wir vertreten.\" \/>\n<meta property=\"og:url\" content=\"https:\/\/nhmr.nl\/en\/dealerships\/\" \/>\n<meta property=\"og:site_name\" content=\"NHMR\" \/>\n<meta property=\"article:modified_time\" content=\"2025-11-13T13:31:27+00:00\" \/>\n<meta property=\"og:image\" content=\"https:\/\/nhmr.nl\/wp-content\/uploads\/2025\/11\/FPT-logo-nieuw.webp\" \/>\n\t<meta property=\"og:image:width\" content=\"480\" \/>\n\t<meta property=\"og:image:height\" content=\"360\" \/>\n\t<meta property=\"og:image:type\" content=\"image\/webp\" \/>\n<meta name=\"twitter:card\" content=\"summary_large_image\" \/>\n<meta name=\"twitter:label1\" content=\"Gesch\u00e4tzte Lesezeit\" \/>\n\t<meta name=\"twitter:data1\" content=\"2\u00a0Minuten\" \/>\n<script type=\"application\/ld+json\" class=\"yoast-schema-graph\">{\"@context\":\"https:\/\/schema.org\",\"@graph\":[{\"@type\":\"WebPage\",\"@id\":\"https:\/\/nhmr.nl\/en\/dealerships\/\",\"url\":\"https:\/\/nhmr.nl\/en\/dealerships\/\",\"name\":\"H\u00e4ndler - NHMR\",\"isPartOf\":{\"@id\":\"https:\/\/nhmr.nl\/#website\"},\"primaryImageOfPage\":{\"@id\":\"https:\/\/nhmr.nl\/en\/dealerships\/#primaryimage\"},\"image\":{\"@id\":\"https:\/\/nhmr.nl\/en\/dealerships\/#primaryimage\"},\"thumbnailUrl\":\"https:\/\/nhmr.nl\/wp-content\/uploads\/2025\/11\/FPT-logo-nieuw.webp\",\"datePublished\":\"2022-02-17T14:41:34+00:00\",\"dateModified\":\"2025-11-13T13:31:27+00:00\",\"description\":\"Wir sind H\u00e4ndler f\u00fcr verschiedene Motorradhersteller. FPT-IVECO (CNH-i), YANMAR und Ingersoll Rand sind Marken, die wir vertreten.\",\"breadcrumb\":{\"@id\":\"https:\/\/nhmr.nl\/en\/dealerships\/#breadcrumb\"},\"inLanguage\":\"de\",\"potentialAction\":[{\"@type\":\"ReadAction\",\"target\":[\"https:\/\/nhmr.nl\/en\/dealerships\/\"]}]},{\"@type\":\"ImageObject\",\"inLanguage\":\"de\",\"@id\":\"https:\/\/nhmr.nl\/en\/dealerships\/#primaryimage\",\"url\":\"https:\/\/nhmr.nl\/wp-content\/uploads\/2025\/11\/FPT-logo-nieuw.webp\",\"contentUrl\":\"https:\/\/nhmr.nl\/wp-content\/uploads\/2025\/11\/FPT-logo-nieuw.webp\"},{\"@type\":\"BreadcrumbList\",\"@id\":\"https:\/\/nhmr.nl\/en\/dealerships\/#breadcrumb\",\"itemListElement\":[{\"@type\":\"ListItem\",\"position\":1,\"name\":\"Home\",\"item\":\"https:\/\/nhmr.nl\/de\/\"},{\"@type\":\"ListItem\",\"position\":2,\"name\":\"H\u00e4ndler\"}]},{\"@type\":\"WebSite\",\"@id\":\"https:\/\/nhmr.nl\/#website\",\"url\":\"https:\/\/nhmr.nl\/\",\"name\":\"NHMR\",\"description\":\"Noord Hollandse Motoren Revisie\",\"potentialAction\":[{\"@type\":\"SearchAction\",\"target\":{\"@type\":\"EntryPoint\",\"urlTemplate\":\"https:\/\/nhmr.nl\/?s={search_term_string}\"},\"query-input\":{\"@type\":\"PropertyValueSpecification\",\"valueRequired\":true,\"valueName\":\"search_term_string\"}}],\"inLanguage\":\"de\"}]}<\/script>\n<!-- \/ Yoast SEO plugin. -->","yoast_head_json":{"title":"H\u00e4ndler - NHMR","description":"Wir sind H\u00e4ndler f\u00fcr verschiedene Motorradhersteller. FPT-IVECO (CNH-i), YANMAR und Ingersoll Rand sind Marken, die wir vertreten.","robots":{"index":"index","follow":"follow","max-snippet":"max-snippet:-1","max-image-preview":"max-image-preview:large","max-video-preview":"max-video-preview:-1"},"canonical":"https:\/\/nhmr.nl\/en\/dealerships\/","og_locale":"de_DE","og_type":"article","og_title":"H\u00e4ndler - NHMR","og_description":"Wir sind H\u00e4ndler f\u00fcr verschiedene Motorradhersteller. FPT-IVECO (CNH-i), YANMAR und Ingersoll Rand sind Marken, die wir vertreten.","og_url":"https:\/\/nhmr.nl\/en\/dealerships\/","og_site_name":"NHMR","article_modified_time":"2025-11-13T13:31:27+00:00","og_image":[{"width":480,"height":360,"url":"https:\/\/nhmr.nl\/wp-content\/uploads\/2025\/11\/FPT-logo-nieuw.webp","type":"image\/webp"}],"twitter_card":"summary_large_image","twitter_misc":{"Gesch\u00e4tzte Lesezeit":"2\u00a0Minuten"},"schema":{"@context":"https:\/\/schema.org","@graph":[{"@type":"WebPage","@id":"https:\/\/nhmr.nl\/en\/dealerships\/","url":"https:\/\/nhmr.nl\/en\/dealerships\/","name":"H\u00e4ndler - NHMR","isPartOf":{"@id":"https:\/\/nhmr.nl\/#website"},"primaryImageOfPage":{"@id":"https:\/\/nhmr.nl\/en\/dealerships\/#primaryimage"},"image":{"@id":"https:\/\/nhmr.nl\/en\/dealerships\/#primaryimage"},"thumbnailUrl":"https:\/\/nhmr.nl\/wp-content\/uploads\/2025\/11\/FPT-logo-nieuw.webp","datePublished":"2022-02-17T14:41:34+00:00","dateModified":"2025-11-13T13:31:27+00:00","description":"Wir sind H\u00e4ndler f\u00fcr verschiedene Motorradhersteller. FPT-IVECO (CNH-i), YANMAR und Ingersoll Rand sind Marken, die wir vertreten.","breadcrumb":{"@id":"https:\/\/nhmr.nl\/en\/dealerships\/#breadcrumb"},"inLanguage":"de","potentialAction":[{"@type":"ReadAction","target":["https:\/\/nhmr.nl\/en\/dealerships\/"]}]},{"@type":"ImageObject","inLanguage":"de","@id":"https:\/\/nhmr.nl\/en\/dealerships\/#primaryimage","url":"https:\/\/nhmr.nl\/wp-content\/uploads\/2025\/11\/FPT-logo-nieuw.webp","contentUrl":"https:\/\/nhmr.nl\/wp-content\/uploads\/2025\/11\/FPT-logo-nieuw.webp"},{"@type":"BreadcrumbList","@id":"https:\/\/nhmr.nl\/en\/dealerships\/#breadcrumb","itemListElement":[{"@type":"ListItem","position":1,"name":"Home","item":"https:\/\/nhmr.nl\/de\/"},{"@type":"ListItem","position":2,"name":"H\u00e4ndler"}]},{"@type":"WebSite","@id":"https:\/\/nhmr.nl\/#website","url":"https:\/\/nhmr.nl\/","name":"NHMR","description":"Noord Hollandse Motoren Revisie","potentialAction":[{"@type":"SearchAction","target":{"@type":"EntryPoint","urlTemplate":"https:\/\/nhmr.nl\/?s={search_term_string}"},"query-input":{"@type":"PropertyValueSpecification","valueRequired":true,"valueName":"search_term_string"}}],"inLanguage":"de"}]}},"_links":{"self":[{"href":"https:\/\/nhmr.nl\/de\/wp-json\/wp\/v2\/pages\/2792","targetHints":{"allow":["GET"]}}],"collection":[{"href":"https:\/\/nhmr.nl\/de\/wp-json\/wp\/v2\/pages"}],"about":[{"href":"https:\/\/nhmr.nl\/de\/wp-json\/wp\/v2\/types\/page"}],"author":[{"embeddable":true,"href":"https:\/\/nhmr.nl\/de\/wp-json\/wp\/v2\/users\/1"}],"replies":[{"embeddable":true,"href":"https:\/\/nhmr.nl\/de\/wp-json\/wp\/v2\/comments?post=2792"}],"version-history":[{"count":0,"href":"https:\/\/nhmr.nl\/de\/wp-json\/wp\/v2\/pages\/2792\/revisions"}],"wp:attachment":[{"href":"https:\/\/nhmr.nl\/de\/wp-json\/wp\/v2\/media?parent=2792"}],"curies":[{"name":"wp","href":"https:\/\/api.w.org\/{rel}","templated":true}]}}