{"id":2828,"date":"2022-02-17T14:41:46","date_gmt":"2022-02-17T14:41:46","guid":{"rendered":"http:\/\/nhmr.nl\/haendler\/ingersoll-rand\/"},"modified":"2022-02-22T15:56:51","modified_gmt":"2022-02-22T15:56:51","slug":"ingersoll-rand","status":"publish","type":"page","link":"https:\/\/nhmr.nl\/de\/haendler\/ingersoll-rand\/","title":{"rendered":"INGERSOLL-RAND"},"content":{"rendered":"\t\t<div data-elementor-type=\"wp-page\" data-elementor-id=\"2828\" class=\"elementor elementor-2828 elementor-1563\" data-elementor-post-type=\"page\">\n\t\t\t\t\t\t<section class=\"elementor-section elementor-top-section elementor-element elementor-element-78a5e9f tstk-bg-color-yes tstk-elementor-bg-color-white elementor-section-stretched tstk-col-stretched-none tstk-bg-color-over-image elementor-section-boxed elementor-section-height-default elementor-section-height-default\" data-id=\"78a5e9f\" data-element_type=\"section\" data-e-type=\"section\" data-settings=\"{&quot;stretch_section&quot;:&quot;section-stretched&quot;,&quot;background_background&quot;:&quot;classic&quot;}\">\n\t\t\t\t\t\t\t<div class=\"elementor-background-overlay\"><\/div>\n\t\t\t\t\t\t\t<div class=\"elementor-container elementor-column-gap-no\">\n\t\t\t\t\t<div class=\"elementor-column elementor-col-100 elementor-top-column elementor-element elementor-element-56abc4d tstk-bg-color-over-image\" data-id=\"56abc4d\" data-element_type=\"column\" data-e-type=\"column\" data-settings=\"{&quot;background_background&quot;:&quot;classic&quot;}\">\n\t\t\t<div class=\"elementor-widget-wrap elementor-element-populated\">\n\t\t\t\t\t\t<div class=\"elementor-element elementor-element-69d5328 tstk-align-left elementor-widget elementor-widget-tstk_heading\" data-id=\"69d5328\" data-element_type=\"widget\" data-e-type=\"widget\" data-widget_type=\"tstk_heading.default\">\n\t\t\t\t<div class=\"elementor-widget-container\">\n\t\t\t\t\t\t<div class=\"tstk-heading-subheading left-align tstk-reverse-heading-yes\"><h4 class=\"tstk-element-subtitle\">\r\n\t\t\t\r\n\t\t\t\tDealerschappen\r\n\t\t\t\r\n\t\t\t<\/h4>\r\n\t\t<h2 class=\"tstk-element-title\">\r\n\t\t\t\r\n\t\t\t\tIngersoll Rand\r\n\t\t\t\r\n\t\t\t<\/h2>\r\n\t\t<\/div>\t\t\t\t<\/div>\n\t\t\t\t<\/div>\n\t\t\t\t<div class=\"elementor-element elementor-element-a677fd3 elementor-widget elementor-widget-text-editor\" data-id=\"a677fd3\" data-element_type=\"widget\" data-e-type=\"widget\" data-widget_type=\"text-editor.default\">\n\t\t\t\t<div class=\"elementor-widget-container\">\n\t\t\t\t\t\t\t\t\t<p>Noordhollandse Motorenrevisie ist seit 2012 aktiver H\u00e4ndler von Ingersoll Rand Druckluftkompressoren und Zubeh\u00f6r. Dieser Hersteller von Druckluftl\u00f6sungen hat einen weltweiten Ruf von mehr als 100 Jahren. <\/p>\n<p>NHMR ber\u00e4t Sie projektbezogen beim Austausch oder Neubau Ihrer Druckluftanlage. Im Falle einer St\u00f6rung oder Wartung steht Ihnen unsere Serviceabteilung zur Verf\u00fcgung.<\/p>\n\t\t\t\t\t\t\t\t<\/div>\n\t\t\t\t<\/div>\n\t\t\t\t<div class=\"elementor-section elementor-inner-section elementor-element elementor-element-af0edac tstk-col-stretched-none tstk-bg-color-over-image elementor-section-boxed elementor-section-height-default elementor-section-height-default\" data-id=\"af0edac\" data-element_type=\"section\" data-e-type=\"section\">\n\t\t\t\t\t\t<div class=\"elementor-container elementor-column-gap-no\">\n\t\t\t\t\t<div class=\"elementor-column elementor-col-33 elementor-inner-column elementor-element elementor-element-b25b077 tstk-bg-color-over-image\" data-id=\"b25b077\" data-element_type=\"column\" data-e-type=\"column\" data-settings=\"{&quot;background_background&quot;:&quot;classic&quot;}\">\n\t\t\t<div class=\"elementor-widget-wrap elementor-element-populated\">\n\t\t\t\t\t\t<div class=\"elementor-element elementor-element-95ca291 elementor-widget elementor-widget-image\" data-id=\"95ca291\" data-element_type=\"widget\" data-e-type=\"widget\" data-widget_type=\"image.default\">\n\t\t\t\t<div class=\"elementor-widget-container\">\n\t\t\t\t\t\t\t\t\t\t\t\t\t\t\t<img fetchpriority=\"high\" decoding=\"async\" width=\"240\" height=\"240\" src=\"https:\/\/nhmr.nl\/wp-content\/uploads\/2022\/01\/reciprocating-compressor.webp\" class=\"attachment-large size-large wp-image-1820\" alt=\"Ingersoll Rand compressoren\" srcset=\"https:\/\/nhmr.nl\/wp-content\/uploads\/2022\/01\/reciprocating-compressor.webp 240w, https:\/\/nhmr.nl\/wp-content\/uploads\/2022\/01\/reciprocating-compressor-150x150.webp 150w\" sizes=\"(max-width: 240px) 100vw, 240px\" \/>\t\t\t\t\t\t\t\t\t\t\t\t\t\t\t<\/div>\n\t\t\t\t<\/div>\n\t\t\t\t<div class=\"elementor-element elementor-element-3837043 elementor-widget elementor-widget-heading\" data-id=\"3837043\" data-element_type=\"widget\" data-e-type=\"widget\" data-widget_type=\"heading.default\">\n\t\t\t\t<div class=\"elementor-widget-container\">\n\t\t\t\t\t<h3 class=\"elementor-heading-title elementor-size-default\">Kolbenkompressoren<\/h3>\t\t\t\t<\/div>\n\t\t\t\t<\/div>\n\t\t\t\t<div class=\"elementor-element elementor-element-13deaf7 elementor-widget elementor-widget-text-editor\" data-id=\"13deaf7\" data-element_type=\"widget\" data-e-type=\"widget\" data-widget_type=\"text-editor.default\">\n\t\t\t\t<div class=\"elementor-widget-container\">\n\t\t\t\t\t\t\t\t\t<p>Verwendet f\u00fcr Anwendungen wie in Karosseriewerkst\u00e4tten, kleinen Werkst\u00e4tten oder Heimwerkerprojekten.<\/p>\n\t\t\t\t\t\t\t\t<\/div>\n\t\t\t\t<\/div>\n\t\t\t\t<div class=\"elementor-element elementor-element-6a76aa8 tstk-btn-shape-round elementor-align-center tstk-btn-color-globalcolor tstk-btn-style-flat elementor-widget elementor-widget-button\" data-id=\"6a76aa8\" data-element_type=\"widget\" data-e-type=\"widget\" data-widget_type=\"button.default\">\n\t\t\t\t<div class=\"elementor-widget-container\">\n\t\t\t\t\t\t\t\t\t<div class=\"elementor-button-wrapper\">\n\t\t\t\t\t<a class=\"elementor-button elementor-button-link elementor-size-sm\" href=\"https:\/\/www.ingersollrand.com\/nl-nl\/air-compressor\/reciprocating-air-compressors\" target=\"_blank\">\n\t\t\t\t\t\t<span class=\"elementor-button-content-wrapper\">\n\t\t\t\t\t\t\t\t\t<span class=\"elementor-button-text\">Sehen<\/span>\n\t\t\t\t\t<\/span>\n\t\t\t\t\t<\/a>\n\t\t\t\t<\/div>\n\t\t\t\t\t\t\t\t<\/div>\n\t\t\t\t<\/div>\n\t\t\t\t\t<\/div>\n\t\t<\/div>\n\t\t\t\t<div class=\"elementor-column elementor-col-33 elementor-inner-column elementor-element elementor-element-3f3d608 tstk-bg-color-over-image\" data-id=\"3f3d608\" data-element_type=\"column\" data-e-type=\"column\" data-settings=\"{&quot;background_background&quot;:&quot;classic&quot;}\">\n\t\t\t<div class=\"elementor-widget-wrap elementor-element-populated\">\n\t\t\t\t\t\t<div class=\"elementor-element elementor-element-66e6aa0 elementor-widget elementor-widget-image\" data-id=\"66e6aa0\" data-element_type=\"widget\" data-e-type=\"widget\" data-widget_type=\"image.default\">\n\t\t\t\t<div class=\"elementor-widget-container\">\n\t\t\t\t\t\t\t\t\t\t\t\t\t\t\t<img decoding=\"async\" width=\"240\" height=\"240\" src=\"https:\/\/nhmr.nl\/wp-content\/uploads\/2022\/01\/OilFloodedAirCompressor.webp\" class=\"attachment-large size-large wp-image-1829\" alt=\"Ingersoll Rand compressoren\" srcset=\"https:\/\/nhmr.nl\/wp-content\/uploads\/2022\/01\/OilFloodedAirCompressor.webp 240w, https:\/\/nhmr.nl\/wp-content\/uploads\/2022\/01\/OilFloodedAirCompressor-150x150.webp 150w\" sizes=\"(max-width: 240px) 100vw, 240px\" \/>\t\t\t\t\t\t\t\t\t\t\t\t\t\t\t<\/div>\n\t\t\t\t<\/div>\n\t\t\t\t<div class=\"elementor-element elementor-element-28c21ab elementor-widget elementor-widget-heading\" data-id=\"28c21ab\" data-element_type=\"widget\" data-e-type=\"widget\" data-widget_type=\"heading.default\">\n\t\t\t\t<div class=\"elementor-widget-container\">\n\t\t\t\t\t<h3 class=\"elementor-heading-title elementor-size-default\">\u00d6leingespritzte Schraubenkompressoren<\/h3>\t\t\t\t<\/div>\n\t\t\t\t<\/div>\n\t\t\t\t<div class=\"elementor-element elementor-element-6a00881 elementor-widget elementor-widget-text-editor\" data-id=\"6a00881\" data-element_type=\"widget\" data-e-type=\"widget\" data-widget_type=\"text-editor.default\">\n\t\t\t\t<div class=\"elementor-widget-container\">\n\t\t\t\t\t\t\t\t\t<div class=\"card__content\">\n<div class=\"card__content__description\">\n<div class=\"card__content__description--font-control\">Wird f\u00fcr industrielle Anwendungen wie die Automobil- und allgemeine Industrie verwendet.<\/div>\n<\/div>\n<\/div>\n\t\t\t\t\t\t\t\t<\/div>\n\t\t\t\t<\/div>\n\t\t\t\t<div class=\"elementor-element elementor-element-a400b5c elementor-align-center tstk-btn-shape-round tstk-btn-color-globalcolor tstk-btn-style-flat elementor-widget elementor-widget-button\" data-id=\"a400b5c\" data-element_type=\"widget\" data-e-type=\"widget\" data-widget_type=\"button.default\">\n\t\t\t\t<div class=\"elementor-widget-container\">\n\t\t\t\t\t\t\t\t\t<div class=\"elementor-button-wrapper\">\n\t\t\t\t\t<a class=\"elementor-button elementor-button-link elementor-size-sm\" href=\"https:\/\/www.ingersollrand.com\/nl-nl\/air-compressor\/oil-flooded-air-compressors\" target=\"_blank\">\n\t\t\t\t\t\t<span class=\"elementor-button-content-wrapper\">\n\t\t\t\t\t\t\t\t\t<span class=\"elementor-button-text\">Sehen<\/span>\n\t\t\t\t\t<\/span>\n\t\t\t\t\t<\/a>\n\t\t\t\t<\/div>\n\t\t\t\t\t\t\t\t<\/div>\n\t\t\t\t<\/div>\n\t\t\t\t\t<\/div>\n\t\t<\/div>\n\t\t\t\t<div class=\"elementor-column elementor-col-33 elementor-inner-column elementor-element elementor-element-bc3afce tstk-bg-color-over-image\" data-id=\"bc3afce\" data-element_type=\"column\" data-e-type=\"column\" data-settings=\"{&quot;background_background&quot;:&quot;classic&quot;}\">\n\t\t\t<div class=\"elementor-widget-wrap elementor-element-populated\">\n\t\t\t\t\t\t<div class=\"elementor-element elementor-element-f73fcac elementor-widget elementor-widget-image\" data-id=\"f73fcac\" data-element_type=\"widget\" data-e-type=\"widget\" data-widget_type=\"image.default\">\n\t\t\t\t<div class=\"elementor-widget-container\">\n\t\t\t\t\t\t\t\t\t\t\t\t\t\t\t<img decoding=\"async\" width=\"240\" height=\"240\" src=\"https:\/\/nhmr.nl\/wp-content\/uploads\/2022\/01\/E315i315kWRotaryOilFreeCompressorACHero.webp\" class=\"attachment-large size-large wp-image-1839\" alt=\"Ingersoll Rand compressoren\" srcset=\"https:\/\/nhmr.nl\/wp-content\/uploads\/2022\/01\/E315i315kWRotaryOilFreeCompressorACHero.webp 240w, https:\/\/nhmr.nl\/wp-content\/uploads\/2022\/01\/E315i315kWRotaryOilFreeCompressorACHero-150x150.webp 150w\" sizes=\"(max-width: 240px) 100vw, 240px\" \/>\t\t\t\t\t\t\t\t\t\t\t\t\t\t\t<\/div>\n\t\t\t\t<\/div>\n\t\t\t\t<div class=\"elementor-element elementor-element-3c605d4 elementor-widget elementor-widget-heading\" data-id=\"3c605d4\" data-element_type=\"widget\" data-e-type=\"widget\" data-widget_type=\"heading.default\">\n\t\t\t\t<div class=\"elementor-widget-container\">\n\t\t\t\t\t<h3 class=\"elementor-heading-title elementor-size-default\">\u00d6lfreie Kompressoren<\/h3>\t\t\t\t<\/div>\n\t\t\t\t<\/div>\n\t\t\t\t<div class=\"elementor-element elementor-element-53694e9 elementor-widget elementor-widget-text-editor\" data-id=\"53694e9\" data-element_type=\"widget\" data-e-type=\"widget\" data-widget_type=\"text-editor.default\">\n\t\t\t\t<div class=\"elementor-widget-container\">\n\t\t\t\t\t\t\t\t\t<div class=\"content ieFlex top-content\">\n<div class=\"card__content\">\n<div class=\"card__content__description\">\n<div class=\"card__content__description--font-control\">Wird f\u00fcr industrielle Anwendungen wie Elektronik, Pharmazie, Textil- und Lebensmittel- und Getr\u00e4nkeproduktion verwendet.<\/div>\n<\/div>\n<\/div>\n<\/div>\n\t\t\t\t\t\t\t\t<\/div>\n\t\t\t\t<\/div>\n\t\t\t\t<div class=\"elementor-element elementor-element-54716c7 tstk-btn-shape-round elementor-align-center tstk-btn-color-globalcolor tstk-btn-style-flat elementor-widget elementor-widget-button\" data-id=\"54716c7\" data-element_type=\"widget\" data-e-type=\"widget\" data-widget_type=\"button.default\">\n\t\t\t\t<div class=\"elementor-widget-container\">\n\t\t\t\t\t\t\t\t\t<div class=\"elementor-button-wrapper\">\n\t\t\t\t\t<a class=\"elementor-button elementor-button-link elementor-size-sm\" href=\"https:\/\/www.ingersollrand.com\/nl-nl\/air-compressor\/oil-free-air-compressors\" target=\"_blank\">\n\t\t\t\t\t\t<span class=\"elementor-button-content-wrapper\">\n\t\t\t\t\t\t\t\t\t<span class=\"elementor-button-text\">Sehen<\/span>\n\t\t\t\t\t<\/span>\n\t\t\t\t\t<\/a>\n\t\t\t\t<\/div>\n\t\t\t\t\t\t\t\t<\/div>\n\t\t\t\t<\/div>\n\t\t\t\t\t<\/div>\n\t\t<\/div>\n\t\t\t\t\t<\/div>\n\t\t<\/div>\n\t\t\t\t\t<\/div>\n\t\t<\/div>\n\t\t\t\t\t<\/div>\n\t\t<\/section>\n\t\t\t\t<\/div>\n\t\t","protected":false},"excerpt":{"rendered":"<p>Dealerschappen Ingersoll Rand Noordhollandse Motorenrevisie ist seit 2012 aktiver H\u00e4ndler von Ingersoll Rand Druckluftkompressoren und Zubeh\u00f6r. Dieser Hersteller von Druckluftl\u00f6sungen hat einen weltweiten Ruf von mehr als 100 Jahren. NHMR ber\u00e4t Sie projektbezogen beim Austausch oder Neubau Ihrer Druckluftanlage. Im Falle einer St\u00f6rung oder Wartung steht Ihnen unsere Serviceabteilung zur Verf\u00fcgung. Kolbenkompressoren Verwendet f\u00fcr Anwendungen wie in Karosseriewerkst\u00e4tten, kleinen Werkst\u00e4tten oder Heimwerkerprojekten. Sehen \u00d6leingespritzte Schraubenkompressoren Wird f\u00fcr industrielle Anwendungen wie[&hellip;]<\/p>\n","protected":false},"author":1,"featured_media":0,"parent":2792,"menu_order":0,"comment_status":"closed","ping_status":"closed","template":"elementor_header_footer","meta":{"_acf_changed":false,"footnotes":""},"class_list":["post-2828","page","type-page","status-publish","hentry"],"acf":[],"yoast_head":"<!-- This site is optimized with the Yoast SEO plugin v27.0 - https:\/\/yoast.com\/product\/yoast-seo-wordpress\/ -->\n<title>INGERSOLL-RAND - NHMR<\/title>\n<meta name=\"description\" content=\"Noordhollandse Motorenrevisie ist seit 2012 aktiver H\u00e4ndler von Ingersoll Rand Druckluftkompressoren und Zubeh\u00f6r. Dieser Hersteller von Druckluftl\u00f6sungen hat einen weltweiten Ruf von mehr als 100 Jahren.\" \/>\n<meta name=\"robots\" content=\"index, follow, max-snippet:-1, max-image-preview:large, max-video-preview:-1\" \/>\n<link rel=\"canonical\" href=\"https:\/\/nhmr.nl\/en\/dealerships\/ingersoll-rand\/\" \/>\n<meta property=\"og:locale\" content=\"de_DE\" \/>\n<meta property=\"og:type\" content=\"article\" \/>\n<meta property=\"og:title\" content=\"INGERSOLL-RAND - NHMR\" \/>\n<meta property=\"og:description\" content=\"Noordhollandse Motorenrevisie ist seit 2012 aktiver H\u00e4ndler von Ingersoll Rand Druckluftkompressoren und Zubeh\u00f6r. Dieser Hersteller von Druckluftl\u00f6sungen hat einen weltweiten Ruf von mehr als 100 Jahren.\" \/>\n<meta property=\"og:url\" content=\"https:\/\/nhmr.nl\/en\/dealerships\/ingersoll-rand\/\" \/>\n<meta property=\"og:site_name\" content=\"NHMR\" \/>\n<meta property=\"article:modified_time\" content=\"2022-02-22T15:56:51+00:00\" \/>\n<meta property=\"og:image\" content=\"http:\/\/nhmr.nl\/wp-content\/uploads\/2022\/01\/reciprocating-compressor.webp\" \/>\n<meta name=\"twitter:card\" content=\"summary_large_image\" \/>\n<meta name=\"twitter:label1\" content=\"Gesch\u00e4tzte Lesezeit\" \/>\n\t<meta name=\"twitter:data1\" content=\"2\u00a0Minuten\" \/>\n<script type=\"application\/ld+json\" class=\"yoast-schema-graph\">{\"@context\":\"https:\/\/schema.org\",\"@graph\":[{\"@type\":\"WebPage\",\"@id\":\"https:\/\/nhmr.nl\/en\/dealerships\/ingersoll-rand\/\",\"url\":\"https:\/\/nhmr.nl\/en\/dealerships\/ingersoll-rand\/\",\"name\":\"INGERSOLL-RAND - NHMR\",\"isPartOf\":{\"@id\":\"https:\/\/nhmr.nl\/#website\"},\"primaryImageOfPage\":{\"@id\":\"https:\/\/nhmr.nl\/en\/dealerships\/ingersoll-rand\/#primaryimage\"},\"image\":{\"@id\":\"https:\/\/nhmr.nl\/en\/dealerships\/ingersoll-rand\/#primaryimage\"},\"thumbnailUrl\":\"http:\/\/nhmr.nl\/wp-content\/uploads\/2022\/01\/reciprocating-compressor.webp\",\"datePublished\":\"2022-02-17T14:41:46+00:00\",\"dateModified\":\"2022-02-22T15:56:51+00:00\",\"description\":\"Noordhollandse Motorenrevisie ist seit 2012 aktiver H\u00e4ndler von Ingersoll Rand Druckluftkompressoren und Zubeh\u00f6r. Dieser Hersteller von Druckluftl\u00f6sungen hat einen weltweiten Ruf von mehr als 100 Jahren.\",\"breadcrumb\":{\"@id\":\"https:\/\/nhmr.nl\/en\/dealerships\/ingersoll-rand\/#breadcrumb\"},\"inLanguage\":\"de\",\"potentialAction\":[{\"@type\":\"ReadAction\",\"target\":[\"https:\/\/nhmr.nl\/en\/dealerships\/ingersoll-rand\/\"]}]},{\"@type\":\"ImageObject\",\"inLanguage\":\"de\",\"@id\":\"https:\/\/nhmr.nl\/en\/dealerships\/ingersoll-rand\/#primaryimage\",\"url\":\"http:\/\/nhmr.nl\/wp-content\/uploads\/2022\/01\/reciprocating-compressor.webp\",\"contentUrl\":\"http:\/\/nhmr.nl\/wp-content\/uploads\/2022\/01\/reciprocating-compressor.webp\"},{\"@type\":\"BreadcrumbList\",\"@id\":\"https:\/\/nhmr.nl\/en\/dealerships\/ingersoll-rand\/#breadcrumb\",\"itemListElement\":[{\"@type\":\"ListItem\",\"position\":1,\"name\":\"Home\",\"item\":\"https:\/\/nhmr.nl\/de\/\"},{\"@type\":\"ListItem\",\"position\":2,\"name\":\"H\u00e4ndler\",\"item\":\"https:\/\/nhmr.nl\/en\/dealerships\/\"},{\"@type\":\"ListItem\",\"position\":3,\"name\":\"INGERSOLL-RAND\"}]},{\"@type\":\"WebSite\",\"@id\":\"https:\/\/nhmr.nl\/#website\",\"url\":\"https:\/\/nhmr.nl\/\",\"name\":\"NHMR\",\"description\":\"Noord Hollandse Motoren Revisie\",\"potentialAction\":[{\"@type\":\"SearchAction\",\"target\":{\"@type\":\"EntryPoint\",\"urlTemplate\":\"https:\/\/nhmr.nl\/?s={search_term_string}\"},\"query-input\":{\"@type\":\"PropertyValueSpecification\",\"valueRequired\":true,\"valueName\":\"search_term_string\"}}],\"inLanguage\":\"de\"}]}<\/script>\n<!-- \/ Yoast SEO plugin. -->","yoast_head_json":{"title":"INGERSOLL-RAND - NHMR","description":"Noordhollandse Motorenrevisie ist seit 2012 aktiver H\u00e4ndler von Ingersoll Rand Druckluftkompressoren und Zubeh\u00f6r. Dieser Hersteller von Druckluftl\u00f6sungen hat einen weltweiten Ruf von mehr als 100 Jahren.","robots":{"index":"index","follow":"follow","max-snippet":"max-snippet:-1","max-image-preview":"max-image-preview:large","max-video-preview":"max-video-preview:-1"},"canonical":"https:\/\/nhmr.nl\/en\/dealerships\/ingersoll-rand\/","og_locale":"de_DE","og_type":"article","og_title":"INGERSOLL-RAND - NHMR","og_description":"Noordhollandse Motorenrevisie ist seit 2012 aktiver H\u00e4ndler von Ingersoll Rand Druckluftkompressoren und Zubeh\u00f6r. Dieser Hersteller von Druckluftl\u00f6sungen hat einen weltweiten Ruf von mehr als 100 Jahren.","og_url":"https:\/\/nhmr.nl\/en\/dealerships\/ingersoll-rand\/","og_site_name":"NHMR","article_modified_time":"2022-02-22T15:56:51+00:00","og_image":[{"url":"http:\/\/nhmr.nl\/wp-content\/uploads\/2022\/01\/reciprocating-compressor.webp","type":"","width":"","height":""}],"twitter_card":"summary_large_image","twitter_misc":{"Gesch\u00e4tzte Lesezeit":"2\u00a0Minuten"},"schema":{"@context":"https:\/\/schema.org","@graph":[{"@type":"WebPage","@id":"https:\/\/nhmr.nl\/en\/dealerships\/ingersoll-rand\/","url":"https:\/\/nhmr.nl\/en\/dealerships\/ingersoll-rand\/","name":"INGERSOLL-RAND - NHMR","isPartOf":{"@id":"https:\/\/nhmr.nl\/#website"},"primaryImageOfPage":{"@id":"https:\/\/nhmr.nl\/en\/dealerships\/ingersoll-rand\/#primaryimage"},"image":{"@id":"https:\/\/nhmr.nl\/en\/dealerships\/ingersoll-rand\/#primaryimage"},"thumbnailUrl":"http:\/\/nhmr.nl\/wp-content\/uploads\/2022\/01\/reciprocating-compressor.webp","datePublished":"2022-02-17T14:41:46+00:00","dateModified":"2022-02-22T15:56:51+00:00","description":"Noordhollandse Motorenrevisie ist seit 2012 aktiver H\u00e4ndler von Ingersoll Rand Druckluftkompressoren und Zubeh\u00f6r. Dieser Hersteller von Druckluftl\u00f6sungen hat einen weltweiten Ruf von mehr als 100 Jahren.","breadcrumb":{"@id":"https:\/\/nhmr.nl\/en\/dealerships\/ingersoll-rand\/#breadcrumb"},"inLanguage":"de","potentialAction":[{"@type":"ReadAction","target":["https:\/\/nhmr.nl\/en\/dealerships\/ingersoll-rand\/"]}]},{"@type":"ImageObject","inLanguage":"de","@id":"https:\/\/nhmr.nl\/en\/dealerships\/ingersoll-rand\/#primaryimage","url":"http:\/\/nhmr.nl\/wp-content\/uploads\/2022\/01\/reciprocating-compressor.webp","contentUrl":"http:\/\/nhmr.nl\/wp-content\/uploads\/2022\/01\/reciprocating-compressor.webp"},{"@type":"BreadcrumbList","@id":"https:\/\/nhmr.nl\/en\/dealerships\/ingersoll-rand\/#breadcrumb","itemListElement":[{"@type":"ListItem","position":1,"name":"Home","item":"https:\/\/nhmr.nl\/de\/"},{"@type":"ListItem","position":2,"name":"H\u00e4ndler","item":"https:\/\/nhmr.nl\/en\/dealerships\/"},{"@type":"ListItem","position":3,"name":"INGERSOLL-RAND"}]},{"@type":"WebSite","@id":"https:\/\/nhmr.nl\/#website","url":"https:\/\/nhmr.nl\/","name":"NHMR","description":"Noord Hollandse Motoren Revisie","potentialAction":[{"@type":"SearchAction","target":{"@type":"EntryPoint","urlTemplate":"https:\/\/nhmr.nl\/?s={search_term_string}"},"query-input":{"@type":"PropertyValueSpecification","valueRequired":true,"valueName":"search_term_string"}}],"inLanguage":"de"}]}},"_links":{"self":[{"href":"https:\/\/nhmr.nl\/de\/wp-json\/wp\/v2\/pages\/2828","targetHints":{"allow":["GET"]}}],"collection":[{"href":"https:\/\/nhmr.nl\/de\/wp-json\/wp\/v2\/pages"}],"about":[{"href":"https:\/\/nhmr.nl\/de\/wp-json\/wp\/v2\/types\/page"}],"author":[{"embeddable":true,"href":"https:\/\/nhmr.nl\/de\/wp-json\/wp\/v2\/users\/1"}],"replies":[{"embeddable":true,"href":"https:\/\/nhmr.nl\/de\/wp-json\/wp\/v2\/comments?post=2828"}],"version-history":[{"count":0,"href":"https:\/\/nhmr.nl\/de\/wp-json\/wp\/v2\/pages\/2828\/revisions"}],"up":[{"embeddable":true,"href":"https:\/\/nhmr.nl\/de\/wp-json\/wp\/v2\/pages\/2792"}],"wp:attachment":[{"href":"https:\/\/nhmr.nl\/de\/wp-json\/wp\/v2\/media?parent=2828"}],"curies":[{"name":"wp","href":"https:\/\/api.w.org\/{rel}","templated":true}]}}