{"id":2843,"date":"2022-02-17T14:41:51","date_gmt":"2022-02-17T14:41:51","guid":{"rendered":"http:\/\/nhmr.nl\/haendler\/yanmar\/"},"modified":"2025-11-13T14:34:22","modified_gmt":"2025-11-13T14:34:22","slug":"yanmar","status":"publish","type":"page","link":"https:\/\/nhmr.nl\/de\/haendler\/yanmar\/","title":{"rendered":"Yanmar"},"content":{"rendered":"\t\t<div data-elementor-type=\"wp-page\" data-elementor-id=\"2843\" class=\"elementor elementor-2843 elementor-1564\" data-elementor-post-type=\"page\">\n\t\t\t\t\t\t<section class=\"elementor-section elementor-top-section elementor-element elementor-element-9a7c012 tstk-bg-color-yes tstk-elementor-bg-color-white elementor-section-stretched tstk-col-stretched-none tstk-bg-color-over-image elementor-section-boxed elementor-section-height-default elementor-section-height-default\" data-id=\"9a7c012\" data-element_type=\"section\" data-e-type=\"section\" data-settings=\"{&quot;stretch_section&quot;:&quot;section-stretched&quot;,&quot;background_background&quot;:&quot;classic&quot;}\">\n\t\t\t\t\t\t\t<div class=\"elementor-background-overlay\"><\/div>\n\t\t\t\t\t\t\t<div class=\"elementor-container elementor-column-gap-no\">\n\t\t\t\t\t<div class=\"elementor-column elementor-col-100 elementor-top-column elementor-element elementor-element-f67b501 tstk-bg-color-over-image\" data-id=\"f67b501\" data-element_type=\"column\" data-e-type=\"column\" data-settings=\"{&quot;background_background&quot;:&quot;classic&quot;}\">\n\t\t\t<div class=\"elementor-widget-wrap elementor-element-populated\">\n\t\t\t\t\t\t<div class=\"elementor-element elementor-element-e2a9a71 tstk-align-left elementor-widget elementor-widget-tstk_heading\" data-id=\"e2a9a71\" data-element_type=\"widget\" data-e-type=\"widget\" data-widget_type=\"tstk_heading.default\">\n\t\t\t\t<div class=\"elementor-widget-container\">\n\t\t\t\t\t\t<div class=\"tstk-heading-subheading left-align tstk-reverse-heading-yes\"><h4 class=\"tstk-element-subtitle\">\r\n\t\t\t\r\n\t\t\t\tDealerschappen\r\n\t\t\t\r\n\t\t\t<\/h4>\r\n\t\t<h2 class=\"tstk-element-title\">\r\n\t\t\t\r\n\t\t\t\tYanmar\r\n\t\t\t\r\n\t\t\t<\/h2>\r\n\t\t<\/div>\t\t\t\t<\/div>\n\t\t\t\t<\/div>\n\t\t\t\t<div class=\"elementor-element elementor-element-6ed0639 elementor-widget elementor-widget-text-editor\" data-id=\"6ed0639\" data-element_type=\"widget\" data-e-type=\"widget\" data-widget_type=\"text-editor.default\">\n\t\t\t\t<div class=\"elementor-widget-container\">\n\t\t\t\t\t\t\t\t\t<p>Noordhollandse Motorenrevisie ist seit 2003 aktiver H\u00e4ndler von YANMAR-Dieselmotoren. Dieser japanische Motorenhersteller verf\u00fcgt \u00fcber ein sehr breites Programm f\u00fcr Industrie-, Marine- und Stromaggregatanwendungen.<\/p>\n<p>NHMR verkauft Motoren sowohl f\u00fcr den Austausch als auch f\u00fcr den Neubau. Dank des direkten Zugriffs und der Verf\u00fcgbarkeit von Teilen im europ\u00e4ischen Lager garantieren wir eine schnelle Lieferung. \u00dcber die Schaltfl\u00e4chen unten finden Sie alle Informationen zu den Produkten auf der Yanmar-Website.<\/p>\n\t\t\t\t\t\t\t\t<\/div>\n\t\t\t\t<\/div>\n\t\t\t\t<div class=\"elementor-section elementor-inner-section elementor-element elementor-element-202d726 tstk-col-stretched-none tstk-bg-color-over-image elementor-section-boxed elementor-section-height-default elementor-section-height-default\" data-id=\"202d726\" data-element_type=\"section\" data-e-type=\"section\">\n\t\t\t\t\t\t<div class=\"elementor-container elementor-column-gap-no\">\n\t\t\t\t\t<div class=\"elementor-column elementor-col-33 elementor-inner-column elementor-element elementor-element-b41e1ae tstk-bg-color-over-image\" data-id=\"b41e1ae\" data-element_type=\"column\" data-e-type=\"column\" data-settings=\"{&quot;background_background&quot;:&quot;classic&quot;}\">\n\t\t\t<div class=\"elementor-widget-wrap elementor-element-populated\">\n\t\t\t\t\t\t<div class=\"elementor-element elementor-element-066daa5 elementor-widget elementor-widget-image\" data-id=\"066daa5\" data-element_type=\"widget\" data-e-type=\"widget\" data-widget_type=\"image.default\">\n\t\t\t\t<div class=\"elementor-widget-container\">\n\t\t\t\t\t\t\t\t\t\t\t\t\t\t\t<img decoding=\"async\" width=\"200\" height=\"190\" src=\"https:\/\/nhmr.nl\/wp-content\/uploads\/2022\/01\/product_commercial_12AY_200_190.jpeg\" class=\"attachment-large size-large wp-image-1585\" alt=\"Yanmar motor\" \/>\t\t\t\t\t\t\t\t\t\t\t\t\t\t\t<\/div>\n\t\t\t\t<\/div>\n\t\t\t\t<div class=\"elementor-element elementor-element-5e8c876 elementor-widget elementor-widget-heading\" data-id=\"5e8c876\" data-element_type=\"widget\" data-e-type=\"widget\" data-widget_type=\"heading.default\">\n\t\t\t\t<div class=\"elementor-widget-container\">\n\t\t\t\t\t<h3 class=\"elementor-heading-title elementor-size-default\">Kommerzielle Schiffsmotoren<\/h3>\t\t\t\t<\/div>\n\t\t\t\t<\/div>\n\t\t\t\t<div class=\"elementor-element elementor-element-4179072 elementor-widget elementor-widget-text-editor\" data-id=\"4179072\" data-element_type=\"widget\" data-e-type=\"widget\" data-widget_type=\"text-editor.default\">\n\t\t\t\t<div class=\"elementor-widget-container\">\n\t\t\t\t\t\t\t\t\t<p>Hochgeschwindigkeits-Dieselmotoren von Yanmar Marine f\u00fcr gewerbliche Zwecke.<\/p>\n\t\t\t\t\t\t\t\t<\/div>\n\t\t\t\t<\/div>\n\t\t\t\t<div class=\"elementor-element elementor-element-2d8218e tstk-btn-shape-round elementor-align-center tstk-btn-color-globalcolor tstk-btn-style-flat elementor-widget elementor-widget-button\" data-id=\"2d8218e\" data-element_type=\"widget\" data-e-type=\"widget\" data-widget_type=\"button.default\">\n\t\t\t\t<div class=\"elementor-widget-container\">\n\t\t\t\t\t\t\t\t\t<div class=\"elementor-button-wrapper\">\n\t\t\t\t\t<a class=\"elementor-button elementor-button-link elementor-size-sm\" href=\"https:\/\/www.yanmarmarine.eu\/\" target=\"_blank\">\n\t\t\t\t\t\t<span class=\"elementor-button-content-wrapper\">\n\t\t\t\t\t\t\t\t\t<span class=\"elementor-button-text\">Sehen<\/span>\n\t\t\t\t\t<\/span>\n\t\t\t\t\t<\/a>\n\t\t\t\t<\/div>\n\t\t\t\t\t\t\t\t<\/div>\n\t\t\t\t<\/div>\n\t\t\t\t\t<\/div>\n\t\t<\/div>\n\t\t\t\t<div class=\"elementor-column elementor-col-33 elementor-inner-column elementor-element elementor-element-72190eb tstk-bg-color-over-image\" data-id=\"72190eb\" data-element_type=\"column\" data-e-type=\"column\" data-settings=\"{&quot;background_background&quot;:&quot;classic&quot;}\">\n\t\t\t<div class=\"elementor-widget-wrap elementor-element-populated\">\n\t\t\t\t\t\t<div class=\"elementor-element elementor-element-7521a65 elementor-widget elementor-widget-image\" data-id=\"7521a65\" data-element_type=\"widget\" data-e-type=\"widget\" data-widget_type=\"image.default\">\n\t\t\t\t<div class=\"elementor-widget-container\">\n\t\t\t\t\t\t\t\t\t\t\t\t\t\t\t<img decoding=\"async\" width=\"200\" height=\"190\" src=\"https:\/\/nhmr.nl\/wp-content\/uploads\/2022\/01\/3TNM68_AMW_200190.jpeg\" class=\"attachment-large size-large wp-image-1591\" alt=\"Yanmar motor NHMR\" \/>\t\t\t\t\t\t\t\t\t\t\t\t\t\t\t<\/div>\n\t\t\t\t<\/div>\n\t\t\t\t<div class=\"elementor-element elementor-element-f7492de elementor-widget elementor-widget-heading\" data-id=\"f7492de\" data-element_type=\"widget\" data-e-type=\"widget\" data-widget_type=\"heading.default\">\n\t\t\t\t<div class=\"elementor-widget-container\">\n\t\t\t\t\t<h3 class=\"elementor-heading-title elementor-size-default\">Industriemotoren<\/h3>\t\t\t\t<\/div>\n\t\t\t\t<\/div>\n\t\t\t\t<div class=\"elementor-element elementor-element-3a3fcf7 elementor-widget elementor-widget-text-editor\" data-id=\"3a3fcf7\" data-element_type=\"widget\" data-e-type=\"widget\" data-widget_type=\"text-editor.default\">\n\t\t\t\t<div class=\"elementor-widget-container\">\n\t\t\t\t\t\t\t\t\t<p>Wasser- und luftgek\u00fchlte Dieselmotoren.<\/p>\n\t\t\t\t\t\t\t\t<\/div>\n\t\t\t\t<\/div>\n\t\t\t\t<div class=\"elementor-element elementor-element-e74fce6 elementor-align-center tstk-btn-shape-round tstk-btn-color-globalcolor tstk-btn-style-flat elementor-widget elementor-widget-button\" data-id=\"e74fce6\" data-element_type=\"widget\" data-e-type=\"widget\" data-widget_type=\"button.default\">\n\t\t\t\t<div class=\"elementor-widget-container\">\n\t\t\t\t\t\t\t\t\t<div class=\"elementor-button-wrapper\">\n\t\t\t\t\t<a class=\"elementor-button elementor-button-link elementor-size-sm\" href=\"https:\/\/www.yanmar.com\/eu\/industrial\" target=\"_blank\">\n\t\t\t\t\t\t<span class=\"elementor-button-content-wrapper\">\n\t\t\t\t\t\t\t\t\t<span class=\"elementor-button-text\">Sehen<\/span>\n\t\t\t\t\t<\/span>\n\t\t\t\t\t<\/a>\n\t\t\t\t<\/div>\n\t\t\t\t\t\t\t\t<\/div>\n\t\t\t\t<\/div>\n\t\t\t\t\t<\/div>\n\t\t<\/div>\n\t\t\t\t<div class=\"elementor-column elementor-col-33 elementor-inner-column elementor-element elementor-element-68d04f1 tstk-bg-color-over-image\" data-id=\"68d04f1\" data-element_type=\"column\" data-e-type=\"column\" data-settings=\"{&quot;background_background&quot;:&quot;classic&quot;}\">\n\t\t\t<div class=\"elementor-widget-wrap elementor-element-populated\">\n\t\t\t\t\t\t<div class=\"elementor-element elementor-element-3ed281e elementor-widget elementor-widget-image\" data-id=\"3ed281e\" data-element_type=\"widget\" data-e-type=\"widget\" data-widget_type=\"image.default\">\n\t\t\t\t<div class=\"elementor-widget-container\">\n\t\t\t\t\t\t\t\t\t\t\t\t\t\t\t<img decoding=\"async\" src=\"https:\/\/nhmr.nl\/wp-content\/uploads\/elementor\/thumbs\/YDP30DN-diaphragm-pump_200190-q6jxpcspwzyuxxh5pokmll3pka2ct2102ouajx2fsc.jpeg\" title=\"YDP30DN-diaphragm-pump_200190\" alt=\"Yanmar motoren\" loading=\"lazy\" \/>\t\t\t\t\t\t\t\t\t\t\t\t\t\t\t<\/div>\n\t\t\t\t<\/div>\n\t\t\t\t<div class=\"elementor-element elementor-element-92679b8 elementor-widget elementor-widget-heading\" data-id=\"92679b8\" data-element_type=\"widget\" data-e-type=\"widget\" data-widget_type=\"heading.default\">\n\t\t\t\t<div class=\"elementor-widget-container\">\n\t\t\t\t\t<h3 class=\"elementor-heading-title elementor-size-default\">Andere Produkte<\/h3>\t\t\t\t<\/div>\n\t\t\t\t<\/div>\n\t\t\t\t<div class=\"elementor-element elementor-element-045b335 elementor-widget elementor-widget-text-editor\" data-id=\"045b335\" data-element_type=\"widget\" data-e-type=\"widget\" data-widget_type=\"text-editor.default\">\n\t\t\t\t<div class=\"elementor-widget-container\">\n\t\t\t\t\t\t\t\t\t<p>Generatoren und Wasserpumpen f\u00fcr verschiedene Anwendungen.<\/p>\n\t\t\t\t\t\t\t\t<\/div>\n\t\t\t\t<\/div>\n\t\t\t\t<div class=\"elementor-element elementor-element-d3baef4 tstk-btn-shape-round elementor-align-center tstk-btn-color-globalcolor tstk-btn-style-flat elementor-widget elementor-widget-button\" data-id=\"d3baef4\" data-element_type=\"widget\" data-e-type=\"widget\" data-widget_type=\"button.default\">\n\t\t\t\t<div class=\"elementor-widget-container\">\n\t\t\t\t\t\t\t\t\t<div class=\"elementor-button-wrapper\">\n\t\t\t\t\t<a class=\"elementor-button elementor-button-link elementor-size-sm\" href=\"https:\/\/www.yanmar.com\/nl\/energy\" target=\"_blank\">\n\t\t\t\t\t\t<span class=\"elementor-button-content-wrapper\">\n\t\t\t\t\t\t\t\t\t<span class=\"elementor-button-text\">Sehen<\/span>\n\t\t\t\t\t<\/span>\n\t\t\t\t\t<\/a>\n\t\t\t\t<\/div>\n\t\t\t\t\t\t\t\t<\/div>\n\t\t\t\t<\/div>\n\t\t\t\t\t<\/div>\n\t\t<\/div>\n\t\t\t\t\t<\/div>\n\t\t<\/div>\n\t\t\t\t\t<\/div>\n\t\t<\/div>\n\t\t\t\t\t<\/div>\n\t\t<\/section>\n\t\t\t\t<\/div>\n\t\t","protected":false},"excerpt":{"rendered":"<p>Dealerschappen Yanmar Noordhollandse Motorenrevisie ist seit 2003 aktiver H\u00e4ndler von YANMAR-Dieselmotoren. Dieser japanische Motorenhersteller verf\u00fcgt \u00fcber ein sehr breites Programm f\u00fcr Industrie-, Marine- und Stromaggregatanwendungen. NHMR verkauft Motoren sowohl f\u00fcr den Austausch als auch f\u00fcr den Neubau. Dank des direkten Zugriffs und der Verf\u00fcgbarkeit von Teilen im europ\u00e4ischen Lager garantieren wir eine schnelle Lieferung. \u00dcber die Schaltfl\u00e4chen unten finden Sie alle Informationen zu den Produkten auf der Yanmar-Website. Kommerzielle Schiffsmotoren[&hellip;]<\/p>\n","protected":false},"author":1,"featured_media":5559,"parent":2792,"menu_order":0,"comment_status":"closed","ping_status":"closed","template":"elementor_header_footer","meta":{"_acf_changed":false,"footnotes":""},"class_list":["post-2843","page","type-page","status-publish","has-post-thumbnail","hentry"],"acf":[],"yoast_head":"<!-- This site is optimized with the Yoast SEO plugin v27.4 - https:\/\/yoast.com\/product\/yoast-seo-wordpress\/ -->\n<title>Yanmar - NHMR<\/title>\n<meta name=\"description\" content=\"NHMR ist ein H\u00e4ndler von YANMAR-Dieselmotoren. Dieser japanische Motorenhersteller verf\u00fcgt \u00fcber ein sehr breites Programm f\u00fcr industrielle Schiffs- und Stromaggregatanwendungen.\" \/>\n<meta name=\"robots\" content=\"index, follow, max-snippet:-1, max-image-preview:large, max-video-preview:-1\" \/>\n<link rel=\"canonical\" href=\"https:\/\/nhmr.nl\/dealerschappen\/yanmar-motor\/\" \/>\n<meta property=\"og:locale\" content=\"de_DE\" \/>\n<meta property=\"og:type\" content=\"article\" \/>\n<meta property=\"og:title\" content=\"Yanmar - NHMR\" \/>\n<meta property=\"og:description\" content=\"NHMR ist ein H\u00e4ndler von YANMAR-Dieselmotoren. Dieser japanische Motorenhersteller verf\u00fcgt \u00fcber ein sehr breites Programm f\u00fcr industrielle Schiffs- und Stromaggregatanwendungen.\" \/>\n<meta property=\"og:url\" content=\"https:\/\/nhmr.nl\/dealerschappen\/yanmar-motor\/\" \/>\n<meta property=\"og:site_name\" content=\"NHMR\" \/>\n<meta property=\"article:modified_time\" content=\"2025-11-13T14:34:22+00:00\" \/>\n<meta property=\"og:image\" content=\"https:\/\/nhmr.nl\/wp-content\/uploads\/2022\/07\/Logo-Yanmar.png\" \/>\n\t<meta property=\"og:image:width\" content=\"842\" \/>\n\t<meta property=\"og:image:height\" content=\"168\" \/>\n\t<meta property=\"og:image:type\" content=\"image\/png\" \/>\n<meta name=\"twitter:card\" content=\"summary_large_image\" \/>\n<meta name=\"twitter:label1\" content=\"Gesch\u00e4tzte Lesezeit\" \/>\n\t<meta name=\"twitter:data1\" content=\"2\u00a0Minuten\" \/>\n<script type=\"application\/ld+json\" class=\"yoast-schema-graph\">{\"@context\":\"https:\\\/\\\/schema.org\",\"@graph\":[{\"@type\":\"WebPage\",\"@id\":\"https:\\\/\\\/nhmr.nl\\\/dealerschappen\\\/yanmar-motor\\\/\",\"url\":\"https:\\\/\\\/nhmr.nl\\\/dealerschappen\\\/yanmar-motor\\\/\",\"name\":\"Yanmar - NHMR\",\"isPartOf\":{\"@id\":\"https:\\\/\\\/nhmr.nl\\\/#website\"},\"primaryImageOfPage\":{\"@id\":\"https:\\\/\\\/nhmr.nl\\\/dealerschappen\\\/yanmar-motor\\\/#primaryimage\"},\"image\":{\"@id\":\"https:\\\/\\\/nhmr.nl\\\/dealerschappen\\\/yanmar-motor\\\/#primaryimage\"},\"thumbnailUrl\":\"https:\\\/\\\/nhmr.nl\\\/wp-content\\\/uploads\\\/2022\\\/07\\\/Logo-Yanmar.png\",\"datePublished\":\"2022-02-17T14:41:51+00:00\",\"dateModified\":\"2025-11-13T14:34:22+00:00\",\"description\":\"NHMR ist ein H\u00e4ndler von YANMAR-Dieselmotoren. Dieser japanische Motorenhersteller verf\u00fcgt \u00fcber ein sehr breites Programm f\u00fcr industrielle Schiffs- und Stromaggregatanwendungen.\",\"breadcrumb\":{\"@id\":\"https:\\\/\\\/nhmr.nl\\\/dealerschappen\\\/yanmar-motor\\\/#breadcrumb\"},\"inLanguage\":\"de\",\"potentialAction\":[{\"@type\":\"ReadAction\",\"target\":[\"https:\\\/\\\/nhmr.nl\\\/dealerschappen\\\/yanmar-motor\\\/\"]}]},{\"@type\":\"ImageObject\",\"inLanguage\":\"de\",\"@id\":\"https:\\\/\\\/nhmr.nl\\\/dealerschappen\\\/yanmar-motor\\\/#primaryimage\",\"url\":\"https:\\\/\\\/nhmr.nl\\\/wp-content\\\/uploads\\\/2022\\\/07\\\/Logo-Yanmar.png\",\"contentUrl\":\"https:\\\/\\\/nhmr.nl\\\/wp-content\\\/uploads\\\/2022\\\/07\\\/Logo-Yanmar.png\",\"width\":842,\"height\":168},{\"@type\":\"BreadcrumbList\",\"@id\":\"https:\\\/\\\/nhmr.nl\\\/dealerschappen\\\/yanmar-motor\\\/#breadcrumb\",\"itemListElement\":[{\"@type\":\"ListItem\",\"position\":1,\"name\":\"Home\",\"item\":\"https:\\\/\\\/nhmr.nl\\\/de\\\/startseite\\\/\"},{\"@type\":\"ListItem\",\"position\":2,\"name\":\"H\u00e4ndler\",\"item\":\"https:\\\/\\\/nhmr.nl\\\/en\\\/dealerships\\\/\"},{\"@type\":\"ListItem\",\"position\":3,\"name\":\"Yanmar\"}]},{\"@type\":\"WebSite\",\"@id\":\"https:\\\/\\\/nhmr.nl\\\/#website\",\"url\":\"https:\\\/\\\/nhmr.nl\\\/\",\"name\":\"NHMR\",\"description\":\"Noord Hollandse Motoren Revisie\",\"potentialAction\":[{\"@type\":\"SearchAction\",\"target\":{\"@type\":\"EntryPoint\",\"urlTemplate\":\"https:\\\/\\\/nhmr.nl\\\/?s={search_term_string}\"},\"query-input\":{\"@type\":\"PropertyValueSpecification\",\"valueRequired\":true,\"valueName\":\"search_term_string\"}}],\"inLanguage\":\"de\"}]}<\/script>\n<!-- \/ Yoast SEO plugin. -->","yoast_head_json":{"title":"Yanmar - NHMR","description":"NHMR ist ein H\u00e4ndler von YANMAR-Dieselmotoren. Dieser japanische Motorenhersteller verf\u00fcgt \u00fcber ein sehr breites Programm f\u00fcr industrielle Schiffs- und Stromaggregatanwendungen.","robots":{"index":"index","follow":"follow","max-snippet":"max-snippet:-1","max-image-preview":"max-image-preview:large","max-video-preview":"max-video-preview:-1"},"canonical":"https:\/\/nhmr.nl\/dealerschappen\/yanmar-motor\/","og_locale":"de_DE","og_type":"article","og_title":"Yanmar - NHMR","og_description":"NHMR ist ein H\u00e4ndler von YANMAR-Dieselmotoren. Dieser japanische Motorenhersteller verf\u00fcgt \u00fcber ein sehr breites Programm f\u00fcr industrielle Schiffs- und Stromaggregatanwendungen.","og_url":"https:\/\/nhmr.nl\/dealerschappen\/yanmar-motor\/","og_site_name":"NHMR","article_modified_time":"2025-11-13T14:34:22+00:00","og_image":[{"width":842,"height":168,"url":"https:\/\/nhmr.nl\/wp-content\/uploads\/2022\/07\/Logo-Yanmar.png","type":"image\/png"}],"twitter_card":"summary_large_image","twitter_misc":{"Gesch\u00e4tzte Lesezeit":"2\u00a0Minuten"},"schema":{"@context":"https:\/\/schema.org","@graph":[{"@type":"WebPage","@id":"https:\/\/nhmr.nl\/dealerschappen\/yanmar-motor\/","url":"https:\/\/nhmr.nl\/dealerschappen\/yanmar-motor\/","name":"Yanmar - NHMR","isPartOf":{"@id":"https:\/\/nhmr.nl\/#website"},"primaryImageOfPage":{"@id":"https:\/\/nhmr.nl\/dealerschappen\/yanmar-motor\/#primaryimage"},"image":{"@id":"https:\/\/nhmr.nl\/dealerschappen\/yanmar-motor\/#primaryimage"},"thumbnailUrl":"https:\/\/nhmr.nl\/wp-content\/uploads\/2022\/07\/Logo-Yanmar.png","datePublished":"2022-02-17T14:41:51+00:00","dateModified":"2025-11-13T14:34:22+00:00","description":"NHMR ist ein H\u00e4ndler von YANMAR-Dieselmotoren. Dieser japanische Motorenhersteller verf\u00fcgt \u00fcber ein sehr breites Programm f\u00fcr industrielle Schiffs- und Stromaggregatanwendungen.","breadcrumb":{"@id":"https:\/\/nhmr.nl\/dealerschappen\/yanmar-motor\/#breadcrumb"},"inLanguage":"de","potentialAction":[{"@type":"ReadAction","target":["https:\/\/nhmr.nl\/dealerschappen\/yanmar-motor\/"]}]},{"@type":"ImageObject","inLanguage":"de","@id":"https:\/\/nhmr.nl\/dealerschappen\/yanmar-motor\/#primaryimage","url":"https:\/\/nhmr.nl\/wp-content\/uploads\/2022\/07\/Logo-Yanmar.png","contentUrl":"https:\/\/nhmr.nl\/wp-content\/uploads\/2022\/07\/Logo-Yanmar.png","width":842,"height":168},{"@type":"BreadcrumbList","@id":"https:\/\/nhmr.nl\/dealerschappen\/yanmar-motor\/#breadcrumb","itemListElement":[{"@type":"ListItem","position":1,"name":"Home","item":"https:\/\/nhmr.nl\/de\/startseite\/"},{"@type":"ListItem","position":2,"name":"H\u00e4ndler","item":"https:\/\/nhmr.nl\/en\/dealerships\/"},{"@type":"ListItem","position":3,"name":"Yanmar"}]},{"@type":"WebSite","@id":"https:\/\/nhmr.nl\/#website","url":"https:\/\/nhmr.nl\/","name":"NHMR","description":"Noord Hollandse Motoren Revisie","potentialAction":[{"@type":"SearchAction","target":{"@type":"EntryPoint","urlTemplate":"https:\/\/nhmr.nl\/?s={search_term_string}"},"query-input":{"@type":"PropertyValueSpecification","valueRequired":true,"valueName":"search_term_string"}}],"inLanguage":"de"}]}},"_links":{"self":[{"href":"https:\/\/nhmr.nl\/de\/wp-json\/wp\/v2\/pages\/2843","targetHints":{"allow":["GET"]}}],"collection":[{"href":"https:\/\/nhmr.nl\/de\/wp-json\/wp\/v2\/pages"}],"about":[{"href":"https:\/\/nhmr.nl\/de\/wp-json\/wp\/v2\/types\/page"}],"author":[{"embeddable":true,"href":"https:\/\/nhmr.nl\/de\/wp-json\/wp\/v2\/users\/1"}],"replies":[{"embeddable":true,"href":"https:\/\/nhmr.nl\/de\/wp-json\/wp\/v2\/comments?post=2843"}],"version-history":[{"count":0,"href":"https:\/\/nhmr.nl\/de\/wp-json\/wp\/v2\/pages\/2843\/revisions"}],"up":[{"embeddable":true,"href":"https:\/\/nhmr.nl\/de\/wp-json\/wp\/v2\/pages\/2792"}],"wp:featuredmedia":[{"embeddable":true,"href":"https:\/\/nhmr.nl\/de\/wp-json\/wp\/v2\/media\/5559"}],"wp:attachment":[{"href":"https:\/\/nhmr.nl\/de\/wp-json\/wp\/v2\/media?parent=2843"}],"curies":[{"name":"wp","href":"https:\/\/api.w.org\/{rel}","templated":true}]}}