{"id":2855,"date":"2022-02-17T14:42:03","date_gmt":"2022-02-17T14:42:03","guid":{"rendered":"http:\/\/nhmr.nl\/lager-austausch-motoren\/"},"modified":"2022-02-18T14:41:30","modified_gmt":"2022-02-18T14:41:30","slug":"lager-austausch-motoren","status":"publish","type":"page","link":"https:\/\/nhmr.nl\/de\/lager-austausch-motoren\/","title":{"rendered":"Lager (Austausch) Motoren"},"content":{"rendered":"\t\t<div data-elementor-type=\"wp-page\" data-elementor-id=\"2855\" class=\"elementor elementor-2855 elementor-1106\" data-elementor-post-type=\"page\">\n\t\t\t\t\t\t<section class=\"elementor-section elementor-top-section elementor-element elementor-element-994451f elementor-section-stretched tstk-col-stretched-both tstk-right-col-stretched-content-yes tstk-bg-color-yes tstk-elementor-bg-color-white tstk-bg-image-over-color tstk-left-col-stretched-content-yes elementor-section-boxed elementor-section-height-default elementor-section-height-default\" data-id=\"994451f\" data-element_type=\"section\" data-e-type=\"section\" data-settings=\"{&quot;stretch_section&quot;:&quot;section-stretched&quot;,&quot;background_background&quot;:&quot;classic&quot;}\">\n\t\t\t\t\t\t\t<div class=\"elementor-background-overlay\"><\/div>\n\t\t\t\t\t\t\t<div class=\"elementor-container elementor-column-gap-no\">\n\t\t\t\t\t<div class=\"elementor-column elementor-col-100 elementor-top-column elementor-element elementor-element-76afa6c tstk-bg-color-over-image\" data-id=\"76afa6c\" data-element_type=\"column\" data-e-type=\"column\">\n\t\t\t<div class=\"elementor-widget-wrap elementor-element-populated\">\n\t\t\t\t\t\t<div class=\"elementor-element elementor-element-7d17540 elementor-widget elementor-widget-text-editor\" data-id=\"7d17540\" data-element_type=\"widget\" data-e-type=\"widget\" data-widget_type=\"text-editor.default\">\n\t\t\t\t<div class=\"elementor-widget-container\">\n\t\t\t\t\t\t\t\t\t<p>Noordhollandse Motorenrevisie hat einen gro\u00dfen Bestand an Austauschmotoren. Nachfolgend finden Sie eine vollst\u00e4ndige und aktuelle \u00dcbersicht \u00fcber alle unsere Austauschmotoren, die wir auf Lager haben. Eine schnelle Lieferung im Falle eines Stillstands ist somit garantiert.<\/p>\n\t\t\t\t\t\t\t\t<\/div>\n\t\t\t\t<\/div>\n\t\t\t\t\t<\/div>\n\t\t<\/div>\n\t\t\t\t\t<\/div>\n\t\t<\/section>\n\t\t\t\t<\/div>\n\t\t","protected":false},"excerpt":{"rendered":"<p>Noordhollandse Motorenrevisie hat einen gro\u00dfen Bestand an Austauschmotoren. Nachfolgend finden Sie eine vollst\u00e4ndige und aktuelle \u00dcbersicht \u00fcber alle unsere Austauschmotoren, die wir auf Lager haben. Eine schnelle Lieferung im Falle eines Stillstands ist somit garantiert. FPT-IVECOYanmarAndere Marken FPT-IVECO FPT Iveco Motors 8041i05\/ i06Generatorsetmotor compleet gereviseerd. Direct bellen FPT-IVECO FPT Iveco Motors 8031i06Generatorsetmotor compleet nieuw! Direct bellen FPT-IVECO FPT Iveco Motors 8041i40Industrie\/ Sprinklermotor compleet gereviseerd. Direct bellen FPT-IVECO FPT Iveco Motors[&hellip;]<\/p>\n","protected":false},"author":1,"featured_media":0,"parent":0,"menu_order":0,"comment_status":"closed","ping_status":"closed","template":"elementor_header_footer","meta":{"_acf_changed":false,"footnotes":""},"class_list":["post-2855","page","type-page","status-publish","hentry"],"acf":[],"yoast_head":"<!-- This site is optimized with the Yoast SEO plugin v27.0 - https:\/\/yoast.com\/product\/yoast-seo-wordpress\/ -->\n<title>Lager (Austausch) Motoren - NHMR<\/title>\n<meta name=\"description\" content=\"Noordhollandse Motorenrevisie hat einen gro\u00dfen Bestand an Austauschmotoren. Hier finden Sie eine aktuelle \u00dcbersicht \u00fcber unser Lager.\" \/>\n<meta name=\"robots\" content=\"index, follow, max-snippet:-1, max-image-preview:large, max-video-preview:-1\" \/>\n<link rel=\"canonical\" href=\"https:\/\/nhmr.nl\/ruilmotor\/\" \/>\n<meta property=\"og:locale\" content=\"de_DE\" \/>\n<meta property=\"og:type\" content=\"article\" \/>\n<meta property=\"og:title\" content=\"Lager (Austausch) Motoren - NHMR\" \/>\n<meta property=\"og:description\" content=\"Noordhollandse Motorenrevisie hat einen gro\u00dfen Bestand an Austauschmotoren. Hier finden Sie eine aktuelle \u00dcbersicht \u00fcber unser Lager.\" \/>\n<meta property=\"og:url\" content=\"https:\/\/nhmr.nl\/ruilmotor\/\" \/>\n<meta property=\"og:site_name\" content=\"NHMR\" \/>\n<meta property=\"article:modified_time\" content=\"2022-02-18T14:41:30+00:00\" \/>\n<meta property=\"og:image\" content=\"http:\/\/nhmr.nl\/wp-content\/uploads\/2022\/01\/eeff08eaf61f7950e83ac9cbeb7d4c08_8f6a9fbd0f22be7103527e5d155e0e48.jpeg\" \/>\n<meta name=\"twitter:card\" content=\"summary_large_image\" \/>\n<meta name=\"twitter:label1\" content=\"Gesch\u00e4tzte Lesezeit\" \/>\n\t<meta name=\"twitter:data1\" content=\"11\u00a0Minuten\" \/>\n<script type=\"application\/ld+json\" class=\"yoast-schema-graph\">{\"@context\":\"https:\/\/schema.org\",\"@graph\":[{\"@type\":\"WebPage\",\"@id\":\"https:\/\/nhmr.nl\/ruilmotor\/\",\"url\":\"https:\/\/nhmr.nl\/ruilmotor\/\",\"name\":\"Lager (Austausch) Motoren - NHMR\",\"isPartOf\":{\"@id\":\"https:\/\/nhmr.nl\/#website\"},\"primaryImageOfPage\":{\"@id\":\"https:\/\/nhmr.nl\/ruilmotor\/#primaryimage\"},\"image\":{\"@id\":\"https:\/\/nhmr.nl\/ruilmotor\/#primaryimage\"},\"thumbnailUrl\":\"http:\/\/nhmr.nl\/wp-content\/uploads\/2022\/01\/eeff08eaf61f7950e83ac9cbeb7d4c08_8f6a9fbd0f22be7103527e5d155e0e48.jpeg\",\"datePublished\":\"2022-02-17T14:42:03+00:00\",\"dateModified\":\"2022-02-18T14:41:30+00:00\",\"description\":\"Noordhollandse Motorenrevisie hat einen gro\u00dfen Bestand an Austauschmotoren. Hier finden Sie eine aktuelle \u00dcbersicht \u00fcber unser Lager.\",\"breadcrumb\":{\"@id\":\"https:\/\/nhmr.nl\/ruilmotor\/#breadcrumb\"},\"inLanguage\":\"de\",\"potentialAction\":[{\"@type\":\"ReadAction\",\"target\":[\"https:\/\/nhmr.nl\/ruilmotor\/\"]}]},{\"@type\":\"ImageObject\",\"inLanguage\":\"de\",\"@id\":\"https:\/\/nhmr.nl\/ruilmotor\/#primaryimage\",\"url\":\"http:\/\/nhmr.nl\/wp-content\/uploads\/2022\/01\/eeff08eaf61f7950e83ac9cbeb7d4c08_8f6a9fbd0f22be7103527e5d155e0e48.jpeg\",\"contentUrl\":\"http:\/\/nhmr.nl\/wp-content\/uploads\/2022\/01\/eeff08eaf61f7950e83ac9cbeb7d4c08_8f6a9fbd0f22be7103527e5d155e0e48.jpeg\"},{\"@type\":\"BreadcrumbList\",\"@id\":\"https:\/\/nhmr.nl\/ruilmotor\/#breadcrumb\",\"itemListElement\":[{\"@type\":\"ListItem\",\"position\":1,\"name\":\"Home\",\"item\":\"https:\/\/nhmr.nl\/de\/\"},{\"@type\":\"ListItem\",\"position\":2,\"name\":\"Lager (Austausch) Motoren\"}]},{\"@type\":\"WebSite\",\"@id\":\"https:\/\/nhmr.nl\/#website\",\"url\":\"https:\/\/nhmr.nl\/\",\"name\":\"NHMR\",\"description\":\"Noord Hollandse Motoren Revisie\",\"potentialAction\":[{\"@type\":\"SearchAction\",\"target\":{\"@type\":\"EntryPoint\",\"urlTemplate\":\"https:\/\/nhmr.nl\/?s={search_term_string}\"},\"query-input\":{\"@type\":\"PropertyValueSpecification\",\"valueRequired\":true,\"valueName\":\"search_term_string\"}}],\"inLanguage\":\"de\"}]}<\/script>\n<!-- \/ Yoast SEO plugin. -->","yoast_head_json":{"title":"Lager (Austausch) Motoren - NHMR","description":"Noordhollandse Motorenrevisie hat einen gro\u00dfen Bestand an Austauschmotoren. Hier finden Sie eine aktuelle \u00dcbersicht \u00fcber unser Lager.","robots":{"index":"index","follow":"follow","max-snippet":"max-snippet:-1","max-image-preview":"max-image-preview:large","max-video-preview":"max-video-preview:-1"},"canonical":"https:\/\/nhmr.nl\/ruilmotor\/","og_locale":"de_DE","og_type":"article","og_title":"Lager (Austausch) Motoren - NHMR","og_description":"Noordhollandse Motorenrevisie hat einen gro\u00dfen Bestand an Austauschmotoren. Hier finden Sie eine aktuelle \u00dcbersicht \u00fcber unser Lager.","og_url":"https:\/\/nhmr.nl\/ruilmotor\/","og_site_name":"NHMR","article_modified_time":"2022-02-18T14:41:30+00:00","og_image":[{"url":"http:\/\/nhmr.nl\/wp-content\/uploads\/2022\/01\/eeff08eaf61f7950e83ac9cbeb7d4c08_8f6a9fbd0f22be7103527e5d155e0e48.jpeg","type":"","width":"","height":""}],"twitter_card":"summary_large_image","twitter_misc":{"Gesch\u00e4tzte Lesezeit":"11\u00a0Minuten"},"schema":{"@context":"https:\/\/schema.org","@graph":[{"@type":"WebPage","@id":"https:\/\/nhmr.nl\/ruilmotor\/","url":"https:\/\/nhmr.nl\/ruilmotor\/","name":"Lager (Austausch) Motoren - NHMR","isPartOf":{"@id":"https:\/\/nhmr.nl\/#website"},"primaryImageOfPage":{"@id":"https:\/\/nhmr.nl\/ruilmotor\/#primaryimage"},"image":{"@id":"https:\/\/nhmr.nl\/ruilmotor\/#primaryimage"},"thumbnailUrl":"http:\/\/nhmr.nl\/wp-content\/uploads\/2022\/01\/eeff08eaf61f7950e83ac9cbeb7d4c08_8f6a9fbd0f22be7103527e5d155e0e48.jpeg","datePublished":"2022-02-17T14:42:03+00:00","dateModified":"2022-02-18T14:41:30+00:00","description":"Noordhollandse Motorenrevisie hat einen gro\u00dfen Bestand an Austauschmotoren. Hier finden Sie eine aktuelle \u00dcbersicht \u00fcber unser Lager.","breadcrumb":{"@id":"https:\/\/nhmr.nl\/ruilmotor\/#breadcrumb"},"inLanguage":"de","potentialAction":[{"@type":"ReadAction","target":["https:\/\/nhmr.nl\/ruilmotor\/"]}]},{"@type":"ImageObject","inLanguage":"de","@id":"https:\/\/nhmr.nl\/ruilmotor\/#primaryimage","url":"http:\/\/nhmr.nl\/wp-content\/uploads\/2022\/01\/eeff08eaf61f7950e83ac9cbeb7d4c08_8f6a9fbd0f22be7103527e5d155e0e48.jpeg","contentUrl":"http:\/\/nhmr.nl\/wp-content\/uploads\/2022\/01\/eeff08eaf61f7950e83ac9cbeb7d4c08_8f6a9fbd0f22be7103527e5d155e0e48.jpeg"},{"@type":"BreadcrumbList","@id":"https:\/\/nhmr.nl\/ruilmotor\/#breadcrumb","itemListElement":[{"@type":"ListItem","position":1,"name":"Home","item":"https:\/\/nhmr.nl\/de\/"},{"@type":"ListItem","position":2,"name":"Lager (Austausch) Motoren"}]},{"@type":"WebSite","@id":"https:\/\/nhmr.nl\/#website","url":"https:\/\/nhmr.nl\/","name":"NHMR","description":"Noord Hollandse Motoren Revisie","potentialAction":[{"@type":"SearchAction","target":{"@type":"EntryPoint","urlTemplate":"https:\/\/nhmr.nl\/?s={search_term_string}"},"query-input":{"@type":"PropertyValueSpecification","valueRequired":true,"valueName":"search_term_string"}}],"inLanguage":"de"}]}},"_links":{"self":[{"href":"https:\/\/nhmr.nl\/de\/wp-json\/wp\/v2\/pages\/2855","targetHints":{"allow":["GET"]}}],"collection":[{"href":"https:\/\/nhmr.nl\/de\/wp-json\/wp\/v2\/pages"}],"about":[{"href":"https:\/\/nhmr.nl\/de\/wp-json\/wp\/v2\/types\/page"}],"author":[{"embeddable":true,"href":"https:\/\/nhmr.nl\/de\/wp-json\/wp\/v2\/users\/1"}],"replies":[{"embeddable":true,"href":"https:\/\/nhmr.nl\/de\/wp-json\/wp\/v2\/comments?post=2855"}],"version-history":[{"count":0,"href":"https:\/\/nhmr.nl\/de\/wp-json\/wp\/v2\/pages\/2855\/revisions"}],"wp:attachment":[{"href":"https:\/\/nhmr.nl\/de\/wp-json\/wp\/v2\/media?parent=2855"}],"curies":[{"name":"wp","href":"https:\/\/api.w.org\/{rel}","templated":true}]}}