{"id":3340,"date":"2022-02-22T13:33:19","date_gmt":"2022-02-22T13:33:19","guid":{"rendered":"http:\/\/nhmr.nl\/haftungsausschluss\/"},"modified":"2022-02-22T13:36:42","modified_gmt":"2022-02-22T13:36:42","slug":"haftungsausschluss","status":"publish","type":"page","link":"https:\/\/nhmr.nl\/de\/haftungsausschluss\/","title":{"rendered":"Haftungsausschluss"},"content":{"rendered":"\n<p>Diese Website dient der Information unserer Kunden. Wir haben den Inhalt mit gr\u00f6\u00dftm\u00f6glicher Sorgfalt zusammengestellt, k\u00f6nnen jedoch keine Garantien hinsichtlich der Art oder des Inhalts der Informationen auf dieser Website \u00fcbernehmen.<\/p>\n\n\n\n<p>Wir haften nicht f\u00fcr den Inhalt dieser Informationen oder die Folgen ihrer Verwendung. Wir schlie\u00dfen jegliche Haftung f\u00fcr direkte oder indirekte Sch\u00e4den jeglicher Art aus, die in irgendeiner Weise im Zusammenhang mit der Nutzung dieser Website oder der vor\u00fcbergehenden Unf\u00e4higkeit, die Website aufzurufen, entstehen.<\/p>\n\n\n\n<p>In Anbetracht dessen wird dem Leser immer empfohlen, sich unabh\u00e4ngig zu informieren und\/oder zu recherchieren, bevor er die von uns angebotenen Produkte und\/oder Dienstleistungen nutzt.<\/p>\n\n\n\n<h2 class=\"wp-block-heading\" id=\"copyright\">Urheberrechte \u00a9<\/h2>\n\n\n\n<p id=\"copyright\">Diese Seite ist urheberrechtlich gesch\u00fctzt. Es ist nicht gestattet, die Site anders als durch Herunterladen und Betrachten auf einem einzelnen Computer und\/oder Ausdrucken einer einzelnen Hardcopy zu reproduzieren.<\/p>\n\n\n\n<p>Ohne die vorherige schriftliche Genehmigung von Noordhollandse Motorenrevisie BV ist es nicht gestattet, diese Website auf andere Weise zu vervielf\u00e4ltigen, weiterzuleiten oder in einem anderen Netzwerk verf\u00fcgbar zu machen.<\/p>\n","protected":false},"excerpt":{"rendered":"<p>Diese Website dient der Information unserer Kunden. Wir haben den Inhalt mit gr\u00f6\u00dftm\u00f6glicher Sorgfalt zusammengestellt, k\u00f6nnen jedoch keine Garantien hinsichtlich der Art oder des Inhalts der Informationen auf dieser Website \u00fcbernehmen. Wir haften nicht f\u00fcr den Inhalt dieser Informationen oder die Folgen ihrer Verwendung. Wir schlie\u00dfen jegliche Haftung f\u00fcr direkte oder indirekte Sch\u00e4den jeglicher Art aus, die in irgendeiner Weise im Zusammenhang mit der Nutzung dieser Website oder der vor\u00fcbergehenden[&hellip;]<\/p>\n","protected":false},"author":1,"featured_media":0,"parent":0,"menu_order":0,"comment_status":"closed","ping_status":"closed","template":"","meta":{"_acf_changed":false,"footnotes":""},"class_list":["post-3340","page","type-page","status-publish","hentry"],"acf":[],"yoast_head":"<!-- This site is optimized with the Yoast SEO plugin v27.4 - https:\/\/yoast.com\/product\/yoast-seo-wordpress\/ -->\n<title>Haftungsausschluss - NHMR<\/title>\n<meta name=\"robots\" content=\"index, follow, max-snippet:-1, max-image-preview:large, max-video-preview:-1\" \/>\n<link rel=\"canonical\" href=\"https:\/\/nhmr.nl\/disclaimer\/\" \/>\n<meta property=\"og:locale\" content=\"de_DE\" \/>\n<meta property=\"og:type\" content=\"article\" \/>\n<meta property=\"og:title\" content=\"Haftungsausschluss - NHMR\" \/>\n<meta property=\"og:description\" content=\"Diese Website dient der Information unserer Kunden. Wir haben den Inhalt mit gr\u00f6\u00dftm\u00f6glicher Sorgfalt zusammengestellt, k\u00f6nnen jedoch keine Garantien hinsichtlich der Art oder des Inhalts der Informationen auf dieser Website \u00fcbernehmen. Wir haften nicht f\u00fcr den Inhalt dieser Informationen oder die Folgen ihrer Verwendung. Wir schlie\u00dfen jegliche Haftung f\u00fcr direkte oder indirekte Sch\u00e4den jeglicher Art aus, die in irgendeiner Weise im Zusammenhang mit der Nutzung dieser Website oder der vor\u00fcbergehenden[&hellip;]\" \/>\n<meta property=\"og:url\" content=\"https:\/\/nhmr.nl\/disclaimer\/\" \/>\n<meta property=\"og:site_name\" content=\"NHMR\" \/>\n<meta property=\"article:modified_time\" content=\"2022-02-22T13:36:42+00:00\" \/>\n<meta name=\"twitter:card\" content=\"summary_large_image\" \/>\n<meta name=\"twitter:label1\" content=\"Gesch\u00e4tzte Lesezeit\" \/>\n\t<meta name=\"twitter:data1\" content=\"1\u00a0Minute\" \/>\n<script type=\"application\/ld+json\" class=\"yoast-schema-graph\">{\"@context\":\"https:\\\/\\\/schema.org\",\"@graph\":[{\"@type\":\"WebPage\",\"@id\":\"https:\\\/\\\/nhmr.nl\\\/disclaimer\\\/\",\"url\":\"https:\\\/\\\/nhmr.nl\\\/disclaimer\\\/\",\"name\":\"Haftungsausschluss - NHMR\",\"isPartOf\":{\"@id\":\"https:\\\/\\\/nhmr.nl\\\/#website\"},\"datePublished\":\"2022-02-22T13:33:19+00:00\",\"dateModified\":\"2022-02-22T13:36:42+00:00\",\"breadcrumb\":{\"@id\":\"https:\\\/\\\/nhmr.nl\\\/disclaimer\\\/#breadcrumb\"},\"inLanguage\":\"de\",\"potentialAction\":[{\"@type\":\"ReadAction\",\"target\":[\"https:\\\/\\\/nhmr.nl\\\/disclaimer\\\/\"]}]},{\"@type\":\"BreadcrumbList\",\"@id\":\"https:\\\/\\\/nhmr.nl\\\/disclaimer\\\/#breadcrumb\",\"itemListElement\":[{\"@type\":\"ListItem\",\"position\":1,\"name\":\"Home\",\"item\":\"https:\\\/\\\/nhmr.nl\\\/de\\\/startseite\\\/\"},{\"@type\":\"ListItem\",\"position\":2,\"name\":\"Haftungsausschluss\"}]},{\"@type\":\"WebSite\",\"@id\":\"https:\\\/\\\/nhmr.nl\\\/#website\",\"url\":\"https:\\\/\\\/nhmr.nl\\\/\",\"name\":\"NHMR\",\"description\":\"Noord Hollandse Motoren Revisie\",\"potentialAction\":[{\"@type\":\"SearchAction\",\"target\":{\"@type\":\"EntryPoint\",\"urlTemplate\":\"https:\\\/\\\/nhmr.nl\\\/?s={search_term_string}\"},\"query-input\":{\"@type\":\"PropertyValueSpecification\",\"valueRequired\":true,\"valueName\":\"search_term_string\"}}],\"inLanguage\":\"de\"}]}<\/script>\n<!-- \/ Yoast SEO plugin. -->","yoast_head_json":{"title":"Haftungsausschluss - NHMR","robots":{"index":"index","follow":"follow","max-snippet":"max-snippet:-1","max-image-preview":"max-image-preview:large","max-video-preview":"max-video-preview:-1"},"canonical":"https:\/\/nhmr.nl\/disclaimer\/","og_locale":"de_DE","og_type":"article","og_title":"Haftungsausschluss - NHMR","og_description":"Diese Website dient der Information unserer Kunden. Wir haben den Inhalt mit gr\u00f6\u00dftm\u00f6glicher Sorgfalt zusammengestellt, k\u00f6nnen jedoch keine Garantien hinsichtlich der Art oder des Inhalts der Informationen auf dieser Website \u00fcbernehmen. Wir haften nicht f\u00fcr den Inhalt dieser Informationen oder die Folgen ihrer Verwendung. Wir schlie\u00dfen jegliche Haftung f\u00fcr direkte oder indirekte Sch\u00e4den jeglicher Art aus, die in irgendeiner Weise im Zusammenhang mit der Nutzung dieser Website oder der vor\u00fcbergehenden[&hellip;]","og_url":"https:\/\/nhmr.nl\/disclaimer\/","og_site_name":"NHMR","article_modified_time":"2022-02-22T13:36:42+00:00","twitter_card":"summary_large_image","twitter_misc":{"Gesch\u00e4tzte Lesezeit":"1\u00a0Minute"},"schema":{"@context":"https:\/\/schema.org","@graph":[{"@type":"WebPage","@id":"https:\/\/nhmr.nl\/disclaimer\/","url":"https:\/\/nhmr.nl\/disclaimer\/","name":"Haftungsausschluss - NHMR","isPartOf":{"@id":"https:\/\/nhmr.nl\/#website"},"datePublished":"2022-02-22T13:33:19+00:00","dateModified":"2022-02-22T13:36:42+00:00","breadcrumb":{"@id":"https:\/\/nhmr.nl\/disclaimer\/#breadcrumb"},"inLanguage":"de","potentialAction":[{"@type":"ReadAction","target":["https:\/\/nhmr.nl\/disclaimer\/"]}]},{"@type":"BreadcrumbList","@id":"https:\/\/nhmr.nl\/disclaimer\/#breadcrumb","itemListElement":[{"@type":"ListItem","position":1,"name":"Home","item":"https:\/\/nhmr.nl\/de\/startseite\/"},{"@type":"ListItem","position":2,"name":"Haftungsausschluss"}]},{"@type":"WebSite","@id":"https:\/\/nhmr.nl\/#website","url":"https:\/\/nhmr.nl\/","name":"NHMR","description":"Noord Hollandse Motoren Revisie","potentialAction":[{"@type":"SearchAction","target":{"@type":"EntryPoint","urlTemplate":"https:\/\/nhmr.nl\/?s={search_term_string}"},"query-input":{"@type":"PropertyValueSpecification","valueRequired":true,"valueName":"search_term_string"}}],"inLanguage":"de"}]}},"_links":{"self":[{"href":"https:\/\/nhmr.nl\/de\/wp-json\/wp\/v2\/pages\/3340","targetHints":{"allow":["GET"]}}],"collection":[{"href":"https:\/\/nhmr.nl\/de\/wp-json\/wp\/v2\/pages"}],"about":[{"href":"https:\/\/nhmr.nl\/de\/wp-json\/wp\/v2\/types\/page"}],"author":[{"embeddable":true,"href":"https:\/\/nhmr.nl\/de\/wp-json\/wp\/v2\/users\/1"}],"replies":[{"embeddable":true,"href":"https:\/\/nhmr.nl\/de\/wp-json\/wp\/v2\/comments?post=3340"}],"version-history":[{"count":0,"href":"https:\/\/nhmr.nl\/de\/wp-json\/wp\/v2\/pages\/3340\/revisions"}],"wp:attachment":[{"href":"https:\/\/nhmr.nl\/de\/wp-json\/wp\/v2\/media?parent=3340"}],"curies":[{"name":"wp","href":"https:\/\/api.w.org\/{rel}","templated":true}]}}