{"id":3363,"date":"2022-02-22T13:46:10","date_gmt":"2022-02-22T13:46:10","guid":{"rendered":"http:\/\/nhmr.nl\/?page_id=3363"},"modified":"2022-07-19T13:25:54","modified_gmt":"2022-07-19T13:25:54","slug":"algemene-voorwaarden","status":"publish","type":"page","link":"https:\/\/nhmr.nl\/de\/algemene-voorwaarden\/","title":{"rendered":"Gesch\u00e4ftsbedingungen"},"content":{"rendered":"\n<p>F\u00fcr die Noordhollandse Motorenrevisie gelten die folgenden Allgemeinen Gesch\u00e4ftsbedingungen:<\/p>\n\n\n\n<p><a href=\"http:\/\/nhmr.nl\/wp-content\/uploads\/2022\/07\/ENG-Algemene-Voorwaarden-particulier-reparatie-en-onderdelen-verkoop-ESR-DCR-2022.pdf\">\u2022 Sehen Sie sich hier die privaten Bedingungen an<\/a><\/p>\n\n\n\n<p><a href=\"http:\/\/nhmr.nl\/wp-content\/uploads\/2022\/07\/ENG-Algemene-Voorwaarden-zakelijk-ESR-DCR-2022.pdf\">\u2022 Sehen Sie sich hier die Gesch\u00e4ftsbedingungen an<\/a><\/p>\n\n\n\n<p><a href=\"http:\/\/nhmr.nl\/wp-content\/uploads\/2022\/07\/Onderhoudsvoorwaarden-energiesystemen-en-revisie-zakelijk-Engels-februari-2022.pdf\">\u2022 Sehen Sie sich hier die Gesch\u00e4ftsbedingungen Wartung an<\/a><\/p>\n\n\n\n<p><\/p>\n","protected":false},"excerpt":{"rendered":"<p>F\u00fcr die Noordhollandse Motorenrevisie gelten die folgenden Allgemeinen Gesch\u00e4ftsbedingungen: \u2022 Sehen Sie sich hier die privaten Bedingungen an \u2022 Sehen Sie sich hier die Gesch\u00e4ftsbedingungen an \u2022 Sehen Sie sich hier die Gesch\u00e4ftsbedingungen Wartung an<\/p>\n","protected":false},"author":1,"featured_media":0,"parent":0,"menu_order":0,"comment_status":"closed","ping_status":"closed","template":"","meta":{"_acf_changed":false,"footnotes":""},"class_list":["post-3363","page","type-page","status-publish","hentry"],"acf":[],"yoast_head":"<!-- This site is optimized with the Yoast SEO plugin v27.0 - https:\/\/yoast.com\/product\/yoast-seo-wordpress\/ -->\n<title>Gesch\u00e4ftsbedingungen - NHMR<\/title>\n<meta name=\"robots\" content=\"index, follow, max-snippet:-1, max-image-preview:large, max-video-preview:-1\" \/>\n<link rel=\"canonical\" href=\"https:\/\/nhmr.nl\/algemene-vorwaarden\/\" \/>\n<meta property=\"og:locale\" content=\"de_DE\" \/>\n<meta property=\"og:type\" content=\"article\" \/>\n<meta property=\"og:title\" content=\"Gesch\u00e4ftsbedingungen - NHMR\" \/>\n<meta property=\"og:description\" content=\"F\u00fcr die Noordhollandse Motorenrevisie gelten die folgenden Allgemeinen Gesch\u00e4ftsbedingungen: \u2022 Sehen Sie sich hier die privaten Bedingungen an \u2022 Sehen Sie sich hier die Gesch\u00e4ftsbedingungen an \u2022 Sehen Sie sich hier die Gesch\u00e4ftsbedingungen Wartung an\" \/>\n<meta property=\"og:url\" content=\"https:\/\/nhmr.nl\/algemene-vorwaarden\/\" \/>\n<meta property=\"og:site_name\" content=\"NHMR\" \/>\n<meta property=\"article:modified_time\" content=\"2022-07-19T13:25:54+00:00\" \/>\n<meta name=\"twitter:card\" content=\"summary_large_image\" \/>\n<meta name=\"twitter:label1\" content=\"Gesch\u00e4tzte Lesezeit\" \/>\n\t<meta name=\"twitter:data1\" content=\"1\u00a0Minute\" \/>\n<script type=\"application\/ld+json\" class=\"yoast-schema-graph\">{\"@context\":\"https:\/\/schema.org\",\"@graph\":[{\"@type\":\"WebPage\",\"@id\":\"https:\/\/nhmr.nl\/algemene-vorwaarden\/\",\"url\":\"https:\/\/nhmr.nl\/algemene-vorwaarden\/\",\"name\":\"Gesch\u00e4ftsbedingungen - NHMR\",\"isPartOf\":{\"@id\":\"https:\/\/nhmr.nl\/#website\"},\"datePublished\":\"2022-02-22T13:46:10+00:00\",\"dateModified\":\"2022-07-19T13:25:54+00:00\",\"breadcrumb\":{\"@id\":\"https:\/\/nhmr.nl\/algemene-vorwaarden\/#breadcrumb\"},\"inLanguage\":\"de\",\"potentialAction\":[{\"@type\":\"ReadAction\",\"target\":[\"https:\/\/nhmr.nl\/algemene-vorwaarden\/\"]}]},{\"@type\":\"BreadcrumbList\",\"@id\":\"https:\/\/nhmr.nl\/algemene-vorwaarden\/#breadcrumb\",\"itemListElement\":[{\"@type\":\"ListItem\",\"position\":1,\"name\":\"Home\",\"item\":\"https:\/\/nhmr.nl\/de\/\"},{\"@type\":\"ListItem\",\"position\":2,\"name\":\"Gesch\u00e4ftsbedingungen\"}]},{\"@type\":\"WebSite\",\"@id\":\"https:\/\/nhmr.nl\/#website\",\"url\":\"https:\/\/nhmr.nl\/\",\"name\":\"NHMR\",\"description\":\"Noord Hollandse Motoren Revisie\",\"potentialAction\":[{\"@type\":\"SearchAction\",\"target\":{\"@type\":\"EntryPoint\",\"urlTemplate\":\"https:\/\/nhmr.nl\/?s={search_term_string}\"},\"query-input\":{\"@type\":\"PropertyValueSpecification\",\"valueRequired\":true,\"valueName\":\"search_term_string\"}}],\"inLanguage\":\"de\"}]}<\/script>\n<!-- \/ Yoast SEO plugin. -->","yoast_head_json":{"title":"Gesch\u00e4ftsbedingungen - NHMR","robots":{"index":"index","follow":"follow","max-snippet":"max-snippet:-1","max-image-preview":"max-image-preview:large","max-video-preview":"max-video-preview:-1"},"canonical":"https:\/\/nhmr.nl\/algemene-vorwaarden\/","og_locale":"de_DE","og_type":"article","og_title":"Gesch\u00e4ftsbedingungen - NHMR","og_description":"F\u00fcr die Noordhollandse Motorenrevisie gelten die folgenden Allgemeinen Gesch\u00e4ftsbedingungen: \u2022 Sehen Sie sich hier die privaten Bedingungen an \u2022 Sehen Sie sich hier die Gesch\u00e4ftsbedingungen an \u2022 Sehen Sie sich hier die Gesch\u00e4ftsbedingungen Wartung an","og_url":"https:\/\/nhmr.nl\/algemene-vorwaarden\/","og_site_name":"NHMR","article_modified_time":"2022-07-19T13:25:54+00:00","twitter_card":"summary_large_image","twitter_misc":{"Gesch\u00e4tzte Lesezeit":"1\u00a0Minute"},"schema":{"@context":"https:\/\/schema.org","@graph":[{"@type":"WebPage","@id":"https:\/\/nhmr.nl\/algemene-vorwaarden\/","url":"https:\/\/nhmr.nl\/algemene-vorwaarden\/","name":"Gesch\u00e4ftsbedingungen - NHMR","isPartOf":{"@id":"https:\/\/nhmr.nl\/#website"},"datePublished":"2022-02-22T13:46:10+00:00","dateModified":"2022-07-19T13:25:54+00:00","breadcrumb":{"@id":"https:\/\/nhmr.nl\/algemene-vorwaarden\/#breadcrumb"},"inLanguage":"de","potentialAction":[{"@type":"ReadAction","target":["https:\/\/nhmr.nl\/algemene-vorwaarden\/"]}]},{"@type":"BreadcrumbList","@id":"https:\/\/nhmr.nl\/algemene-vorwaarden\/#breadcrumb","itemListElement":[{"@type":"ListItem","position":1,"name":"Home","item":"https:\/\/nhmr.nl\/de\/"},{"@type":"ListItem","position":2,"name":"Gesch\u00e4ftsbedingungen"}]},{"@type":"WebSite","@id":"https:\/\/nhmr.nl\/#website","url":"https:\/\/nhmr.nl\/","name":"NHMR","description":"Noord Hollandse Motoren Revisie","potentialAction":[{"@type":"SearchAction","target":{"@type":"EntryPoint","urlTemplate":"https:\/\/nhmr.nl\/?s={search_term_string}"},"query-input":{"@type":"PropertyValueSpecification","valueRequired":true,"valueName":"search_term_string"}}],"inLanguage":"de"}]}},"_links":{"self":[{"href":"https:\/\/nhmr.nl\/de\/wp-json\/wp\/v2\/pages\/3363","targetHints":{"allow":["GET"]}}],"collection":[{"href":"https:\/\/nhmr.nl\/de\/wp-json\/wp\/v2\/pages"}],"about":[{"href":"https:\/\/nhmr.nl\/de\/wp-json\/wp\/v2\/types\/page"}],"author":[{"embeddable":true,"href":"https:\/\/nhmr.nl\/de\/wp-json\/wp\/v2\/users\/1"}],"replies":[{"embeddable":true,"href":"https:\/\/nhmr.nl\/de\/wp-json\/wp\/v2\/comments?post=3363"}],"version-history":[{"count":0,"href":"https:\/\/nhmr.nl\/de\/wp-json\/wp\/v2\/pages\/3363\/revisions"}],"wp:attachment":[{"href":"https:\/\/nhmr.nl\/de\/wp-json\/wp\/v2\/media?parent=3363"}],"curies":[{"name":"wp","href":"https:\/\/api.w.org\/{rel}","templated":true}]}}