{"id":5036,"date":"2022-07-11T13:40:19","date_gmt":"2022-07-11T13:40:19","guid":{"rendered":"http:\/\/nhmr.nl\/ueberholung-des-motors\/"},"modified":"2022-07-11T13:44:42","modified_gmt":"2022-07-11T13:44:42","slug":"ueberholung-des-motors","status":"publish","type":"page","link":"https:\/\/nhmr.nl\/de\/ueberholung-des-motors\/","title":{"rendered":"\u00dcberholung des Motors"},"content":{"rendered":"\t\t<div data-elementor-type=\"wp-page\" data-elementor-id=\"5036\" class=\"elementor elementor-5036 elementor-5032\" data-elementor-post-type=\"page\">\n\t\t\t\t\t\t<section class=\"elementor-section elementor-top-section elementor-element elementor-element-1fefd15b elementor-section-stretched elementor-reverse-mobile tstk-col-stretched-none tstk-bg-color-over-image elementor-section-boxed elementor-section-height-default elementor-section-height-default\" data-id=\"1fefd15b\" data-element_type=\"section\" data-e-type=\"section\" data-settings=\"{&quot;stretch_section&quot;:&quot;section-stretched&quot;}\">\n\t\t\t\t\t\t<div class=\"elementor-container elementor-column-gap-default\">\n\t\t\t\t\t<div class=\"elementor-column elementor-col-50 elementor-top-column elementor-element elementor-element-594f9d4a tstk-bg-color-over-image\" data-id=\"594f9d4a\" data-element_type=\"column\" data-e-type=\"column\">\n\t\t\t<div class=\"elementor-widget-wrap elementor-element-populated\">\n\t\t\t\t\t\t<div class=\"elementor-element elementor-element-b70acfb tstk-img-effect-01 elementor-widget elementor-widget-image\" data-id=\"b70acfb\" data-element_type=\"widget\" data-e-type=\"widget\" data-widget_type=\"image.default\">\n\t\t\t\t<div class=\"elementor-widget-container\">\n\t\t\t\t\t\t\t\t\t\t\t\t\t\t\t<img fetchpriority=\"high\" decoding=\"async\" width=\"600\" height=\"400\" src=\"https:\/\/nhmr.nl\/wp-content\/uploads\/2020\/06\/Motorenrevisie-12-e1639412052417.jpg\" class=\"attachment-full size-full wp-image-436\" alt=\"\" \/>\t\t\t\t\t\t\t\t\t\t\t\t\t\t\t<\/div>\n\t\t\t\t<\/div>\n\t\t\t\t\t<\/div>\n\t\t<\/div>\n\t\t\t\t<div class=\"elementor-column elementor-col-50 elementor-top-column elementor-element elementor-element-74b1418e tstk-bg-color-over-image\" data-id=\"74b1418e\" data-element_type=\"column\" data-e-type=\"column\">\n\t\t\t<div class=\"elementor-widget-wrap elementor-element-populated\">\n\t\t\t\t\t\t<div class=\"elementor-element elementor-element-779c8f9e tstk-align-left elementor-widget elementor-widget-tstk_heading\" data-id=\"779c8f9e\" data-element_type=\"widget\" data-e-type=\"widget\" data-widget_type=\"tstk_heading.default\">\n\t\t\t\t<div class=\"elementor-widget-container\">\n\t\t\t\t\t\t<div class=\"tstk-heading-subheading left-align tstk-reverse-heading-yes\"><h4 class=\"tstk-element-subtitle\">\r\n\t\t\t\r\n\t\t\t\tReviseren\r\n\t\t\t\r\n\t\t\t<\/h4>\r\n\t\t<h2 class=\"tstk-element-title\">\r\n\t\t\t\r\n\t\t\t\tNHMR reviseert motoren voor industrietoepassingen\r\n\t\t\t\r\n\t\t\t<\/h2>\r\n\t\t<\/div>\t\t\t\t<\/div>\n\t\t\t\t<\/div>\n\t\t\t\t<div class=\"elementor-element elementor-element-12522a57 elementor-widget elementor-widget-text-editor\" data-id=\"12522a57\" data-element_type=\"widget\" data-e-type=\"widget\" data-widget_type=\"text-editor.default\">\n\t\t\t\t<div class=\"elementor-widget-container\">\n\t\t\t\t\t\t\t\t\t<p>Die Noordhollandse Motorenrevisie \u00fcberholt im Auftrag des Unternehmens komplette Motoren f\u00fcr industrielle Anwendungen. Denk an; Stromaggregate, Blockheizkraftwerke, Pumpstationen, Sprinkleranlagen, Pumpenaggregate, Bagger, Kr\u00e4ne usw.<\/p><p>Vor Ort oder in unserer gro\u00dfz\u00fcgigen Werkstatt mit einer Tragkraft von bis zu 20 Tonnen \u00fcbernehmen wir auf Wunsch den Aus- und Einbau des Motors.<\/p>\t\t\t\t\t\t\t\t<\/div>\n\t\t\t\t<\/div>\n\t\t\t\t\t<\/div>\n\t\t<\/div>\n\t\t\t\t\t<\/div>\n\t\t<\/section>\n\t\t\t\t<section class=\"elementor-section elementor-top-section elementor-element elementor-element-40b91fa8 tstk-col-stretched-both tstk-right-col-stretched-content-yes tstk-bg-color-yes tstk-elementor-bg-color-light elementor-section-stretched tstk-bg-image-over-color elementor-section-boxed elementor-section-height-default elementor-section-height-default\" data-id=\"40b91fa8\" data-element_type=\"section\" data-e-type=\"section\" data-settings=\"{&quot;stretch_section&quot;:&quot;section-stretched&quot;,&quot;background_background&quot;:&quot;classic&quot;}\">\n\t\t\t\t\t\t\t<div class=\"elementor-background-overlay\"><\/div>\n\t\t\t\t\t\t\t<div class=\"elementor-container elementor-column-gap-no\">\n\t\t\t\t\t<div class=\"elementor-column elementor-col-50 elementor-top-column elementor-element elementor-element-3fec82c2 tstk-bg-color-over-image\" data-id=\"3fec82c2\" data-element_type=\"column\" data-e-type=\"column\">\n\t\t\t<div class=\"elementor-widget-wrap elementor-element-populated\">\n\t\t\t\t\t\t<div class=\"elementor-element elementor-element-3f75506f tstk-align-left elementor-widget elementor-widget-tstk_heading\" data-id=\"3f75506f\" data-element_type=\"widget\" data-e-type=\"widget\" data-widget_type=\"tstk_heading.default\">\n\t\t\t\t<div class=\"elementor-widget-container\">\n\t\t\t\t\t\t<div class=\"tstk-heading-subheading left-align tstk-reverse-heading-yes\"><h4 class=\"tstk-element-subtitle\">\r\n\t\t\t\r\n\t\t\t\tService &amp; onderhoud\r\n\t\t\t\r\n\t\t\t<\/h4>\r\n\t\t<h2 class=\"tstk-element-title\">\r\n\t\t\t\r\n\t\t\t\tNoordhollandse Motorenrevisie verleent ook service en onderhoud\r\n\t\t\t\r\n\t\t\t<\/h2>\r\n\t\t<\/div>\t\t\t\t<\/div>\n\t\t\t\t<\/div>\n\t\t\t\t<div class=\"elementor-element elementor-element-7235847a elementor-widget elementor-widget-text-editor\" data-id=\"7235847a\" data-element_type=\"widget\" data-e-type=\"widget\" data-widget_type=\"text-editor.default\">\n\t\t\t\t<div class=\"elementor-widget-container\">\n\t\t\t\t\t\t\t\t\t<p>NHMR bietet Service und Wartung f\u00fcr alle Arten von Diesel- und Gasmotoren von Energieerzeugungsanlagen, wie Notstromaggregaten, Blockheizkraftwerken (BHKW), Sprinkleranlagen und Druckluftkompressoren.<\/p><p>Auf Wunsch werden diese Dienstleistungen auf Vertragsbasis in Zusammenarbeit mit unserem eigenen Serviceunternehmen <a href=\"http:\/\/www.zesbv.com\/\" target=\"_blank\" rel=\"noopener\">Zes BV<\/a> (Zantingh Energy Services) an verschiedenen Standorten erbracht, z. Gartenbau, Pumpstationen, Schwimmb\u00e4der, Krankenh\u00e4user, Regierungsgeb\u00e4ude usw.<\/p>\t\t\t\t\t\t\t\t<\/div>\n\t\t\t\t<\/div>\n\t\t\t\t\t<\/div>\n\t\t<\/div>\n\t\t\t\t<div class=\"elementor-column elementor-col-50 elementor-top-column elementor-element elementor-element-22a19ffd tstk-bg-color-over-image\" data-id=\"22a19ffd\" data-element_type=\"column\" data-e-type=\"column\">\n\t\t\t<div class=\"elementor-widget-wrap elementor-element-populated\">\n\t\t\t\t\t\t<div class=\"elementor-element elementor-element-553cb36f elementor-widget elementor-widget-image\" data-id=\"553cb36f\" data-element_type=\"widget\" data-e-type=\"widget\" data-widget_type=\"image.default\">\n\t\t\t\t<div class=\"elementor-widget-container\">\n\t\t\t\t\t\t\t\t\t\t\t\t\t\t\t<img decoding=\"async\" src=\"https:\/\/nhmr.nl\/wp-content\/uploads\/elementor\/thumbs\/Motor-Industrie-1-1-q6k2wfmf5pi62ilqt9mhckly7qd4ek9nx83fgirsk8.jpg\" title=\"Motor Industrie 1 (1)\" alt=\"Dieselmotor laten reviseren\" loading=\"lazy\" \/>\t\t\t\t\t\t\t\t\t\t\t\t\t\t\t<\/div>\n\t\t\t\t<\/div>\n\t\t\t\t\t<\/div>\n\t\t<\/div>\n\t\t\t\t\t<\/div>\n\t\t<\/section>\n\t\t\t\t<\/div>\n\t\t","protected":false},"excerpt":{"rendered":"<p>Reviseren NHMR reviseert motoren voor industrietoepassingen Die Noordhollandse Motorenrevisie \u00fcberholt im Auftrag des Unternehmens komplette Motoren f\u00fcr industrielle Anwendungen. Denk an; Stromaggregate, Blockheizkraftwerke, Pumpstationen, Sprinkleranlagen, Pumpenaggregate, Bagger, Kr\u00e4ne usw. Vor Ort oder in unserer gro\u00dfz\u00fcgigen Werkstatt mit einer Tragkraft von bis zu 20 Tonnen \u00fcbernehmen wir auf Wunsch den Aus- und Einbau des Motors. Service &amp; onderhoud Noordhollandse Motorenrevisie verleent ook service en onderhoud NHMR bietet Service und Wartung f\u00fcr[&hellip;]<\/p>\n","protected":false},"author":1,"featured_media":0,"parent":0,"menu_order":0,"comment_status":"closed","ping_status":"closed","template":"elementor_header_footer","meta":{"_acf_changed":false,"footnotes":""},"class_list":["post-5036","page","type-page","status-publish","hentry"],"acf":[],"yoast_head":"<!-- This site is optimized with the Yoast SEO plugin v27.0 - https:\/\/yoast.com\/product\/yoast-seo-wordpress\/ -->\n<title>\u00dcberholung des Motors - NHMR<\/title>\n<meta name=\"robots\" content=\"index, follow, max-snippet:-1, max-image-preview:large, max-video-preview:-1\" \/>\n<link rel=\"canonical\" href=\"https:\/\/nhmr.nl\/motor-revisie\/\" \/>\n<meta property=\"og:locale\" content=\"de_DE\" \/>\n<meta property=\"og:type\" content=\"article\" \/>\n<meta property=\"og:title\" content=\"\u00dcberholung des Motors - NHMR\" \/>\n<meta property=\"og:description\" content=\"Reviseren NHMR reviseert motoren voor industrietoepassingen Die Noordhollandse Motorenrevisie \u00fcberholt im Auftrag des Unternehmens komplette Motoren f\u00fcr industrielle Anwendungen. Denk an; Stromaggregate, Blockheizkraftwerke, Pumpstationen, Sprinkleranlagen, Pumpenaggregate, Bagger, Kr\u00e4ne usw. Vor Ort oder in unserer gro\u00dfz\u00fcgigen Werkstatt mit einer Tragkraft von bis zu 20 Tonnen \u00fcbernehmen wir auf Wunsch den Aus- und Einbau des Motors. Service &amp; onderhoud Noordhollandse Motorenrevisie verleent ook service en onderhoud NHMR bietet Service und Wartung f\u00fcr[&hellip;]\" \/>\n<meta property=\"og:url\" content=\"https:\/\/nhmr.nl\/motor-revisie\/\" \/>\n<meta property=\"og:site_name\" content=\"NHMR\" \/>\n<meta property=\"article:modified_time\" content=\"2022-07-11T13:44:42+00:00\" \/>\n<meta property=\"og:image\" content=\"http:\/\/nhmr.nl\/wp-content\/uploads\/2020\/06\/Motorenrevisie-12-e1639412052417.jpg\" \/>\n<meta name=\"twitter:card\" content=\"summary_large_image\" \/>\n<meta name=\"twitter:label1\" content=\"Gesch\u00e4tzte Lesezeit\" \/>\n\t<meta name=\"twitter:data1\" content=\"1\u00a0Minute\" \/>\n<script type=\"application\/ld+json\" class=\"yoast-schema-graph\">{\"@context\":\"https:\/\/schema.org\",\"@graph\":[{\"@type\":\"WebPage\",\"@id\":\"https:\/\/nhmr.nl\/motor-revisie\/\",\"url\":\"https:\/\/nhmr.nl\/motor-revisie\/\",\"name\":\"\u00dcberholung des Motors - NHMR\",\"isPartOf\":{\"@id\":\"https:\/\/nhmr.nl\/#website\"},\"primaryImageOfPage\":{\"@id\":\"https:\/\/nhmr.nl\/motor-revisie\/#primaryimage\"},\"image\":{\"@id\":\"https:\/\/nhmr.nl\/motor-revisie\/#primaryimage\"},\"thumbnailUrl\":\"http:\/\/nhmr.nl\/wp-content\/uploads\/2020\/06\/Motorenrevisie-12-e1639412052417.jpg\",\"datePublished\":\"2022-07-11T13:40:19+00:00\",\"dateModified\":\"2022-07-11T13:44:42+00:00\",\"breadcrumb\":{\"@id\":\"https:\/\/nhmr.nl\/motor-revisie\/#breadcrumb\"},\"inLanguage\":\"de\",\"potentialAction\":[{\"@type\":\"ReadAction\",\"target\":[\"https:\/\/nhmr.nl\/motor-revisie\/\"]}]},{\"@type\":\"ImageObject\",\"inLanguage\":\"de\",\"@id\":\"https:\/\/nhmr.nl\/motor-revisie\/#primaryimage\",\"url\":\"http:\/\/nhmr.nl\/wp-content\/uploads\/2020\/06\/Motorenrevisie-12-e1639412052417.jpg\",\"contentUrl\":\"http:\/\/nhmr.nl\/wp-content\/uploads\/2020\/06\/Motorenrevisie-12-e1639412052417.jpg\"},{\"@type\":\"BreadcrumbList\",\"@id\":\"https:\/\/nhmr.nl\/motor-revisie\/#breadcrumb\",\"itemListElement\":[{\"@type\":\"ListItem\",\"position\":1,\"name\":\"Home\",\"item\":\"https:\/\/nhmr.nl\/de\/\"},{\"@type\":\"ListItem\",\"position\":2,\"name\":\"\u00dcberholung des Motors\"}]},{\"@type\":\"WebSite\",\"@id\":\"https:\/\/nhmr.nl\/#website\",\"url\":\"https:\/\/nhmr.nl\/\",\"name\":\"NHMR\",\"description\":\"Noord Hollandse Motoren Revisie\",\"potentialAction\":[{\"@type\":\"SearchAction\",\"target\":{\"@type\":\"EntryPoint\",\"urlTemplate\":\"https:\/\/nhmr.nl\/?s={search_term_string}\"},\"query-input\":{\"@type\":\"PropertyValueSpecification\",\"valueRequired\":true,\"valueName\":\"search_term_string\"}}],\"inLanguage\":\"de\"}]}<\/script>\n<!-- \/ Yoast SEO plugin. -->","yoast_head_json":{"title":"\u00dcberholung des Motors - NHMR","robots":{"index":"index","follow":"follow","max-snippet":"max-snippet:-1","max-image-preview":"max-image-preview:large","max-video-preview":"max-video-preview:-1"},"canonical":"https:\/\/nhmr.nl\/motor-revisie\/","og_locale":"de_DE","og_type":"article","og_title":"\u00dcberholung des Motors - NHMR","og_description":"Reviseren NHMR reviseert motoren voor industrietoepassingen Die Noordhollandse Motorenrevisie \u00fcberholt im Auftrag des Unternehmens komplette Motoren f\u00fcr industrielle Anwendungen. Denk an; Stromaggregate, Blockheizkraftwerke, Pumpstationen, Sprinkleranlagen, Pumpenaggregate, Bagger, Kr\u00e4ne usw. Vor Ort oder in unserer gro\u00dfz\u00fcgigen Werkstatt mit einer Tragkraft von bis zu 20 Tonnen \u00fcbernehmen wir auf Wunsch den Aus- und Einbau des Motors. Service &amp; onderhoud Noordhollandse Motorenrevisie verleent ook service en onderhoud NHMR bietet Service und Wartung f\u00fcr[&hellip;]","og_url":"https:\/\/nhmr.nl\/motor-revisie\/","og_site_name":"NHMR","article_modified_time":"2022-07-11T13:44:42+00:00","og_image":[{"url":"http:\/\/nhmr.nl\/wp-content\/uploads\/2020\/06\/Motorenrevisie-12-e1639412052417.jpg","type":"","width":"","height":""}],"twitter_card":"summary_large_image","twitter_misc":{"Gesch\u00e4tzte Lesezeit":"1\u00a0Minute"},"schema":{"@context":"https:\/\/schema.org","@graph":[{"@type":"WebPage","@id":"https:\/\/nhmr.nl\/motor-revisie\/","url":"https:\/\/nhmr.nl\/motor-revisie\/","name":"\u00dcberholung des Motors - NHMR","isPartOf":{"@id":"https:\/\/nhmr.nl\/#website"},"primaryImageOfPage":{"@id":"https:\/\/nhmr.nl\/motor-revisie\/#primaryimage"},"image":{"@id":"https:\/\/nhmr.nl\/motor-revisie\/#primaryimage"},"thumbnailUrl":"http:\/\/nhmr.nl\/wp-content\/uploads\/2020\/06\/Motorenrevisie-12-e1639412052417.jpg","datePublished":"2022-07-11T13:40:19+00:00","dateModified":"2022-07-11T13:44:42+00:00","breadcrumb":{"@id":"https:\/\/nhmr.nl\/motor-revisie\/#breadcrumb"},"inLanguage":"de","potentialAction":[{"@type":"ReadAction","target":["https:\/\/nhmr.nl\/motor-revisie\/"]}]},{"@type":"ImageObject","inLanguage":"de","@id":"https:\/\/nhmr.nl\/motor-revisie\/#primaryimage","url":"http:\/\/nhmr.nl\/wp-content\/uploads\/2020\/06\/Motorenrevisie-12-e1639412052417.jpg","contentUrl":"http:\/\/nhmr.nl\/wp-content\/uploads\/2020\/06\/Motorenrevisie-12-e1639412052417.jpg"},{"@type":"BreadcrumbList","@id":"https:\/\/nhmr.nl\/motor-revisie\/#breadcrumb","itemListElement":[{"@type":"ListItem","position":1,"name":"Home","item":"https:\/\/nhmr.nl\/de\/"},{"@type":"ListItem","position":2,"name":"\u00dcberholung des Motors"}]},{"@type":"WebSite","@id":"https:\/\/nhmr.nl\/#website","url":"https:\/\/nhmr.nl\/","name":"NHMR","description":"Noord Hollandse Motoren Revisie","potentialAction":[{"@type":"SearchAction","target":{"@type":"EntryPoint","urlTemplate":"https:\/\/nhmr.nl\/?s={search_term_string}"},"query-input":{"@type":"PropertyValueSpecification","valueRequired":true,"valueName":"search_term_string"}}],"inLanguage":"de"}]}},"_links":{"self":[{"href":"https:\/\/nhmr.nl\/de\/wp-json\/wp\/v2\/pages\/5036","targetHints":{"allow":["GET"]}}],"collection":[{"href":"https:\/\/nhmr.nl\/de\/wp-json\/wp\/v2\/pages"}],"about":[{"href":"https:\/\/nhmr.nl\/de\/wp-json\/wp\/v2\/types\/page"}],"author":[{"embeddable":true,"href":"https:\/\/nhmr.nl\/de\/wp-json\/wp\/v2\/users\/1"}],"replies":[{"embeddable":true,"href":"https:\/\/nhmr.nl\/de\/wp-json\/wp\/v2\/comments?post=5036"}],"version-history":[{"count":0,"href":"https:\/\/nhmr.nl\/de\/wp-json\/wp\/v2\/pages\/5036\/revisions"}],"wp:attachment":[{"href":"https:\/\/nhmr.nl\/de\/wp-json\/wp\/v2\/media?parent=5036"}],"curies":[{"name":"wp","href":"https:\/\/api.w.org\/{rel}","templated":true}]}}