{"id":5203,"date":"2022-07-11T18:36:28","date_gmt":"2022-07-11T18:36:28","guid":{"rendered":"http:\/\/nhmr.nl\/ueberholung-von-dieselmotoren\/"},"modified":"2022-07-11T18:49:04","modified_gmt":"2022-07-11T18:49:04","slug":"ueberholung-von-dieselmotoren","status":"publish","type":"page","link":"https:\/\/nhmr.nl\/de\/ueberholung-von-dieselmotoren\/","title":{"rendered":"\u00dcberholung von Dieselmotoren"},"content":{"rendered":"\t\t<div data-elementor-type=\"wp-page\" data-elementor-id=\"5203\" class=\"elementor elementor-5203 elementor-5200\" data-elementor-post-type=\"page\">\n\t\t\t\t\t\t<section class=\"elementor-section elementor-top-section elementor-element elementor-element-ea8e782 elementor-section-stretched elementor-reverse-mobile tstk-col-stretched-none tstk-bg-color-over-image elementor-section-boxed elementor-section-height-default elementor-section-height-default\" data-id=\"ea8e782\" data-element_type=\"section\" data-e-type=\"section\" data-settings=\"{&quot;stretch_section&quot;:&quot;section-stretched&quot;}\">\n\t\t\t\t\t\t<div class=\"elementor-container elementor-column-gap-default\">\n\t\t\t\t\t<div class=\"elementor-column elementor-col-50 elementor-top-column elementor-element elementor-element-aaf1cdf tstk-bg-color-over-image\" data-id=\"aaf1cdf\" data-element_type=\"column\" data-e-type=\"column\">\n\t\t\t<div class=\"elementor-widget-wrap elementor-element-populated\">\n\t\t\t\t\t\t<div class=\"elementor-element elementor-element-74864e6 tstk-img-effect-01 elementor-widget elementor-widget-image\" data-id=\"74864e6\" data-element_type=\"widget\" data-e-type=\"widget\" data-widget_type=\"image.default\">\n\t\t\t\t<div class=\"elementor-widget-container\">\n\t\t\t\t\t\t\t\t\t\t\t\t\t\t\t<img fetchpriority=\"high\" decoding=\"async\" width=\"574\" height=\"382\" src=\"https:\/\/nhmr.nl\/wp-content\/uploads\/2022\/07\/Dieselmotor-reviseren-1.jpeg\" class=\"attachment-full size-full wp-image-5214\" alt=\"Dieselmotor reviseren 1\" srcset=\"https:\/\/nhmr.nl\/wp-content\/uploads\/2022\/07\/Dieselmotor-reviseren-1.jpeg 574w, https:\/\/nhmr.nl\/wp-content\/uploads\/2022\/07\/Dieselmotor-reviseren-1-300x200.jpeg 300w\" sizes=\"(max-width: 574px) 100vw, 574px\" \/>\t\t\t\t\t\t\t\t\t\t\t\t\t\t\t<\/div>\n\t\t\t\t<\/div>\n\t\t\t\t\t<\/div>\n\t\t<\/div>\n\t\t\t\t<div class=\"elementor-column elementor-col-50 elementor-top-column elementor-element elementor-element-8febfaa tstk-bg-color-over-image\" data-id=\"8febfaa\" data-element_type=\"column\" data-e-type=\"column\">\n\t\t\t<div class=\"elementor-widget-wrap elementor-element-populated\">\n\t\t\t\t\t\t<div class=\"elementor-element elementor-element-df73ac4 tstk-align-left elementor-widget elementor-widget-tstk_heading\" data-id=\"df73ac4\" data-element_type=\"widget\" data-e-type=\"widget\" data-widget_type=\"tstk_heading.default\">\n\t\t\t\t<div class=\"elementor-widget-container\">\n\t\t\t\t\t\t<div class=\"tstk-heading-subheading left-align tstk-reverse-heading-yes\"><h4 class=\"tstk-element-subtitle\">\r\n\t\t\t\r\n\t\t\t\tLaat uw dieselmotor reviseren door een specialist\r\n\t\t\t\r\n\t\t\t<\/h4>\r\n\t\t<h2 class=\"tstk-element-title\">\r\n\t\t\t\r\n\t\t\t\tDieselmotor reviseren\r\n\t\t\t\r\n\t\t\t<\/h2>\r\n\t\t<\/div>\t\t\t\t<\/div>\n\t\t\t\t<\/div>\n\t\t\t\t<div class=\"elementor-element elementor-element-45cc1c2 elementor-widget elementor-widget-text-editor\" data-id=\"45cc1c2\" data-element_type=\"widget\" data-e-type=\"widget\" data-widget_type=\"text-editor.default\">\n\t\t\t\t<div class=\"elementor-widget-container\">\n\t\t\t\t\t\t\t\t\t<p>Die \u00dcberholung von Dieselmotoren ist das Spezialgebiet von NHMR. Diese Motoren k\u00f6nnen viele Stunden lang laufen. Lange Zeit reichen Wartung und Reparatur aus, doch irgendwann muss der Motor \u00fcberholt werden. Bei NHMR zerlegen wir den Motor komplett und reinigen ihn gr\u00fcndlich. Anschlie\u00dfend bauen wir den Motor mit neuen und\/oder \u00fcberholten Teilen komplett neu auf.<\/p><p>Der Dieselmotor erh\u00e4lt so ein v\u00f6llig neues Leben. Nach einer \u00dcberholung wird der Motor ausgiebig getestet. Die Erprobung jedes Motors auf einem Pr\u00fcfstand ist ebenfalls eine der M\u00f6glichkeiten des NHMR.<\/p>\t\t\t\t\t\t\t\t<\/div>\n\t\t\t\t<\/div>\n\t\t\t\t\t<\/div>\n\t\t<\/div>\n\t\t\t\t\t<\/div>\n\t\t<\/section>\n\t\t\t\t<section class=\"elementor-section elementor-top-section elementor-element elementor-element-4d48ddd tstk-col-stretched-both tstk-right-col-stretched-content-yes tstk-bg-color-yes tstk-elementor-bg-color-light elementor-section-stretched tstk-bg-image-over-color elementor-section-boxed elementor-section-height-default elementor-section-height-default\" data-id=\"4d48ddd\" data-element_type=\"section\" data-e-type=\"section\" data-settings=\"{&quot;stretch_section&quot;:&quot;section-stretched&quot;,&quot;background_background&quot;:&quot;classic&quot;}\">\n\t\t\t\t\t\t\t<div class=\"elementor-background-overlay\"><\/div>\n\t\t\t\t\t\t\t<div class=\"elementor-container elementor-column-gap-no\">\n\t\t\t\t\t<div class=\"elementor-column elementor-col-50 elementor-top-column elementor-element elementor-element-f4be7df tstk-bg-color-over-image\" data-id=\"f4be7df\" data-element_type=\"column\" data-e-type=\"column\">\n\t\t\t<div class=\"elementor-widget-wrap elementor-element-populated\">\n\t\t\t\t\t\t<div class=\"elementor-element elementor-element-4c9643e tstk-align-left elementor-widget elementor-widget-tstk_heading\" data-id=\"4c9643e\" data-element_type=\"widget\" data-e-type=\"widget\" data-widget_type=\"tstk_heading.default\">\n\t\t\t\t<div class=\"elementor-widget-container\">\n\t\t\t\t\t\t<div class=\"tstk-heading-subheading left-align tstk-reverse-heading-yes\"><h4 class=\"tstk-element-subtitle\">\r\n\t\t\t\r\n\t\t\t\tGeen nieuwe motor nodig\r\n\t\t\t\r\n\t\t\t<\/h4>\r\n\t\t<h2 class=\"tstk-element-title\">\r\n\t\t\t\r\n\t\t\t\tRevisie is aantrekkelijker dan vervanging\r\n\t\t\t\r\n\t\t\t<\/h2>\r\n\t\t<\/div>\t\t\t\t<\/div>\n\t\t\t\t<\/div>\n\t\t\t\t<div class=\"elementor-element elementor-element-d22b68d elementor-widget elementor-widget-text-editor\" data-id=\"d22b68d\" data-element_type=\"widget\" data-e-type=\"widget\" data-widget_type=\"text-editor.default\">\n\t\t\t\t<div class=\"elementor-widget-container\">\n\t\t\t\t\t\t\t\t\t<p>Die \u00dcberholung eines Dieselmotors ist oft wesentlich g\u00fcnstiger als der Kauf eines neuen Motors. Da in der Regel alle Komponenten des Fahrzeugs auf den vorhandenen Motor abgestimmt sind, erfordert ein neuer Dieselmotor oft einen hohen \u00c4nderungsaufwand, der mit erheblichen Mehrkosten verbunden ist. Aus diesem Grund ziehen viele Unternehmen eine \u00dcberholung einem neuen Motor vor. M\u00f6chten Sie mehr \u00fcber die \u00dcberholung Ihres Dieselmotors erfahren?  <a href=\"https:\/\/nhmr.nl\/de\/kontakt\/\">Kontaktieren Sie<\/a> uns unverbindlich.<\/p>\t\t\t\t\t\t\t\t<\/div>\n\t\t\t\t<\/div>\n\t\t\t\t<div class=\"elementor-element elementor-element-8e44e87 tstk-btn-shape-round tstk-btn-color-globalcolor tstk-btn-style-flat elementor-widget elementor-widget-button\" data-id=\"8e44e87\" data-element_type=\"widget\" data-e-type=\"widget\" data-widget_type=\"button.default\">\n\t\t\t\t<div class=\"elementor-widget-container\">\n\t\t\t\t\t\t\t\t\t<div class=\"elementor-button-wrapper\">\n\t\t\t\t\t<a class=\"elementor-button elementor-button-link elementor-size-sm\" href=\"https:\/\/nhmr.nl\/de\/kontakt\/\">\n\t\t\t\t\t\t<span class=\"elementor-button-content-wrapper\">\n\t\t\t\t\t\t\t\t\t<span class=\"elementor-button-text\">Kontaktieren Sie noch heute einen Spezialisten<\/span>\n\t\t\t\t\t<\/span>\n\t\t\t\t\t<\/a>\n\t\t\t\t<\/div>\n\t\t\t\t\t\t\t\t<\/div>\n\t\t\t\t<\/div>\n\t\t\t\t\t<\/div>\n\t\t<\/div>\n\t\t\t\t<div class=\"elementor-column elementor-col-50 elementor-top-column elementor-element elementor-element-44d929b tstk-bg-color-over-image\" data-id=\"44d929b\" data-element_type=\"column\" data-e-type=\"column\">\n\t\t\t<div class=\"elementor-widget-wrap elementor-element-populated\">\n\t\t\t\t\t\t<div class=\"elementor-element elementor-element-80beea2 elementor-widget elementor-widget-image\" data-id=\"80beea2\" data-element_type=\"widget\" data-e-type=\"widget\" data-widget_type=\"image.default\">\n\t\t\t\t<div class=\"elementor-widget-container\">\n\t\t\t\t\t\t\t\t\t\t\t\t\t\t\t<img decoding=\"async\" src=\"https:\/\/nhmr.nl\/wp-content\/uploads\/elementor\/thumbs\/Motor-Industrie-1-1-q6k2wfmf5pi62ilqt9mhckly7qd4ek9nx83fgirsk8.jpg\" title=\"Motor Industrie 1 (1)\" alt=\"Dieselmotor laten reviseren\" loading=\"lazy\" \/>\t\t\t\t\t\t\t\t\t\t\t\t\t\t\t<\/div>\n\t\t\t\t<\/div>\n\t\t\t\t\t<\/div>\n\t\t<\/div>\n\t\t\t\t\t<\/div>\n\t\t<\/section>\n\t\t\t\t<\/div>\n\t\t","protected":false},"excerpt":{"rendered":"<p>Laat uw dieselmotor reviseren door een specialist Dieselmotor reviseren Die \u00dcberholung von Dieselmotoren ist das Spezialgebiet von NHMR. Diese Motoren k\u00f6nnen viele Stunden lang laufen. Lange Zeit reichen Wartung und Reparatur aus, doch irgendwann muss der Motor \u00fcberholt werden. Bei NHMR zerlegen wir den Motor komplett und reinigen ihn gr\u00fcndlich. Anschlie\u00dfend bauen wir den Motor mit neuen und\/oder \u00fcberholten Teilen komplett neu auf. Der Dieselmotor erh\u00e4lt so ein v\u00f6llig neues[&hellip;]<\/p>\n","protected":false},"author":1,"featured_media":0,"parent":0,"menu_order":0,"comment_status":"closed","ping_status":"closed","template":"","meta":{"_acf_changed":false,"footnotes":""},"class_list":["post-5203","page","type-page","status-publish","hentry"],"acf":[],"yoast_head":"<!-- This site is optimized with the Yoast SEO plugin v27.0 - https:\/\/yoast.com\/product\/yoast-seo-wordpress\/ -->\n<title>- NHMR - Kontaktieren Sie uns noch heute!<\/title>\n<meta name=\"description\" content=\"Einen Dieselmotor \u00fcberholen lassen? Lassen Sie Ihren Dieselmotor von NHMR professionell \u00fcberholen. Kontaktieren Sie uns noch heute unverbindlich!\" \/>\n<meta name=\"robots\" content=\"index, follow, max-snippet:-1, max-image-preview:large, max-video-preview:-1\" \/>\n<link rel=\"canonical\" href=\"https:\/\/nhmr.nl\/dieselmotor-reviseren\/\" \/>\n<meta property=\"og:locale\" content=\"de_DE\" \/>\n<meta property=\"og:type\" content=\"article\" \/>\n<meta property=\"og:title\" content=\"- NHMR - Kontaktieren Sie uns noch heute!\" \/>\n<meta property=\"og:description\" content=\"Einen Dieselmotor \u00fcberholen lassen? Lassen Sie Ihren Dieselmotor von NHMR professionell \u00fcberholen. Kontaktieren Sie uns noch heute unverbindlich!\" \/>\n<meta property=\"og:url\" content=\"https:\/\/nhmr.nl\/dieselmotor-reviseren\/\" \/>\n<meta property=\"og:site_name\" content=\"NHMR\" \/>\n<meta property=\"article:modified_time\" content=\"2022-07-11T18:49:04+00:00\" \/>\n<meta property=\"og:image\" content=\"http:\/\/nhmr.nl\/wp-content\/uploads\/2022\/07\/Dieselmotor-reviseren-1.jpeg\" \/>\n<meta name=\"twitter:card\" content=\"summary_large_image\" \/>\n<meta name=\"twitter:label1\" content=\"Gesch\u00e4tzte Lesezeit\" \/>\n\t<meta name=\"twitter:data1\" content=\"1\u00a0Minute\" \/>\n<script type=\"application\/ld+json\" class=\"yoast-schema-graph\">{\"@context\":\"https:\/\/schema.org\",\"@graph\":[{\"@type\":\"WebPage\",\"@id\":\"https:\/\/nhmr.nl\/dieselmotor-reviseren\/\",\"url\":\"https:\/\/nhmr.nl\/dieselmotor-reviseren\/\",\"name\":\"- NHMR - Kontaktieren Sie uns noch heute!\",\"isPartOf\":{\"@id\":\"https:\/\/nhmr.nl\/#website\"},\"primaryImageOfPage\":{\"@id\":\"https:\/\/nhmr.nl\/dieselmotor-reviseren\/#primaryimage\"},\"image\":{\"@id\":\"https:\/\/nhmr.nl\/dieselmotor-reviseren\/#primaryimage\"},\"thumbnailUrl\":\"http:\/\/nhmr.nl\/wp-content\/uploads\/2022\/07\/Dieselmotor-reviseren-1.jpeg\",\"datePublished\":\"2022-07-11T18:36:28+00:00\",\"dateModified\":\"2022-07-11T18:49:04+00:00\",\"description\":\"Einen Dieselmotor \u00fcberholen lassen? Lassen Sie Ihren Dieselmotor von NHMR professionell \u00fcberholen. Kontaktieren Sie uns noch heute unverbindlich!\",\"breadcrumb\":{\"@id\":\"https:\/\/nhmr.nl\/dieselmotor-reviseren\/#breadcrumb\"},\"inLanguage\":\"de\",\"potentialAction\":[{\"@type\":\"ReadAction\",\"target\":[\"https:\/\/nhmr.nl\/dieselmotor-reviseren\/\"]}]},{\"@type\":\"ImageObject\",\"inLanguage\":\"de\",\"@id\":\"https:\/\/nhmr.nl\/dieselmotor-reviseren\/#primaryimage\",\"url\":\"http:\/\/nhmr.nl\/wp-content\/uploads\/2022\/07\/Dieselmotor-reviseren-1.jpeg\",\"contentUrl\":\"http:\/\/nhmr.nl\/wp-content\/uploads\/2022\/07\/Dieselmotor-reviseren-1.jpeg\"},{\"@type\":\"BreadcrumbList\",\"@id\":\"https:\/\/nhmr.nl\/dieselmotor-reviseren\/#breadcrumb\",\"itemListElement\":[{\"@type\":\"ListItem\",\"position\":1,\"name\":\"Home\",\"item\":\"https:\/\/nhmr.nl\/de\/\"},{\"@type\":\"ListItem\",\"position\":2,\"name\":\"\u00dcberholung von Dieselmotoren\"}]},{\"@type\":\"WebSite\",\"@id\":\"https:\/\/nhmr.nl\/#website\",\"url\":\"https:\/\/nhmr.nl\/\",\"name\":\"NHMR\",\"description\":\"Noord Hollandse Motoren Revisie\",\"potentialAction\":[{\"@type\":\"SearchAction\",\"target\":{\"@type\":\"EntryPoint\",\"urlTemplate\":\"https:\/\/nhmr.nl\/?s={search_term_string}\"},\"query-input\":{\"@type\":\"PropertyValueSpecification\",\"valueRequired\":true,\"valueName\":\"search_term_string\"}}],\"inLanguage\":\"de\"}]}<\/script>\n<!-- \/ Yoast SEO plugin. -->","yoast_head_json":{"title":"- NHMR - Kontaktieren Sie uns noch heute!","description":"Einen Dieselmotor \u00fcberholen lassen? Lassen Sie Ihren Dieselmotor von NHMR professionell \u00fcberholen. Kontaktieren Sie uns noch heute unverbindlich!","robots":{"index":"index","follow":"follow","max-snippet":"max-snippet:-1","max-image-preview":"max-image-preview:large","max-video-preview":"max-video-preview:-1"},"canonical":"https:\/\/nhmr.nl\/dieselmotor-reviseren\/","og_locale":"de_DE","og_type":"article","og_title":"- NHMR - Kontaktieren Sie uns noch heute!","og_description":"Einen Dieselmotor \u00fcberholen lassen? Lassen Sie Ihren Dieselmotor von NHMR professionell \u00fcberholen. Kontaktieren Sie uns noch heute unverbindlich!","og_url":"https:\/\/nhmr.nl\/dieselmotor-reviseren\/","og_site_name":"NHMR","article_modified_time":"2022-07-11T18:49:04+00:00","og_image":[{"url":"http:\/\/nhmr.nl\/wp-content\/uploads\/2022\/07\/Dieselmotor-reviseren-1.jpeg","type":"","width":"","height":""}],"twitter_card":"summary_large_image","twitter_misc":{"Gesch\u00e4tzte Lesezeit":"1\u00a0Minute"},"schema":{"@context":"https:\/\/schema.org","@graph":[{"@type":"WebPage","@id":"https:\/\/nhmr.nl\/dieselmotor-reviseren\/","url":"https:\/\/nhmr.nl\/dieselmotor-reviseren\/","name":"- NHMR - Kontaktieren Sie uns noch heute!","isPartOf":{"@id":"https:\/\/nhmr.nl\/#website"},"primaryImageOfPage":{"@id":"https:\/\/nhmr.nl\/dieselmotor-reviseren\/#primaryimage"},"image":{"@id":"https:\/\/nhmr.nl\/dieselmotor-reviseren\/#primaryimage"},"thumbnailUrl":"http:\/\/nhmr.nl\/wp-content\/uploads\/2022\/07\/Dieselmotor-reviseren-1.jpeg","datePublished":"2022-07-11T18:36:28+00:00","dateModified":"2022-07-11T18:49:04+00:00","description":"Einen Dieselmotor \u00fcberholen lassen? Lassen Sie Ihren Dieselmotor von NHMR professionell \u00fcberholen. Kontaktieren Sie uns noch heute unverbindlich!","breadcrumb":{"@id":"https:\/\/nhmr.nl\/dieselmotor-reviseren\/#breadcrumb"},"inLanguage":"de","potentialAction":[{"@type":"ReadAction","target":["https:\/\/nhmr.nl\/dieselmotor-reviseren\/"]}]},{"@type":"ImageObject","inLanguage":"de","@id":"https:\/\/nhmr.nl\/dieselmotor-reviseren\/#primaryimage","url":"http:\/\/nhmr.nl\/wp-content\/uploads\/2022\/07\/Dieselmotor-reviseren-1.jpeg","contentUrl":"http:\/\/nhmr.nl\/wp-content\/uploads\/2022\/07\/Dieselmotor-reviseren-1.jpeg"},{"@type":"BreadcrumbList","@id":"https:\/\/nhmr.nl\/dieselmotor-reviseren\/#breadcrumb","itemListElement":[{"@type":"ListItem","position":1,"name":"Home","item":"https:\/\/nhmr.nl\/de\/"},{"@type":"ListItem","position":2,"name":"\u00dcberholung von Dieselmotoren"}]},{"@type":"WebSite","@id":"https:\/\/nhmr.nl\/#website","url":"https:\/\/nhmr.nl\/","name":"NHMR","description":"Noord Hollandse Motoren Revisie","potentialAction":[{"@type":"SearchAction","target":{"@type":"EntryPoint","urlTemplate":"https:\/\/nhmr.nl\/?s={search_term_string}"},"query-input":{"@type":"PropertyValueSpecification","valueRequired":true,"valueName":"search_term_string"}}],"inLanguage":"de"}]}},"_links":{"self":[{"href":"https:\/\/nhmr.nl\/de\/wp-json\/wp\/v2\/pages\/5203","targetHints":{"allow":["GET"]}}],"collection":[{"href":"https:\/\/nhmr.nl\/de\/wp-json\/wp\/v2\/pages"}],"about":[{"href":"https:\/\/nhmr.nl\/de\/wp-json\/wp\/v2\/types\/page"}],"author":[{"embeddable":true,"href":"https:\/\/nhmr.nl\/de\/wp-json\/wp\/v2\/users\/1"}],"replies":[{"embeddable":true,"href":"https:\/\/nhmr.nl\/de\/wp-json\/wp\/v2\/comments?post=5203"}],"version-history":[{"count":0,"href":"https:\/\/nhmr.nl\/de\/wp-json\/wp\/v2\/pages\/5203\/revisions"}],"wp:attachment":[{"href":"https:\/\/nhmr.nl\/de\/wp-json\/wp\/v2\/media?parent=5203"}],"curies":[{"name":"wp","href":"https:\/\/api.w.org\/{rel}","templated":true}]}}