{"id":5334,"date":"2022-07-18T15:29:31","date_gmt":"2022-07-18T15:29:31","guid":{"rendered":"http:\/\/nhmr.nl\/ueberholung-des-zylinderkopfs\/"},"modified":"2022-07-18T18:06:51","modified_gmt":"2022-07-18T18:06:51","slug":"ueberholung-des-zylinderkopfs","status":"publish","type":"page","link":"https:\/\/nhmr.nl\/de\/ueberholung-des-zylinderkopfs\/","title":{"rendered":"\u00dcberholung des Zylinderkopfs"},"content":{"rendered":"\t\t<div data-elementor-type=\"wp-page\" data-elementor-id=\"5334\" class=\"elementor elementor-5334 elementor-5279\" data-elementor-post-type=\"page\">\n\t\t\t\t\t\t<section class=\"elementor-section elementor-top-section elementor-element elementor-element-8632d28 elementor-section-stretched elementor-reverse-mobile tstk-col-stretched-none tstk-bg-color-over-image elementor-section-boxed elementor-section-height-default elementor-section-height-default\" data-id=\"8632d28\" data-element_type=\"section\" data-e-type=\"section\" data-settings=\"{&quot;stretch_section&quot;:&quot;section-stretched&quot;}\">\n\t\t\t\t\t\t<div class=\"elementor-container elementor-column-gap-default\">\n\t\t\t\t\t<div class=\"elementor-column elementor-col-50 elementor-top-column elementor-element elementor-element-604fe20 tstk-bg-color-over-image\" data-id=\"604fe20\" data-element_type=\"column\" data-e-type=\"column\">\n\t\t\t<div class=\"elementor-widget-wrap elementor-element-populated\">\n\t\t\t\t\t\t<div class=\"elementor-element elementor-element-44f26f4 tstk-img-effect-01 elementor-widget elementor-widget-image\" data-id=\"44f26f4\" data-element_type=\"widget\" data-e-type=\"widget\" data-widget_type=\"image.default\">\n\t\t\t\t<div class=\"elementor-widget-container\">\n\t\t\t\t\t\t\t\t\t\t\t\t\t\t\t<img fetchpriority=\"high\" decoding=\"async\" width=\"500\" height=\"500\" src=\"https:\/\/nhmr.nl\/wp-content\/uploads\/2020\/06\/Motorenrevisie-98.jpg\" class=\"attachment-full size-full wp-image-495\" alt=\"Cilinderkop reviseren\" srcset=\"https:\/\/nhmr.nl\/wp-content\/uploads\/2020\/06\/Motorenrevisie-98.jpg 500w, https:\/\/nhmr.nl\/wp-content\/uploads\/2020\/06\/Motorenrevisie-98-300x300.jpg 300w, https:\/\/nhmr.nl\/wp-content\/uploads\/2020\/06\/Motorenrevisie-98-150x150.jpg 150w\" sizes=\"(max-width: 500px) 100vw, 500px\" \/>\t\t\t\t\t\t\t\t\t\t\t\t\t\t\t<\/div>\n\t\t\t\t<\/div>\n\t\t\t\t\t<\/div>\n\t\t<\/div>\n\t\t\t\t<div class=\"elementor-column elementor-col-50 elementor-top-column elementor-element elementor-element-cdd4e7d tstk-bg-color-over-image\" data-id=\"cdd4e7d\" data-element_type=\"column\" data-e-type=\"column\">\n\t\t\t<div class=\"elementor-widget-wrap elementor-element-populated\">\n\t\t\t\t\t\t<div class=\"elementor-element elementor-element-0b7b490 tstk-align-left elementor-widget elementor-widget-tstk_heading\" data-id=\"0b7b490\" data-element_type=\"widget\" data-e-type=\"widget\" data-widget_type=\"tstk_heading.default\">\n\t\t\t\t<div class=\"elementor-widget-container\">\n\t\t\t\t\t\t<div class=\"tstk-heading-subheading left-align tstk-reverse-heading-yes\"><h4 class=\"tstk-element-subtitle\">\r\n\t\t\t\r\n\t\t\t\tRevisie specialist\r\n\t\t\t\r\n\t\t\t<\/h4>\r\n\t\t<h2 class=\"tstk-element-title\">\r\n\t\t\t\r\n\t\t\t\tCilinderkop reviseren\r\n\t\t\t\r\n\t\t\t<\/h2>\r\n\t\t<\/div>\t\t\t\t<\/div>\n\t\t\t\t<\/div>\n\t\t\t\t<div class=\"elementor-element elementor-element-0ee3f99 elementor-widget elementor-widget-text-editor\" data-id=\"0ee3f99\" data-element_type=\"widget\" data-e-type=\"widget\" data-widget_type=\"text-editor.default\">\n\t\t\t\t<div class=\"elementor-widget-container\">\n\t\t\t\t\t\t\t\t\t<p>Haben Sie eine Zylinderkopf\u00fcberholung? Wir bei NHMR sind Spezialisten f\u00fcr die \u00dcberholung <strong>aller<\/strong> Motorenteile. Die \u00dcberholung von Motoren ist unser Kerngesch\u00e4ft. Wir k\u00f6nnen Ihren Motor komplett \u00fcberholen, aber auch eine Teil\u00fcberholung durchf\u00fchren.<\/p><p>Wir arbeiten f\u00fcr Unternehmen aus den Bereichen Schifffahrt, Marine, Offshore, Landwirtschaft und Eisenbahn. Mit fast 50 Jahren Erfahrung ist die Noordhollandse Motorenrevisie ein zuverl\u00e4ssiger Partner f\u00fcr f\u00fchrende niederl\u00e4ndische und internationale Unternehmen.<\/p>\t\t\t\t\t\t\t\t<\/div>\n\t\t\t\t<\/div>\n\t\t\t\t<div class=\"elementor-element elementor-element-2b2e1d7 tstk-btn-shape-round tstk-btn-color-globalcolor tstk-btn-style-flat elementor-widget elementor-widget-button\" data-id=\"2b2e1d7\" data-element_type=\"widget\" data-e-type=\"widget\" data-widget_type=\"button.default\">\n\t\t\t\t<div class=\"elementor-widget-container\">\n\t\t\t\t\t\t\t\t\t<div class=\"elementor-button-wrapper\">\n\t\t\t\t\t<a class=\"elementor-button elementor-button-link elementor-size-sm\" href=\"https:\/\/nhmr.nl\/de\/kontakt\/\">\n\t\t\t\t\t\t<span class=\"elementor-button-content-wrapper\">\n\t\t\t\t\t\t\t\t\t<span class=\"elementor-button-text\">Kontakt<\/span>\n\t\t\t\t\t<\/span>\n\t\t\t\t\t<\/a>\n\t\t\t\t<\/div>\n\t\t\t\t\t\t\t\t<\/div>\n\t\t\t\t<\/div>\n\t\t\t\t\t<\/div>\n\t\t<\/div>\n\t\t\t\t\t<\/div>\n\t\t<\/section>\n\t\t\t\t<section class=\"elementor-section elementor-top-section elementor-element elementor-element-8d3b8db tstk-col-stretched-both tstk-right-col-stretched-content-yes tstk-bg-color-yes tstk-elementor-bg-color-light elementor-section-stretched tstk-bg-image-over-color elementor-section-boxed elementor-section-height-default elementor-section-height-default\" data-id=\"8d3b8db\" data-element_type=\"section\" data-e-type=\"section\" data-settings=\"{&quot;stretch_section&quot;:&quot;section-stretched&quot;,&quot;background_background&quot;:&quot;classic&quot;}\">\n\t\t\t\t\t\t\t<div class=\"elementor-background-overlay\"><\/div>\n\t\t\t\t\t\t\t<div class=\"elementor-container elementor-column-gap-no\">\n\t\t\t\t\t<div class=\"elementor-column elementor-col-50 elementor-top-column elementor-element elementor-element-d6e1969 tstk-bg-color-over-image\" data-id=\"d6e1969\" data-element_type=\"column\" data-e-type=\"column\">\n\t\t\t<div class=\"elementor-widget-wrap elementor-element-populated\">\n\t\t\t\t\t\t<div class=\"elementor-element elementor-element-eee3eb6 tstk-align-left elementor-widget elementor-widget-tstk_heading\" data-id=\"eee3eb6\" data-element_type=\"widget\" data-e-type=\"widget\" data-widget_type=\"tstk_heading.default\">\n\t\t\t\t<div class=\"elementor-widget-container\">\n\t\t\t\t\t\t<div class=\"tstk-heading-subheading left-align tstk-reverse-heading-yes\"><h4 class=\"tstk-element-subtitle\">\r\n\t\t\t\r\n\t\t\t\tOnderdelen op voorraad\r\n\t\t\t\r\n\t\t\t<\/h4>\r\n\t\t<h2 class=\"tstk-element-title\">\r\n\t\t\t\r\n\t\t\t\tRuil onderdelen beschikbaar\r\n\t\t\t\r\n\t\t\t<\/h2>\r\n\t\t<\/div>\t\t\t\t<\/div>\n\t\t\t\t<\/div>\n\t\t\t\t<div class=\"elementor-element elementor-element-b879090 elementor-widget elementor-widget-text-editor\" data-id=\"b879090\" data-element_type=\"widget\" data-e-type=\"widget\" data-widget_type=\"text-editor.default\">\n\t\t\t\t<div class=\"elementor-widget-container\">\n\t\t\t\t\t\t\t\t\t<p>Das NHMR verf\u00fcgt \u00fcber einen gro\u00dfen Bestand an Ersatzteilen und Motoren zum Austausch. Durch die Verwendung von <a href=\"https:\/\/nl.wikipedia.org\/wiki\/Cilinderkop\" target=\"_blank\" rel=\"noopener\">Austauschzylinderk\u00f6pfen<\/a> k\u00f6nnen wir einen sehr schnellen Service garantieren. Wir haben Zylinderk\u00f6pfe aller Marken und Modelle. Sie tauschen Ihren Zylinderkopf einfach gegen einen wiederaufbereiteten aus und m\u00fcssen nicht warten. Dar\u00fcber hinaus liefern wir unsere Zylinderk\u00f6pfe mit umfassenden Einbautipps und klaren Bedienungsanleitungen.<\/p>\t\t\t\t\t\t\t\t<\/div>\n\t\t\t\t<\/div>\n\t\t\t\t<div class=\"elementor-element elementor-element-d13f5f0 tstk-btn-shape-round tstk-btn-color-globalcolor tstk-btn-style-flat elementor-widget elementor-widget-button\" data-id=\"d13f5f0\" data-element_type=\"widget\" data-e-type=\"widget\" data-widget_type=\"button.default\">\n\t\t\t\t<div class=\"elementor-widget-container\">\n\t\t\t\t\t\t\t\t\t<div class=\"elementor-button-wrapper\">\n\t\t\t\t\t<a class=\"elementor-button elementor-button-link elementor-size-sm\" href=\"https:\/\/nhmr.nl\/de\/kontakt\/\">\n\t\t\t\t\t\t<span class=\"elementor-button-content-wrapper\">\n\t\t\t\t\t\t\t\t\t<span class=\"elementor-button-text\">Kontaktieren Sie noch heute einen Spezialisten<\/span>\n\t\t\t\t\t<\/span>\n\t\t\t\t\t<\/a>\n\t\t\t\t<\/div>\n\t\t\t\t\t\t\t\t<\/div>\n\t\t\t\t<\/div>\n\t\t\t\t\t<\/div>\n\t\t<\/div>\n\t\t\t\t<div class=\"elementor-column elementor-col-50 elementor-top-column elementor-element elementor-element-a989d18 tstk-bg-color-over-image\" data-id=\"a989d18\" data-element_type=\"column\" data-e-type=\"column\">\n\t\t\t<div class=\"elementor-widget-wrap elementor-element-populated\">\n\t\t\t\t\t\t<div class=\"elementor-element elementor-element-6d44922 elementor-widget elementor-widget-image\" data-id=\"6d44922\" data-element_type=\"widget\" data-e-type=\"widget\" data-widget_type=\"image.default\">\n\t\t\t\t<div class=\"elementor-widget-container\">\n\t\t\t\t\t\t\t\t\t\t\t\t\t\t\t<img decoding=\"async\" src=\"https:\/\/nhmr.nl\/wp-content\/uploads\/elementor\/thumbs\/Motorenrevisie-270-1-q6jx1cz4h0k6yt77c12ffu3o0upvxebk8ia7vnqdso.jpg\" title=\"Motorenrevisie-270\" alt=\"Motorenrevisie-270\" loading=\"lazy\" \/>\t\t\t\t\t\t\t\t\t\t\t\t\t\t\t<\/div>\n\t\t\t\t<\/div>\n\t\t\t\t\t<\/div>\n\t\t<\/div>\n\t\t\t\t\t<\/div>\n\t\t<\/section>\n\t\t\t\t<section class=\"elementor-section elementor-top-section elementor-element elementor-element-2438080 elementor-section-stretched elementor-reverse-mobile tstk-col-stretched-none tstk-bg-color-over-image elementor-section-boxed elementor-section-height-default elementor-section-height-default\" data-id=\"2438080\" data-element_type=\"section\" data-e-type=\"section\" data-settings=\"{&quot;stretch_section&quot;:&quot;section-stretched&quot;}\">\n\t\t\t\t\t\t<div class=\"elementor-container elementor-column-gap-default\">\n\t\t\t\t\t<div class=\"elementor-column elementor-col-50 elementor-top-column elementor-element elementor-element-269e423 tstk-bg-color-over-image\" data-id=\"269e423\" data-element_type=\"column\" data-e-type=\"column\">\n\t\t\t<div class=\"elementor-widget-wrap elementor-element-populated\">\n\t\t\t\t\t\t<div class=\"elementor-element elementor-element-e4f6587 tstk-align-left elementor-widget elementor-widget-tstk_heading\" data-id=\"e4f6587\" data-element_type=\"widget\" data-e-type=\"widget\" data-widget_type=\"tstk_heading.default\">\n\t\t\t\t<div class=\"elementor-widget-container\">\n\t\t\t\t\t\t<div class=\"tstk-heading-subheading left-align tstk-reverse-heading-yes\"><h4 class=\"tstk-element-subtitle\">\r\n\t\t\t\r\n\t\t\t\tHoe NHMR een cilinderkop reviseert\r\n\t\t\t\r\n\t\t\t<\/h4>\r\n\t\t<h2 class=\"tstk-element-title\">\r\n\t\t\t\r\n\t\t\t\tWat is een cilinderkop reviseren?\r\n\t\t\t\r\n\t\t\t<\/h2>\r\n\t\t<\/div>\t\t\t\t<\/div>\n\t\t\t\t<\/div>\n\t\t\t\t<div class=\"elementor-element elementor-element-d5f6f82 elementor-widget elementor-widget-text-editor\" data-id=\"d5f6f82\" data-element_type=\"widget\" data-e-type=\"widget\" data-widget_type=\"text-editor.default\">\n\t\t\t\t<div class=\"elementor-widget-container\">\n\t\t\t\t\t\t\t\t\t<p>Der Zylinderkopf ist eines der empfindlichsten Teile eines Motors und gleichzeitig eines der am h\u00e4ufigsten \u00fcberholten Teile. Sch\u00e4den an einem Zylinderkopf k\u00f6nnen beispielsweise durch hohen \u00d6lverbrauch, den Bruch der Steuerkette oder des Zahnriemens, \u00dcberhitzung eines Motors oder Fahren mit Fl\u00fcssiggas entstehen.<\/p><p>Das NHMR verf\u00fcgt \u00fcber eine ger\u00e4umige Werkstatt, in der der gesamte Prozess in Eigenregie durchgef\u00fchrt wird. Zuerst wird der Zylinderkopf zerlegt und gereinigt, dann werden die Kohlenstoffablagerungen entfernt und alles entfettet. Danach wird der Zylinderkopf abgepresst, um ihn auf Risse zu pr\u00fcfen. Anschlie\u00dfend werden die Bauteile genau vermessen und gegebenenfalls ausgetauscht.<\/p>\t\t\t\t\t\t\t\t<\/div>\n\t\t\t\t<\/div>\n\t\t\t\t<div class=\"elementor-element elementor-element-340bce0 tstk-btn-shape-round tstk-btn-color-globalcolor tstk-btn-style-flat elementor-widget elementor-widget-button\" data-id=\"340bce0\" data-element_type=\"widget\" data-e-type=\"widget\" data-widget_type=\"button.default\">\n\t\t\t\t<div class=\"elementor-widget-container\">\n\t\t\t\t\t\t\t\t\t<div class=\"elementor-button-wrapper\">\n\t\t\t\t\t<a class=\"elementor-button elementor-button-link elementor-size-sm\" href=\"https:\/\/nhmr.nl\/de\/kontakt\/\">\n\t\t\t\t\t\t<span class=\"elementor-button-content-wrapper\">\n\t\t\t\t\t\t\t\t\t<span class=\"elementor-button-text\">\u00dcberholung des Zylinderkopfs<\/span>\n\t\t\t\t\t<\/span>\n\t\t\t\t\t<\/a>\n\t\t\t\t<\/div>\n\t\t\t\t\t\t\t\t<\/div>\n\t\t\t\t<\/div>\n\t\t\t\t\t<\/div>\n\t\t<\/div>\n\t\t\t\t<div class=\"elementor-column elementor-col-50 elementor-top-column elementor-element elementor-element-c764b25 tstk-bg-color-over-image\" data-id=\"c764b25\" data-element_type=\"column\" data-e-type=\"column\">\n\t\t\t<div class=\"elementor-widget-wrap elementor-element-populated\">\n\t\t\t\t\t\t<div class=\"elementor-element elementor-element-ff6d643 tstk-img-effect-01 elementor-widget elementor-widget-image\" data-id=\"ff6d643\" data-element_type=\"widget\" data-e-type=\"widget\" data-widget_type=\"image.default\">\n\t\t\t\t<div class=\"elementor-widget-container\">\n\t\t\t\t\t\t\t\t\t\t\t\t\t\t\t<img decoding=\"async\" width=\"1500\" height=\"998\" src=\"https:\/\/nhmr.nl\/wp-content\/uploads\/2022\/07\/Cilinderkop-laten-reviseren.webp\" class=\"attachment-full size-full wp-image-5360\" alt=\"Cilinderkop laten reviseren\" srcset=\"https:\/\/nhmr.nl\/wp-content\/uploads\/2022\/07\/Cilinderkop-laten-reviseren.webp 1500w, https:\/\/nhmr.nl\/wp-content\/uploads\/2022\/07\/Cilinderkop-laten-reviseren-600x399.webp 600w, https:\/\/nhmr.nl\/wp-content\/uploads\/2022\/07\/Cilinderkop-laten-reviseren-300x200.webp 300w, https:\/\/nhmr.nl\/wp-content\/uploads\/2022\/07\/Cilinderkop-laten-reviseren-1024x681.webp 1024w, https:\/\/nhmr.nl\/wp-content\/uploads\/2022\/07\/Cilinderkop-laten-reviseren-768x511.webp 768w, https:\/\/nhmr.nl\/wp-content\/uploads\/2022\/07\/Cilinderkop-laten-reviseren-770x512.webp 770w\" sizes=\"(max-width: 1500px) 100vw, 1500px\" \/>\t\t\t\t\t\t\t\t\t\t\t\t\t\t\t<\/div>\n\t\t\t\t<\/div>\n\t\t\t\t\t<\/div>\n\t\t<\/div>\n\t\t\t\t\t<\/div>\n\t\t<\/section>\n\t\t\t\t<\/div>\n\t\t","protected":false},"excerpt":{"rendered":"<p>Revisie specialist Cilinderkop reviseren Haben Sie eine Zylinderkopf\u00fcberholung? Wir bei NHMR sind Spezialisten f\u00fcr die \u00dcberholung aller Motorenteile. Die \u00dcberholung von Motoren ist unser Kerngesch\u00e4ft. Wir k\u00f6nnen Ihren Motor komplett \u00fcberholen, aber auch eine Teil\u00fcberholung durchf\u00fchren. Wir arbeiten f\u00fcr Unternehmen aus den Bereichen Schifffahrt, Marine, Offshore, Landwirtschaft und Eisenbahn. Mit fast 50 Jahren Erfahrung ist die Noordhollandse Motorenrevisie ein zuverl\u00e4ssiger Partner f\u00fcr f\u00fchrende niederl\u00e4ndische und internationale Unternehmen. Kontakt Onderdelen op[&hellip;]<\/p>\n","protected":false},"author":1,"featured_media":0,"parent":0,"menu_order":0,"comment_status":"closed","ping_status":"closed","template":"","meta":{"_acf_changed":false,"footnotes":""},"class_list":["post-5334","page","type-page","status-publish","hentry"],"acf":[],"yoast_head":"<!-- This site is optimized with the Yoast SEO plugin v27.4 - https:\/\/yoast.com\/product\/yoast-seo-wordpress\/ -->\n<title>- NHMR - Kunden geben uns 9\/10<\/title>\n<meta name=\"description\" content=\"Haben Sie eine Zylinderkopf\u00fcberholung? Beim NHMR sind Sie an der richtigen Adresse. Wir sind Spezialisten f\u00fcr die \u00dcberholung von Motoren. Nehmen Sie noch heute Kontakt auf!\" \/>\n<meta name=\"robots\" content=\"index, follow, max-snippet:-1, max-image-preview:large, max-video-preview:-1\" \/>\n<link rel=\"canonical\" href=\"https:\/\/nhmr.nl\/cilinderkop-reviseren\/\" \/>\n<meta property=\"og:locale\" content=\"de_DE\" \/>\n<meta property=\"og:type\" content=\"article\" \/>\n<meta property=\"og:title\" content=\"- NHMR - Kunden geben uns 9\/10\" \/>\n<meta property=\"og:description\" content=\"Haben Sie eine Zylinderkopf\u00fcberholung? Beim NHMR sind Sie an der richtigen Adresse. Wir sind Spezialisten f\u00fcr die \u00dcberholung von Motoren. Nehmen Sie noch heute Kontakt auf!\" \/>\n<meta property=\"og:url\" content=\"https:\/\/nhmr.nl\/cilinderkop-reviseren\/\" \/>\n<meta property=\"og:site_name\" content=\"NHMR\" \/>\n<meta property=\"article:modified_time\" content=\"2022-07-18T18:06:51+00:00\" \/>\n<meta property=\"og:image\" content=\"http:\/\/nhmr.nl\/wp-content\/uploads\/2020\/06\/Motorenrevisie-98.jpg\" \/>\n<meta name=\"twitter:card\" content=\"summary_large_image\" \/>\n<meta name=\"twitter:label1\" content=\"Gesch\u00e4tzte Lesezeit\" \/>\n\t<meta name=\"twitter:data1\" content=\"1\u00a0Minute\" \/>\n<script type=\"application\/ld+json\" class=\"yoast-schema-graph\">{\"@context\":\"https:\\\/\\\/schema.org\",\"@graph\":[{\"@type\":\"WebPage\",\"@id\":\"https:\\\/\\\/nhmr.nl\\\/cilinderkop-reviseren\\\/\",\"url\":\"https:\\\/\\\/nhmr.nl\\\/cilinderkop-reviseren\\\/\",\"name\":\"- NHMR - Kunden geben uns 9\\\/10\",\"isPartOf\":{\"@id\":\"https:\\\/\\\/nhmr.nl\\\/#website\"},\"primaryImageOfPage\":{\"@id\":\"https:\\\/\\\/nhmr.nl\\\/cilinderkop-reviseren\\\/#primaryimage\"},\"image\":{\"@id\":\"https:\\\/\\\/nhmr.nl\\\/cilinderkop-reviseren\\\/#primaryimage\"},\"thumbnailUrl\":\"http:\\\/\\\/nhmr.nl\\\/wp-content\\\/uploads\\\/2020\\\/06\\\/Motorenrevisie-98.jpg\",\"datePublished\":\"2022-07-18T15:29:31+00:00\",\"dateModified\":\"2022-07-18T18:06:51+00:00\",\"description\":\"Haben Sie eine Zylinderkopf\u00fcberholung? Beim NHMR sind Sie an der richtigen Adresse. Wir sind Spezialisten f\u00fcr die \u00dcberholung von Motoren. Nehmen Sie noch heute Kontakt auf!\",\"breadcrumb\":{\"@id\":\"https:\\\/\\\/nhmr.nl\\\/cilinderkop-reviseren\\\/#breadcrumb\"},\"inLanguage\":\"de\",\"potentialAction\":[{\"@type\":\"ReadAction\",\"target\":[\"https:\\\/\\\/nhmr.nl\\\/cilinderkop-reviseren\\\/\"]}]},{\"@type\":\"ImageObject\",\"inLanguage\":\"de\",\"@id\":\"https:\\\/\\\/nhmr.nl\\\/cilinderkop-reviseren\\\/#primaryimage\",\"url\":\"http:\\\/\\\/nhmr.nl\\\/wp-content\\\/uploads\\\/2020\\\/06\\\/Motorenrevisie-98.jpg\",\"contentUrl\":\"http:\\\/\\\/nhmr.nl\\\/wp-content\\\/uploads\\\/2020\\\/06\\\/Motorenrevisie-98.jpg\"},{\"@type\":\"BreadcrumbList\",\"@id\":\"https:\\\/\\\/nhmr.nl\\\/cilinderkop-reviseren\\\/#breadcrumb\",\"itemListElement\":[{\"@type\":\"ListItem\",\"position\":1,\"name\":\"Home\",\"item\":\"https:\\\/\\\/nhmr.nl\\\/de\\\/startseite\\\/\"},{\"@type\":\"ListItem\",\"position\":2,\"name\":\"\u00dcberholung des Zylinderkopfs\"}]},{\"@type\":\"WebSite\",\"@id\":\"https:\\\/\\\/nhmr.nl\\\/#website\",\"url\":\"https:\\\/\\\/nhmr.nl\\\/\",\"name\":\"NHMR\",\"description\":\"Noord Hollandse Motoren Revisie\",\"potentialAction\":[{\"@type\":\"SearchAction\",\"target\":{\"@type\":\"EntryPoint\",\"urlTemplate\":\"https:\\\/\\\/nhmr.nl\\\/?s={search_term_string}\"},\"query-input\":{\"@type\":\"PropertyValueSpecification\",\"valueRequired\":true,\"valueName\":\"search_term_string\"}}],\"inLanguage\":\"de\"}]}<\/script>\n<!-- \/ Yoast SEO plugin. -->","yoast_head_json":{"title":"- NHMR - Kunden geben uns 9\/10","description":"Haben Sie eine Zylinderkopf\u00fcberholung? Beim NHMR sind Sie an der richtigen Adresse. Wir sind Spezialisten f\u00fcr die \u00dcberholung von Motoren. Nehmen Sie noch heute Kontakt auf!","robots":{"index":"index","follow":"follow","max-snippet":"max-snippet:-1","max-image-preview":"max-image-preview:large","max-video-preview":"max-video-preview:-1"},"canonical":"https:\/\/nhmr.nl\/cilinderkop-reviseren\/","og_locale":"de_DE","og_type":"article","og_title":"- NHMR - Kunden geben uns 9\/10","og_description":"Haben Sie eine Zylinderkopf\u00fcberholung? Beim NHMR sind Sie an der richtigen Adresse. Wir sind Spezialisten f\u00fcr die \u00dcberholung von Motoren. Nehmen Sie noch heute Kontakt auf!","og_url":"https:\/\/nhmr.nl\/cilinderkop-reviseren\/","og_site_name":"NHMR","article_modified_time":"2022-07-18T18:06:51+00:00","og_image":[{"url":"http:\/\/nhmr.nl\/wp-content\/uploads\/2020\/06\/Motorenrevisie-98.jpg","type":"","width":"","height":""}],"twitter_card":"summary_large_image","twitter_misc":{"Gesch\u00e4tzte Lesezeit":"1\u00a0Minute"},"schema":{"@context":"https:\/\/schema.org","@graph":[{"@type":"WebPage","@id":"https:\/\/nhmr.nl\/cilinderkop-reviseren\/","url":"https:\/\/nhmr.nl\/cilinderkop-reviseren\/","name":"- NHMR - Kunden geben uns 9\/10","isPartOf":{"@id":"https:\/\/nhmr.nl\/#website"},"primaryImageOfPage":{"@id":"https:\/\/nhmr.nl\/cilinderkop-reviseren\/#primaryimage"},"image":{"@id":"https:\/\/nhmr.nl\/cilinderkop-reviseren\/#primaryimage"},"thumbnailUrl":"http:\/\/nhmr.nl\/wp-content\/uploads\/2020\/06\/Motorenrevisie-98.jpg","datePublished":"2022-07-18T15:29:31+00:00","dateModified":"2022-07-18T18:06:51+00:00","description":"Haben Sie eine Zylinderkopf\u00fcberholung? Beim NHMR sind Sie an der richtigen Adresse. Wir sind Spezialisten f\u00fcr die \u00dcberholung von Motoren. Nehmen Sie noch heute Kontakt auf!","breadcrumb":{"@id":"https:\/\/nhmr.nl\/cilinderkop-reviseren\/#breadcrumb"},"inLanguage":"de","potentialAction":[{"@type":"ReadAction","target":["https:\/\/nhmr.nl\/cilinderkop-reviseren\/"]}]},{"@type":"ImageObject","inLanguage":"de","@id":"https:\/\/nhmr.nl\/cilinderkop-reviseren\/#primaryimage","url":"http:\/\/nhmr.nl\/wp-content\/uploads\/2020\/06\/Motorenrevisie-98.jpg","contentUrl":"http:\/\/nhmr.nl\/wp-content\/uploads\/2020\/06\/Motorenrevisie-98.jpg"},{"@type":"BreadcrumbList","@id":"https:\/\/nhmr.nl\/cilinderkop-reviseren\/#breadcrumb","itemListElement":[{"@type":"ListItem","position":1,"name":"Home","item":"https:\/\/nhmr.nl\/de\/startseite\/"},{"@type":"ListItem","position":2,"name":"\u00dcberholung des Zylinderkopfs"}]},{"@type":"WebSite","@id":"https:\/\/nhmr.nl\/#website","url":"https:\/\/nhmr.nl\/","name":"NHMR","description":"Noord Hollandse Motoren Revisie","potentialAction":[{"@type":"SearchAction","target":{"@type":"EntryPoint","urlTemplate":"https:\/\/nhmr.nl\/?s={search_term_string}"},"query-input":{"@type":"PropertyValueSpecification","valueRequired":true,"valueName":"search_term_string"}}],"inLanguage":"de"}]}},"_links":{"self":[{"href":"https:\/\/nhmr.nl\/de\/wp-json\/wp\/v2\/pages\/5334","targetHints":{"allow":["GET"]}}],"collection":[{"href":"https:\/\/nhmr.nl\/de\/wp-json\/wp\/v2\/pages"}],"about":[{"href":"https:\/\/nhmr.nl\/de\/wp-json\/wp\/v2\/types\/page"}],"author":[{"embeddable":true,"href":"https:\/\/nhmr.nl\/de\/wp-json\/wp\/v2\/users\/1"}],"replies":[{"embeddable":true,"href":"https:\/\/nhmr.nl\/de\/wp-json\/wp\/v2\/comments?post=5334"}],"version-history":[{"count":0,"href":"https:\/\/nhmr.nl\/de\/wp-json\/wp\/v2\/pages\/5334\/revisions"}],"wp:attachment":[{"href":"https:\/\/nhmr.nl\/de\/wp-json\/wp\/v2\/media?parent=5334"}],"curies":[{"name":"wp","href":"https:\/\/api.w.org\/{rel}","templated":true}]}}