{"id":5693,"date":"2022-07-20T13:55:37","date_gmt":"2022-07-20T13:55:37","guid":{"rendered":"http:\/\/nhmr.nl\/ueberholung-des-motors-2\/"},"modified":"2022-08-01T13:22:56","modified_gmt":"2022-08-01T13:22:56","slug":"ueberholung-des-motors-2","status":"publish","type":"page","link":"https:\/\/nhmr.nl\/de\/ueberholung-des-motors-2\/","title":{"rendered":"\u00dcberholung des Motors"},"content":{"rendered":"\t\t<div data-elementor-type=\"product-archive\" data-elementor-id=\"5697\" class=\"elementor elementor-5697 elementor-5694 product\" data-elementor-post-type=\"elementor_library\">\n\t\t\t\t\t<section class=\"elementor-section elementor-top-section elementor-element elementor-element-b7aae40 tstk-col-stretched-none tstk-bg-color-over-image elementor-section-boxed elementor-section-height-default elementor-section-height-default\" data-id=\"b7aae40\" data-element_type=\"section\" data-e-type=\"section\">\n\t\t\t\t\t\t<div class=\"elementor-container elementor-column-gap-default\">\n\t\t\t\t\t<div class=\"elementor-column elementor-col-100 elementor-top-column elementor-element elementor-element-39c3035 tstk-bg-color-over-image\" data-id=\"39c3035\" data-element_type=\"column\" data-e-type=\"column\">\n\t\t\t<div class=\"elementor-widget-wrap elementor-element-populated\">\n\t\t\t\t\t\t<div class=\"elementor-element elementor-element-307177f elementor-products-grid elementor-wc-products elementor-show-pagination-border-yes elementor-widget elementor-widget-wc-archive-products\" data-id=\"307177f\" data-element_type=\"widget\" data-e-type=\"widget\" data-widget_type=\"wc-archive-products.default\">\n\t\t\t\t<div class=\"elementor-widget-container\">\n\t\t\t\t\t<div class=\"elementor-nothing-found elementor-products-nothing-found\">Es scheint, dass wir nicht finden k\u00f6nnen, wonach Sie suchen.<\/div>\t\t\t\t<\/div>\n\t\t\t\t<\/div>\n\t\t\t\t\t<\/div>\n\t\t<\/div>\n\t\t\t\t\t<\/div>\n\t\t<\/section>\n\t\t\t\t<\/div>\n\t\t\n","protected":false},"excerpt":{"rendered":"","protected":false},"author":1,"featured_media":0,"parent":0,"menu_order":0,"comment_status":"closed","ping_status":"closed","template":"","meta":{"_acf_changed":false,"footnotes":""},"class_list":["post-5693","page","type-page","status-publish","hentry"],"acf":[],"yoast_head":"<!-- This site is optimized with the Yoast SEO plugin v27.0 - https:\/\/yoast.com\/product\/yoast-seo-wordpress\/ -->\n<title>\u00dcberholung des Motors direkt von Stockpage verf\u00fcgbar - NHMR<\/title>\n<meta name=\"description\" content=\"Suchen Sie nach \u00fcberholten Motoren? Unsere Motoren sind direkt ab Lager lieferbar. Pr\u00fcfen Sie noch heute, ob Ihr Fahrrad verf\u00fcgbar ist.\" \/>\n<meta name=\"robots\" content=\"index, follow, max-snippet:-1, max-image-preview:large, max-video-preview:-1\" \/>\n<link rel=\"canonical\" href=\"https:\/\/nhmr.nl\/revisie-motoren\/\" \/>\n<meta property=\"og:locale\" content=\"de_DE\" \/>\n<meta property=\"og:type\" content=\"article\" \/>\n<meta property=\"og:title\" content=\"\u00dcberholung des Motors direkt von Stockpage verf\u00fcgbar - NHMR\" \/>\n<meta property=\"og:description\" content=\"Suchen Sie nach \u00fcberholten Motoren? Unsere Motoren sind direkt ab Lager lieferbar. Pr\u00fcfen Sie noch heute, ob Ihr Fahrrad verf\u00fcgbar ist.\" \/>\n<meta property=\"og:url\" content=\"https:\/\/nhmr.nl\/revisie-motoren\/\" \/>\n<meta property=\"og:site_name\" content=\"NHMR\" \/>\n<meta property=\"article:modified_time\" content=\"2022-08-01T13:22:56+00:00\" \/>\n<meta name=\"twitter:card\" content=\"summary_large_image\" \/>\n<script type=\"application\/ld+json\" class=\"yoast-schema-graph\">{\"@context\":\"https:\/\/schema.org\",\"@graph\":[{\"@type\":\"WebPage\",\"@id\":\"https:\/\/nhmr.nl\/revisie-motoren\/\",\"url\":\"https:\/\/nhmr.nl\/revisie-motoren\/\",\"name\":\"\u00dcberholung des Motors direkt von Stockpage verf\u00fcgbar - NHMR\",\"isPartOf\":{\"@id\":\"https:\/\/nhmr.nl\/#website\"},\"datePublished\":\"2022-07-20T13:55:37+00:00\",\"dateModified\":\"2022-08-01T13:22:56+00:00\",\"description\":\"Suchen Sie nach \u00fcberholten Motoren? Unsere Motoren sind direkt ab Lager lieferbar. Pr\u00fcfen Sie noch heute, ob Ihr Fahrrad verf\u00fcgbar ist.\",\"breadcrumb\":{\"@id\":\"https:\/\/nhmr.nl\/revisie-motoren\/#breadcrumb\"},\"inLanguage\":\"de\",\"potentialAction\":[{\"@type\":\"ReadAction\",\"target\":[\"https:\/\/nhmr.nl\/revisie-motoren\/\"]}]},{\"@type\":\"BreadcrumbList\",\"@id\":\"https:\/\/nhmr.nl\/revisie-motoren\/#breadcrumb\",\"itemListElement\":[{\"@type\":\"ListItem\",\"position\":1,\"name\":\"Home\",\"item\":\"https:\/\/nhmr.nl\/de\/\"},{\"@type\":\"ListItem\",\"position\":2,\"name\":\"\u00dcberholung des Motors\"}]},{\"@type\":\"WebSite\",\"@id\":\"https:\/\/nhmr.nl\/#website\",\"url\":\"https:\/\/nhmr.nl\/\",\"name\":\"NHMR\",\"description\":\"Noord Hollandse Motoren Revisie\",\"potentialAction\":[{\"@type\":\"SearchAction\",\"target\":{\"@type\":\"EntryPoint\",\"urlTemplate\":\"https:\/\/nhmr.nl\/?s={search_term_string}\"},\"query-input\":{\"@type\":\"PropertyValueSpecification\",\"valueRequired\":true,\"valueName\":\"search_term_string\"}}],\"inLanguage\":\"de\"}]}<\/script>\n<!-- \/ Yoast SEO plugin. -->","yoast_head_json":{"title":"\u00dcberholung des Motors direkt von Stockpage verf\u00fcgbar - NHMR","description":"Suchen Sie nach \u00fcberholten Motoren? Unsere Motoren sind direkt ab Lager lieferbar. Pr\u00fcfen Sie noch heute, ob Ihr Fahrrad verf\u00fcgbar ist.","robots":{"index":"index","follow":"follow","max-snippet":"max-snippet:-1","max-image-preview":"max-image-preview:large","max-video-preview":"max-video-preview:-1"},"canonical":"https:\/\/nhmr.nl\/revisie-motoren\/","og_locale":"de_DE","og_type":"article","og_title":"\u00dcberholung des Motors direkt von Stockpage verf\u00fcgbar - NHMR","og_description":"Suchen Sie nach \u00fcberholten Motoren? Unsere Motoren sind direkt ab Lager lieferbar. Pr\u00fcfen Sie noch heute, ob Ihr Fahrrad verf\u00fcgbar ist.","og_url":"https:\/\/nhmr.nl\/revisie-motoren\/","og_site_name":"NHMR","article_modified_time":"2022-08-01T13:22:56+00:00","twitter_card":"summary_large_image","schema":{"@context":"https:\/\/schema.org","@graph":[{"@type":"WebPage","@id":"https:\/\/nhmr.nl\/revisie-motoren\/","url":"https:\/\/nhmr.nl\/revisie-motoren\/","name":"\u00dcberholung des Motors direkt von Stockpage verf\u00fcgbar - NHMR","isPartOf":{"@id":"https:\/\/nhmr.nl\/#website"},"datePublished":"2022-07-20T13:55:37+00:00","dateModified":"2022-08-01T13:22:56+00:00","description":"Suchen Sie nach \u00fcberholten Motoren? Unsere Motoren sind direkt ab Lager lieferbar. Pr\u00fcfen Sie noch heute, ob Ihr Fahrrad verf\u00fcgbar ist.","breadcrumb":{"@id":"https:\/\/nhmr.nl\/revisie-motoren\/#breadcrumb"},"inLanguage":"de","potentialAction":[{"@type":"ReadAction","target":["https:\/\/nhmr.nl\/revisie-motoren\/"]}]},{"@type":"BreadcrumbList","@id":"https:\/\/nhmr.nl\/revisie-motoren\/#breadcrumb","itemListElement":[{"@type":"ListItem","position":1,"name":"Home","item":"https:\/\/nhmr.nl\/de\/"},{"@type":"ListItem","position":2,"name":"\u00dcberholung des Motors"}]},{"@type":"WebSite","@id":"https:\/\/nhmr.nl\/#website","url":"https:\/\/nhmr.nl\/","name":"NHMR","description":"Noord Hollandse Motoren Revisie","potentialAction":[{"@type":"SearchAction","target":{"@type":"EntryPoint","urlTemplate":"https:\/\/nhmr.nl\/?s={search_term_string}"},"query-input":{"@type":"PropertyValueSpecification","valueRequired":true,"valueName":"search_term_string"}}],"inLanguage":"de"}]}},"_links":{"self":[{"href":"https:\/\/nhmr.nl\/de\/wp-json\/wp\/v2\/pages\/5693","targetHints":{"allow":["GET"]}}],"collection":[{"href":"https:\/\/nhmr.nl\/de\/wp-json\/wp\/v2\/pages"}],"about":[{"href":"https:\/\/nhmr.nl\/de\/wp-json\/wp\/v2\/types\/page"}],"author":[{"embeddable":true,"href":"https:\/\/nhmr.nl\/de\/wp-json\/wp\/v2\/users\/1"}],"replies":[{"embeddable":true,"href":"https:\/\/nhmr.nl\/de\/wp-json\/wp\/v2\/comments?post=5693"}],"version-history":[{"count":0,"href":"https:\/\/nhmr.nl\/de\/wp-json\/wp\/v2\/pages\/5693\/revisions"}],"wp:attachment":[{"href":"https:\/\/nhmr.nl\/de\/wp-json\/wp\/v2\/media?parent=5693"}],"curies":[{"name":"wp","href":"https:\/\/api.w.org\/{rel}","templated":true}]}}