{"id":5965,"date":"2022-07-21T08:27:33","date_gmt":"2022-08-01T13:44:34","guid":{"rendered":"http:\/\/nhmr.nl\/product\/fpt-iveco-motors-f34te1pv-s500\/"},"modified":"2025-11-13T13:45:09","modified_gmt":"2025-11-13T13:45:09","slug":"fpt-iveco-motors-f34te1pv-s500-2","status":"publish","type":"product","link":"https:\/\/nhmr.nl\/de\/produkt\/fpt-iveco-motors-f34te1pv-s500-2\/","title":{"rendered":"FPT Iveco Motors F34TE1PV.S500"},"content":{"rendered":"<div class=\"elementor-element elementor-element-7d17540 elementor-widget elementor-widget-text-editor\" data-id=\"7d17540\" data-element_type=\"widget\" data-widget_type=\"text-editor.default\">\n<div class=\"elementor-widget-container\">\n<p>Stehen Sie vor der Entscheidung, einen neuen Motor zu kaufen oder einen \u00fcberholten Motor? Das sollten Sie sich nat\u00fcrlich gut \u00fcberlegen. Der Preis ist einer der Hauptgr\u00fcnde f\u00fcr die Wahl eines wiederaufbereiteten Motors.<\/p>\n<p>Au\u00dferdem ist es eine nachhaltige Wahl, da der Motor wiederverwendet wird. Wir unterziehen die Motoren einem umfangreichen Testprogramm, bevor wir sie verkaufen, so dass Sie sicher sein k\u00f6nnen, dass der Motor zu 100 % funktionsf\u00e4hig ist.<\/p>\n<p>Sie m\u00f6chten keinen ganzen Motor kaufen, sondern nur ein oder mehrere Teile f\u00fcr Ihren Motor? Wir haben auch einen <a href=\"https:\/\/www.dutchengineparts.nl\/\" target=\"_blank\" rel=\"noopener\">Webshop<\/a>. Dieser Webshop ist auch f\u00fcr internationale Kunden geeignet.<\/p>\n<\/div>\n<\/div>\n","protected":false},"excerpt":{"rendered":"<div class=\"elementor-element elementor-element-ffaf9c7 elementor-widget elementor-widget-text-editor\" data-id=\"ffaf9c7\" data-element_type=\"widget\" data-widget_type=\"text-editor.default\">\n<div class=\"elementor-widget-container\">\n<div class=\"elementor-element elementor-element-f09bd43 elementor-widget elementor-widget-text-editor\" data-id=\"f09bd43\" data-element_type=\"widget\" data-widget_type=\"text-editor.default\">\n<div class=\"elementor-widget-container\">\n<div class=\"elementor-element elementor-element-9fde6f4 elementor-widget elementor-widget-text-editor\" data-id=\"9fde6f4\" data-element_type=\"widget\" data-widget_type=\"text-editor.default\">\n<div class=\"elementor-widget-container\">\n<p>Motor des Stromaggregats 60 kW, Stufe V.  <span style=\"letter-spacing: 0px;\">Noordhollandse Motorenrevisie hat einen gro\u00dfen Bestand an Austauschmotoren. Wenn Sie auf der Suche nach Motoren von FPT, Yanmar, Ingersoll Rand oder einer anderen Marke sind, sind Sie bei uns genau richtig. Eine schnelle Lieferung im Falle eines Stillstands ist somit garantiert. Noordhollandse motorenrevision steht f\u00fcr:<\/span><\/p>\n<\/div>\n<\/div>\n<\/div>\n<\/div>\n<\/div>\n<\/div>\n<p><b>Eine <\/b>kundenorientierte Einstellung mit einem ehrlichen Ansatz<br \/>\n\u2713 <b>Qualifizierte <\/b>und gut ausgebildete Fachkr\u00e4fte<br \/>\n<b>\u2713 <\/b>Umweltbewusstes, sicheres und nachhaltiges Arbeiten<\/p>\n<p>Kontaktieren Sie uns noch heute!<\/p>\n[elementor-template id=\"5743\"]\n","protected":false},"featured_media":4875,"template":"","meta":{"_acf_changed":false},"product_brand":[],"product_cat":[112],"product_tag":[],"class_list":{"0":"post-5965","1":"product","2":"type-product","3":"status-publish","4":"has-post-thumbnail","6":"product_cat-ueberholte-ftp-motoren","8":"first","9":"instock","10":"shipping-taxable","11":"product-type-simple"},"acf":[],"yoast_head":"<!-- This site is optimized with the Yoast SEO plugin v27.0 - https:\/\/yoast.com\/product\/yoast-seo-wordpress\/ -->\n<title>FPT Iveco Motors F34TE1PV.S500 - NHMR<\/title>\n<meta name=\"description\" content=\"FPT Iveco Motors F34TE1PV.S500 von Noordhollandse Motorenrevisie direkt ab Lager. Kontaktieren Sie uns noch heute.\" \/>\n<meta name=\"robots\" content=\"index, follow, max-snippet:-1, max-image-preview:large, max-video-preview:-1\" \/>\n<link rel=\"canonical\" href=\"https:\/\/nhmr.nl\/de\/produkt\/fpt-iveco-motors-f34te1pv-s500-2\/\" \/>\n<meta property=\"og:locale\" content=\"de_DE\" \/>\n<meta property=\"og:type\" content=\"article\" \/>\n<meta property=\"og:title\" content=\"FPT Iveco Motors F34TE1PV.S500 - NHMR\" \/>\n<meta property=\"og:description\" content=\"FPT Iveco Motors F34TE1PV.S500 von Noordhollandse Motorenrevisie direkt ab Lager. Kontaktieren Sie uns noch heute.\" \/>\n<meta property=\"og:url\" content=\"https:\/\/nhmr.nl\/de\/produkt\/fpt-iveco-motors-f34te1pv-s500-2\/\" \/>\n<meta property=\"og:site_name\" content=\"NHMR\" \/>\n<meta property=\"article:modified_time\" content=\"2025-11-13T13:45:09+00:00\" \/>\n<meta property=\"og:image\" content=\"https:\/\/nhmr.nl\/wp-content\/uploads\/2022\/01\/F34_01.jpg\" \/>\n\t<meta property=\"og:image:width\" content=\"800\" \/>\n\t<meta property=\"og:image:height\" content=\"600\" \/>\n\t<meta property=\"og:image:type\" content=\"image\/jpeg\" \/>\n<meta name=\"twitter:card\" content=\"summary_large_image\" \/>\n<meta name=\"twitter:label1\" content=\"Gesch\u00e4tzte Lesezeit\" \/>\n\t<meta name=\"twitter:data1\" content=\"1\u00a0Minute\" \/>\n<script type=\"application\/ld+json\" class=\"yoast-schema-graph\">{\"@context\":\"https:\/\/schema.org\",\"@graph\":[{\"@type\":\"WebPage\",\"@id\":\"https:\/\/nhmr.nl\/de\/produkt\/fpt-iveco-motors-f34te1pv-s500-2\/\",\"url\":\"https:\/\/nhmr.nl\/de\/produkt\/fpt-iveco-motors-f34te1pv-s500-2\/\",\"name\":\"FPT Iveco Motors F34TE1PV.S500 - NHMR\",\"isPartOf\":{\"@id\":\"https:\/\/nhmr.nl\/#website\"},\"primaryImageOfPage\":{\"@id\":\"https:\/\/nhmr.nl\/de\/produkt\/fpt-iveco-motors-f34te1pv-s500-2\/#primaryimage\"},\"image\":{\"@id\":\"https:\/\/nhmr.nl\/de\/produkt\/fpt-iveco-motors-f34te1pv-s500-2\/#primaryimage\"},\"thumbnailUrl\":\"https:\/\/nhmr.nl\/wp-content\/uploads\/2022\/01\/F34_01.jpg\",\"datePublished\":\"2022-08-01T13:44:34+00:00\",\"dateModified\":\"2025-11-13T13:45:09+00:00\",\"description\":\"FPT Iveco Motors F34TE1PV.S500 von Noordhollandse Motorenrevisie direkt ab Lager. Kontaktieren Sie uns noch heute.\",\"breadcrumb\":{\"@id\":\"https:\/\/nhmr.nl\/de\/produkt\/fpt-iveco-motors-f34te1pv-s500-2\/#breadcrumb\"},\"inLanguage\":\"de\",\"potentialAction\":[{\"@type\":\"ReadAction\",\"target\":[\"https:\/\/nhmr.nl\/de\/produkt\/fpt-iveco-motors-f34te1pv-s500-2\/\"]}]},{\"@type\":\"ImageObject\",\"inLanguage\":\"de\",\"@id\":\"https:\/\/nhmr.nl\/de\/produkt\/fpt-iveco-motors-f34te1pv-s500-2\/#primaryimage\",\"url\":\"https:\/\/nhmr.nl\/wp-content\/uploads\/2022\/01\/F34_01.jpg\",\"contentUrl\":\"https:\/\/nhmr.nl\/wp-content\/uploads\/2022\/01\/F34_01.jpg\",\"width\":800,\"height\":600,\"caption\":\"FPT Iveco Motors F34SE1PV.S500\"},{\"@type\":\"BreadcrumbList\",\"@id\":\"https:\/\/nhmr.nl\/de\/produkt\/fpt-iveco-motors-f34te1pv-s500-2\/#breadcrumb\",\"itemListElement\":[{\"@type\":\"ListItem\",\"position\":1,\"name\":\"Home\",\"item\":\"https:\/\/nhmr.nl\/de\/\"},{\"@type\":\"ListItem\",\"position\":2,\"name\":\"Revisie motoren\",\"item\":\"https:\/\/nhmr.nl\/revisie-motoren\/\"},{\"@type\":\"ListItem\",\"position\":3,\"name\":\"FPT Iveco Motors F34TE1PV.S500\"}]},{\"@type\":\"WebSite\",\"@id\":\"https:\/\/nhmr.nl\/#website\",\"url\":\"https:\/\/nhmr.nl\/\",\"name\":\"NHMR\",\"description\":\"Noord Hollandse Motoren Revisie\",\"potentialAction\":[{\"@type\":\"SearchAction\",\"target\":{\"@type\":\"EntryPoint\",\"urlTemplate\":\"https:\/\/nhmr.nl\/?s={search_term_string}\"},\"query-input\":{\"@type\":\"PropertyValueSpecification\",\"valueRequired\":true,\"valueName\":\"search_term_string\"}}],\"inLanguage\":\"de\"}]}<\/script>\n<!-- \/ Yoast SEO plugin. -->","yoast_head_json":{"title":"FPT Iveco Motors F34TE1PV.S500 - NHMR","description":"FPT Iveco Motors F34TE1PV.S500 von Noordhollandse Motorenrevisie direkt ab Lager. Kontaktieren Sie uns noch heute.","robots":{"index":"index","follow":"follow","max-snippet":"max-snippet:-1","max-image-preview":"max-image-preview:large","max-video-preview":"max-video-preview:-1"},"canonical":"https:\/\/nhmr.nl\/de\/produkt\/fpt-iveco-motors-f34te1pv-s500-2\/","og_locale":"de_DE","og_type":"article","og_title":"FPT Iveco Motors F34TE1PV.S500 - NHMR","og_description":"FPT Iveco Motors F34TE1PV.S500 von Noordhollandse Motorenrevisie direkt ab Lager. Kontaktieren Sie uns noch heute.","og_url":"https:\/\/nhmr.nl\/de\/produkt\/fpt-iveco-motors-f34te1pv-s500-2\/","og_site_name":"NHMR","article_modified_time":"2025-11-13T13:45:09+00:00","og_image":[{"width":800,"height":600,"url":"https:\/\/nhmr.nl\/wp-content\/uploads\/2022\/01\/F34_01.jpg","type":"image\/jpeg"}],"twitter_card":"summary_large_image","twitter_misc":{"Gesch\u00e4tzte Lesezeit":"1\u00a0Minute"},"schema":{"@context":"https:\/\/schema.org","@graph":[{"@type":"WebPage","@id":"https:\/\/nhmr.nl\/de\/produkt\/fpt-iveco-motors-f34te1pv-s500-2\/","url":"https:\/\/nhmr.nl\/de\/produkt\/fpt-iveco-motors-f34te1pv-s500-2\/","name":"FPT Iveco Motors F34TE1PV.S500 - NHMR","isPartOf":{"@id":"https:\/\/nhmr.nl\/#website"},"primaryImageOfPage":{"@id":"https:\/\/nhmr.nl\/de\/produkt\/fpt-iveco-motors-f34te1pv-s500-2\/#primaryimage"},"image":{"@id":"https:\/\/nhmr.nl\/de\/produkt\/fpt-iveco-motors-f34te1pv-s500-2\/#primaryimage"},"thumbnailUrl":"https:\/\/nhmr.nl\/wp-content\/uploads\/2022\/01\/F34_01.jpg","datePublished":"2022-08-01T13:44:34+00:00","dateModified":"2025-11-13T13:45:09+00:00","description":"FPT Iveco Motors F34TE1PV.S500 von Noordhollandse Motorenrevisie direkt ab Lager. Kontaktieren Sie uns noch heute.","breadcrumb":{"@id":"https:\/\/nhmr.nl\/de\/produkt\/fpt-iveco-motors-f34te1pv-s500-2\/#breadcrumb"},"inLanguage":"de","potentialAction":[{"@type":"ReadAction","target":["https:\/\/nhmr.nl\/de\/produkt\/fpt-iveco-motors-f34te1pv-s500-2\/"]}]},{"@type":"ImageObject","inLanguage":"de","@id":"https:\/\/nhmr.nl\/de\/produkt\/fpt-iveco-motors-f34te1pv-s500-2\/#primaryimage","url":"https:\/\/nhmr.nl\/wp-content\/uploads\/2022\/01\/F34_01.jpg","contentUrl":"https:\/\/nhmr.nl\/wp-content\/uploads\/2022\/01\/F34_01.jpg","width":800,"height":600,"caption":"FPT Iveco Motors F34SE1PV.S500"},{"@type":"BreadcrumbList","@id":"https:\/\/nhmr.nl\/de\/produkt\/fpt-iveco-motors-f34te1pv-s500-2\/#breadcrumb","itemListElement":[{"@type":"ListItem","position":1,"name":"Home","item":"https:\/\/nhmr.nl\/de\/"},{"@type":"ListItem","position":2,"name":"Revisie motoren","item":"https:\/\/nhmr.nl\/revisie-motoren\/"},{"@type":"ListItem","position":3,"name":"FPT Iveco Motors F34TE1PV.S500"}]},{"@type":"WebSite","@id":"https:\/\/nhmr.nl\/#website","url":"https:\/\/nhmr.nl\/","name":"NHMR","description":"Noord Hollandse Motoren Revisie","potentialAction":[{"@type":"SearchAction","target":{"@type":"EntryPoint","urlTemplate":"https:\/\/nhmr.nl\/?s={search_term_string}"},"query-input":{"@type":"PropertyValueSpecification","valueRequired":true,"valueName":"search_term_string"}}],"inLanguage":"de"}]}},"_links":{"self":[{"href":"https:\/\/nhmr.nl\/de\/wp-json\/wp\/v2\/product\/5965","targetHints":{"allow":["GET"]}}],"collection":[{"href":"https:\/\/nhmr.nl\/de\/wp-json\/wp\/v2\/product"}],"about":[{"href":"https:\/\/nhmr.nl\/de\/wp-json\/wp\/v2\/types\/product"}],"wp:featuredmedia":[{"embeddable":true,"href":"https:\/\/nhmr.nl\/de\/wp-json\/wp\/v2\/media\/4875"}],"wp:attachment":[{"href":"https:\/\/nhmr.nl\/de\/wp-json\/wp\/v2\/media?parent=5965"}],"wp:term":[{"taxonomy":"product_brand","embeddable":true,"href":"https:\/\/nhmr.nl\/de\/wp-json\/wp\/v2\/product_brand?post=5965"},{"taxonomy":"product_cat","embeddable":true,"href":"https:\/\/nhmr.nl\/de\/wp-json\/wp\/v2\/product_cat?post=5965"},{"taxonomy":"product_tag","embeddable":true,"href":"https:\/\/nhmr.nl\/de\/wp-json\/wp\/v2\/product_tag?post=5965"}],"curies":[{"name":"wp","href":"https:\/\/api.w.org\/{rel}","templated":true}]}}